{"id":8172,"date":"2025-10-03T16:40:01","date_gmt":"2025-10-03T14:40:01","guid":{"rendered":"https:\/\/ofertacular.com\/index.php\/producto\/calvo-atun-2\/"},"modified":"2025-10-03T16:40:01","modified_gmt":"2025-10-03T14:40:01","slug":"calvo-atun-2","status":"publish","type":"product","link":"https:\/\/ofertacular.com\/index.php\/producto\/calvo-atun-2\/","title":{"rendered":"Calvo At\u00fan"},"content":{"rendered":"<div class=\"oferta-container\">\n<p>\ud83d\udfe5 <b>AHORRA AQU\u00cd<\/b> \ud83d\udfe5 #Publicidad #Amazon #16<\/p>\n<p>\ud83d\udd34 <b>At\u00fan Calvo <\/b><\/p>\n<p>\u2705 <b>AHORA 2.94 \u20ac<\/b> \u2714\ufe0f\ud83d\udfe1<\/p>\n<p>\u274c Antes 4.52 \u20ac<\/p>\n<p>\ud83d\uded2: <a href=\"https:\/\/btz.es\/4Y9GKh1\" target=\"_blank\" rel=\"nofollow noopener\">https:\/\/btz.es\/4Y9GKh1<\/a><\/p>\n<p>Descubre la calidad y frescura del At\u00fan Calvo, una opci\u00f3n deliciosa y saludable perfecta para tus comidas. Este at\u00fan es reconocido por su sabor \u00fanico y textura suave, ideal para preparar ensaladas, bocadillos o platos gourmet. Elige At\u00fan Calvo para disfrutar de un producto premium que cumple con los m\u00e1s altos est\u00e1ndares de calidad y sostenibilidad. Mejora tus recetas y cuida tu alimentaci\u00f3n con este exquisito at\u00fan en conserva, disponible ahora a un precio especial.<\/p>\n<\/p><\/div>\n","protected":false},"excerpt":{"rendered":"<p>\ud83d\udfe5 AHORRA AQU\u00cd \ud83d\udfe5 #Publicidad #Amazon #16 \ud83d\udd34 At\u00fan Calvo \u2705 AHORA 2.94 \u20ac \u2714\ufe0f\ud83d\udfe1 \u274c Antes 4.52 \u20ac \ud83d\uded2: https:\/\/btz.es\/4Y9GKh1 Descubre la calidad y frescura del At\u00fan Calvo, una opci\u00f3n deliciosa y saludable perfecta para tus comidas. Este at\u00fan es reconocido por su sabor \u00fanico y textura suave, ideal para preparar ensaladas, bocadillos o [&hellip;]<\/p>\n","protected":false},"featured_media":8171,"template":"","meta":{"_gspb_post_css":""},"store":[],"product_brand":[],"product_cat":[16],"product_tag":[],"class_list":{"0":"post-8172","1":"product","2":"type-product","3":"status-publish","4":"has-post-thumbnail","6":"product_cat-sin-categorizar","8":"first","9":"instock","10":"sale","11":"shipping-taxable","12":"product-type-external"},"jetpack_sharing_enabled":true,"_links":{"self":[{"href":"https:\/\/ofertacular.com\/index.php\/wp-json\/wp\/v2\/product\/8172","targetHints":{"allow":["GET"]}}],"collection":[{"href":"https:\/\/ofertacular.com\/index.php\/wp-json\/wp\/v2\/product"}],"about":[{"href":"https:\/\/ofertacular.com\/index.php\/wp-json\/wp\/v2\/types\/product"}],"wp:featuredmedia":[{"embeddable":true,"href":"https:\/\/ofertacular.com\/index.php\/wp-json\/wp\/v2\/media\/8171"}],"wp:attachment":[{"href":"https:\/\/ofertacular.com\/index.php\/wp-json\/wp\/v2\/media?parent=8172"}],"wp:term":[{"taxonomy":"store","embeddable":true,"href":"https:\/\/ofertacular.com\/index.php\/wp-json\/wp\/v2\/store?post=8172"},{"taxonomy":"product_brand","embeddable":true,"href":"https:\/\/ofertacular.com\/index.php\/wp-json\/wp\/v2\/product_brand?post=8172"},{"taxonomy":"product_cat","embeddable":true,"href":"https:\/\/ofertacular.com\/index.php\/wp-json\/wp\/v2\/product_cat?post=8172"},{"taxonomy":"product_tag","embeddable":true,"href":"https:\/\/ofertacular.com\/index.php\/wp-json\/wp\/v2\/product_tag?post=8172"}],"curies":[{"name":"wp","href":"https:\/\/api.w.org\/{rel}","templated":true}]}}