{"id":8180,"date":"2025-10-06T08:08:11","date_gmt":"2025-10-06T06:08:11","guid":{"rendered":"https:\/\/ofertacular.com\/index.php\/producto\/barbacoa-carbon\/"},"modified":"2025-10-06T08:08:11","modified_gmt":"2025-10-06T06:08:11","slug":"barbacoa-carbon","status":"publish","type":"product","link":"https:\/\/ofertacular.com\/index.php\/producto\/barbacoa-carbon\/","title":{"rendered":"Barbacoa Carb\u00f3n"},"content":{"rendered":"<div class=\"oferta-container\">\n<p>\ud83d\udfe5 <b>EXCLUSIVO<\/b> \ud83d\udfe5 #Publicidad #Amazon #16<\/p>\n<p>\ud83d\udd34 <b>Barbacoa Carb\u00f3n <\/b><\/p>\n<p>\u2705 <b>AHORA 39.95 \u20ac<\/b> \u2714\ufe0f\ud83d\udfe1<\/p>\n<p>\u274c Antes 99.95 \u20ac<\/p>\n<p>\ud83d\uded2: <a href=\"https:\/\/btz.es\/4YPj3bO\" target=\"_blank\" rel=\"nofollow noopener\">https:\/\/btz.es\/4YPj3bO<\/a><\/p>\n<p>Descubre la mejor barbacoa de carb\u00f3n para disfrutar de irresistibles parrilladas al aire libre. Nuestra barbacoa de carb\u00f3n combina dise\u00f1o robusto y funcionalidad para ofrecer una cocci\u00f3n uniforme y un sabor aut\u00e9ntico a tus comidas. Ideal para reuniones familiares y eventos al aire libre, es f\u00e1cil de usar y mantener. Encuentra la barbacoa perfecta que har\u00e1 de cada asado una experiencia memorable.<\/p>\n<\/p><\/div>\n","protected":false},"excerpt":{"rendered":"<p>\ud83d\udfe5 EXCLUSIVO \ud83d\udfe5 #Publicidad #Amazon #16 \ud83d\udd34 Barbacoa Carb\u00f3n \u2705 AHORA 39.95 \u20ac \u2714\ufe0f\ud83d\udfe1 \u274c Antes 99.95 \u20ac \ud83d\uded2: https:\/\/btz.es\/4YPj3bO Descubre la mejor barbacoa de carb\u00f3n para disfrutar de irresistibles parrilladas al aire libre. Nuestra barbacoa de carb\u00f3n combina dise\u00f1o robusto y funcionalidad para ofrecer una cocci\u00f3n uniforme y un sabor aut\u00e9ntico a tus comidas. [&hellip;]<\/p>\n","protected":false},"featured_media":8179,"template":"","meta":{"_gspb_post_css":""},"store":[],"product_brand":[],"product_cat":[16],"product_tag":[],"class_list":{"0":"post-8180","1":"product","2":"type-product","3":"status-publish","4":"has-post-thumbnail","6":"product_cat-sin-categorizar","8":"first","9":"instock","10":"sale","11":"shipping-taxable","12":"product-type-external"},"jetpack_sharing_enabled":true,"_links":{"self":[{"href":"https:\/\/ofertacular.com\/index.php\/wp-json\/wp\/v2\/product\/8180","targetHints":{"allow":["GET"]}}],"collection":[{"href":"https:\/\/ofertacular.com\/index.php\/wp-json\/wp\/v2\/product"}],"about":[{"href":"https:\/\/ofertacular.com\/index.php\/wp-json\/wp\/v2\/types\/product"}],"wp:featuredmedia":[{"embeddable":true,"href":"https:\/\/ofertacular.com\/index.php\/wp-json\/wp\/v2\/media\/8179"}],"wp:attachment":[{"href":"https:\/\/ofertacular.com\/index.php\/wp-json\/wp\/v2\/media?parent=8180"}],"wp:term":[{"taxonomy":"store","embeddable":true,"href":"https:\/\/ofertacular.com\/index.php\/wp-json\/wp\/v2\/store?post=8180"},{"taxonomy":"product_brand","embeddable":true,"href":"https:\/\/ofertacular.com\/index.php\/wp-json\/wp\/v2\/product_brand?post=8180"},{"taxonomy":"product_cat","embeddable":true,"href":"https:\/\/ofertacular.com\/index.php\/wp-json\/wp\/v2\/product_cat?post=8180"},{"taxonomy":"product_tag","embeddable":true,"href":"https:\/\/ofertacular.com\/index.php\/wp-json\/wp\/v2\/product_tag?post=8180"}],"curies":[{"name":"wp","href":"https:\/\/api.w.org\/{rel}","templated":true}]}}