{"id":8184,"date":"2025-10-06T08:37:38","date_gmt":"2025-10-06T06:37:38","guid":{"rendered":"https:\/\/ofertacular.com\/index.php\/producto\/datatraveler-70\/"},"modified":"2025-10-06T08:37:38","modified_gmt":"2025-10-06T06:37:38","slug":"datatraveler-70","status":"publish","type":"product","link":"https:\/\/ofertacular.com\/index.php\/producto\/datatraveler-70\/","title":{"rendered":"DataTraveler 70"},"content":{"rendered":"<div class=\"oferta-container\">\n<p>\ud83d\udfe5 <b>\u00a1DESCUENTO \u00daNICO!<\/b> \ud83d\udfe5 #Publicidad #Amazon #16<\/p>\n<p>\ud83d\udd34 <b>USB 3.0 <\/b><\/p>\n<p>\u2705 <b>AHORA 6.99 \u20ac<\/b> \u2714\ufe0f\ud83d\udfe1<\/p>\n<p>\u274c Antes 8.99 \u20ac<\/p>\n<p>\ud83d\uded2: <a href=\"https:\/\/btz.es\/4YPqSud\" target=\"_blank\" rel=\"nofollow noopener\">https:\/\/btz.es\/4YPqSud<\/a><\/p>\n<p>Descubre la memoria USB DataTraveler 70, dise\u00f1ada para ofrecer un almacenamiento seguro y r\u00e1pido con tecnolog\u00eda USB 3.0. Esta unidad flash es ideal para transferencias de datos fiables y veloces, compatible con m\u00faltiples dispositivos. Perfecta para profesionales y usuarios que buscan eficiencia y durabilidad en sus herramientas de almacenamiento port\u00e1til. Obt\u00e9n la mejor experiencia de conectividad y almacenamiento con Kingston, l\u00edder en soluciones tecnol\u00f3gicas.<\/p>\n<\/p><\/div>\n","protected":false},"excerpt":{"rendered":"<p>\ud83d\udfe5 \u00a1DESCUENTO \u00daNICO! \ud83d\udfe5 #Publicidad #Amazon #16 \ud83d\udd34 USB 3.0 \u2705 AHORA 6.99 \u20ac \u2714\ufe0f\ud83d\udfe1 \u274c Antes 8.99 \u20ac \ud83d\uded2: https:\/\/btz.es\/4YPqSud Descubre la memoria USB DataTraveler 70, dise\u00f1ada para ofrecer un almacenamiento seguro y r\u00e1pido con tecnolog\u00eda USB 3.0. Esta unidad flash es ideal para transferencias de datos fiables y veloces, compatible con m\u00faltiples dispositivos. [&hellip;]<\/p>\n","protected":false},"featured_media":8183,"template":"","meta":{"_gspb_post_css":""},"store":[],"product_brand":[],"product_cat":[16],"product_tag":[],"class_list":{"0":"post-8184","1":"product","2":"type-product","3":"status-publish","4":"has-post-thumbnail","6":"product_cat-sin-categorizar","8":"first","9":"instock","10":"sale","11":"shipping-taxable","12":"product-type-external"},"jetpack_sharing_enabled":true,"_links":{"self":[{"href":"https:\/\/ofertacular.com\/index.php\/wp-json\/wp\/v2\/product\/8184","targetHints":{"allow":["GET"]}}],"collection":[{"href":"https:\/\/ofertacular.com\/index.php\/wp-json\/wp\/v2\/product"}],"about":[{"href":"https:\/\/ofertacular.com\/index.php\/wp-json\/wp\/v2\/types\/product"}],"wp:featuredmedia":[{"embeddable":true,"href":"https:\/\/ofertacular.com\/index.php\/wp-json\/wp\/v2\/media\/8183"}],"wp:attachment":[{"href":"https:\/\/ofertacular.com\/index.php\/wp-json\/wp\/v2\/media?parent=8184"}],"wp:term":[{"taxonomy":"store","embeddable":true,"href":"https:\/\/ofertacular.com\/index.php\/wp-json\/wp\/v2\/store?post=8184"},{"taxonomy":"product_brand","embeddable":true,"href":"https:\/\/ofertacular.com\/index.php\/wp-json\/wp\/v2\/product_brand?post=8184"},{"taxonomy":"product_cat","embeddable":true,"href":"https:\/\/ofertacular.com\/index.php\/wp-json\/wp\/v2\/product_cat?post=8184"},{"taxonomy":"product_tag","embeddable":true,"href":"https:\/\/ofertacular.com\/index.php\/wp-json\/wp\/v2\/product_tag?post=8184"}],"curies":[{"name":"wp","href":"https:\/\/api.w.org\/{rel}","templated":true}]}}