{"id":8190,"date":"2025-10-06T10:40:32","date_gmt":"2025-10-06T08:40:32","guid":{"rendered":"https:\/\/ofertacular.com\/index.php\/producto\/aceite-monodosis\/"},"modified":"2025-10-06T10:40:32","modified_gmt":"2025-10-06T08:40:32","slug":"aceite-monodosis","status":"publish","type":"product","link":"https:\/\/ofertacular.com\/index.php\/producto\/aceite-monodosis\/","title":{"rendered":"Aceite Monodosis"},"content":{"rendered":"<div class=\"oferta-container\">\n<p>\ud83d\udfe5 <b>DESCUENTO<\/b> \ud83d\udfe5 #Publicidad #Amazon #16<\/p>\n<p>\ud83d\udd34 <b>Aceite Monodosis <\/b><\/p>\n<p>\u2705 <b>AHORA 1.19 \u20ac<\/b> \u2714\ufe0f\ud83d\udfe1<\/p>\n<p>\u274c Antes 2.11 \u20ac<\/p>\n<p>\ud83d\uded2: <a href=\"https:\/\/btz.es\/4YPLOPR\" target=\"_blank\" rel=\"nofollow noopener\">https:\/\/btz.es\/4YPLOPR<\/a><\/p>\n<p>Descubre nuestro aceite en monodosis, la soluci\u00f3n pr\u00e1ctica y c\u00f3moda para a\u00f1adir frescura y sabor a tus platos en cualquier lugar. Ideal para una porci\u00f3n controlada, este aceite garantiza calidad y frescura en cada dosis, perfecto para restaurantes, eventos o uso personal. Optimiza tu experiencia culinaria con un producto dise\u00f1ado para facilitarte la vida, manteniendo las propiedades y el aroma del aceite de alta calidad.<\/p>\n<\/p><\/div>\n","protected":false},"excerpt":{"rendered":"<p>\ud83d\udfe5 DESCUENTO \ud83d\udfe5 #Publicidad #Amazon #16 \ud83d\udd34 Aceite Monodosis \u2705 AHORA 1.19 \u20ac \u2714\ufe0f\ud83d\udfe1 \u274c Antes 2.11 \u20ac \ud83d\uded2: https:\/\/btz.es\/4YPLOPR Descubre nuestro aceite en monodosis, la soluci\u00f3n pr\u00e1ctica y c\u00f3moda para a\u00f1adir frescura y sabor a tus platos en cualquier lugar. Ideal para una porci\u00f3n controlada, este aceite garantiza calidad y frescura en cada dosis, [&hellip;]<\/p>\n","protected":false},"featured_media":8189,"template":"","meta":{"_gspb_post_css":""},"store":[],"product_brand":[],"product_cat":[16],"product_tag":[],"class_list":{"0":"post-8190","1":"product","2":"type-product","3":"status-publish","4":"has-post-thumbnail","6":"product_cat-sin-categorizar","8":"first","9":"instock","10":"sale","11":"shipping-taxable","12":"product-type-external"},"jetpack_sharing_enabled":true,"_links":{"self":[{"href":"https:\/\/ofertacular.com\/index.php\/wp-json\/wp\/v2\/product\/8190","targetHints":{"allow":["GET"]}}],"collection":[{"href":"https:\/\/ofertacular.com\/index.php\/wp-json\/wp\/v2\/product"}],"about":[{"href":"https:\/\/ofertacular.com\/index.php\/wp-json\/wp\/v2\/types\/product"}],"wp:featuredmedia":[{"embeddable":true,"href":"https:\/\/ofertacular.com\/index.php\/wp-json\/wp\/v2\/media\/8189"}],"wp:attachment":[{"href":"https:\/\/ofertacular.com\/index.php\/wp-json\/wp\/v2\/media?parent=8190"}],"wp:term":[{"taxonomy":"store","embeddable":true,"href":"https:\/\/ofertacular.com\/index.php\/wp-json\/wp\/v2\/store?post=8190"},{"taxonomy":"product_brand","embeddable":true,"href":"https:\/\/ofertacular.com\/index.php\/wp-json\/wp\/v2\/product_brand?post=8190"},{"taxonomy":"product_cat","embeddable":true,"href":"https:\/\/ofertacular.com\/index.php\/wp-json\/wp\/v2\/product_cat?post=8190"},{"taxonomy":"product_tag","embeddable":true,"href":"https:\/\/ofertacular.com\/index.php\/wp-json\/wp\/v2\/product_tag?post=8190"}],"curies":[{"name":"wp","href":"https:\/\/api.w.org\/{rel}","templated":true}]}}