{"id":8192,"date":"2025-10-06T10:42:52","date_gmt":"2025-10-06T08:42:52","guid":{"rendered":"https:\/\/ofertacular.com\/index.php\/producto\/cecotec-airfryer-7\/"},"modified":"2025-10-06T10:42:52","modified_gmt":"2025-10-06T08:42:52","slug":"cecotec-airfryer-7","status":"publish","type":"product","link":"https:\/\/ofertacular.com\/index.php\/producto\/cecotec-airfryer-7\/","title":{"rendered":"Cecotec Airfryer"},"content":{"rendered":"<div class=\"oferta-container\">\n<p>\ud83d\udfe5 <b>\u00a1APROVECHA!<\/b> \ud83d\udfe5 #Publicidad #Amazon #16<\/p>\n<p>\ud83d\udd34 <b>Freidora Aire <\/b><\/p>\n<p>\u2705 <b>AHORA 39.33 \u20ac<\/b> \u2714\ufe0f\ud83d\udfe1<\/p>\n<p>\u274c Antes 73.89 \u20ac<\/p>\n<p>\ud83d\uded2: <a href=\"https:\/\/btz.es\/4YPMzkS\" target=\"_blank\" rel=\"nofollow noopener\">https:\/\/btz.es\/4YPMzkS<\/a><\/p>\n<p>Descubre la revolucionaria Freidora de Aire Cecotec, el electrodom\u00e9stico ideal para cocinar de manera saludable y r\u00e1pida. Gracias a su tecnolog\u00eda avanzada, puedes disfrutar de tus alimentos favoritos con menos aceite, manteniendo sabor y textura crujiente. Perfecta para personas que buscan una cocina pr\u00e1ctica, eficiente y libre de grasas en exceso. Optimiza tu tiempo y cuida tu salud con Cecotec Airfryer, la freidora que se adapta a tu estilo de vida moderno.<\/p>\n<\/p><\/div>\n","protected":false},"excerpt":{"rendered":"<p>\ud83d\udfe5 \u00a1APROVECHA! \ud83d\udfe5 #Publicidad #Amazon #16 \ud83d\udd34 Freidora Aire \u2705 AHORA 39.33 \u20ac \u2714\ufe0f\ud83d\udfe1 \u274c Antes 73.89 \u20ac \ud83d\uded2: https:\/\/btz.es\/4YPMzkS Descubre la revolucionaria Freidora de Aire Cecotec, el electrodom\u00e9stico ideal para cocinar de manera saludable y r\u00e1pida. Gracias a su tecnolog\u00eda avanzada, puedes disfrutar de tus alimentos favoritos con menos aceite, manteniendo sabor y textura [&hellip;]<\/p>\n","protected":false},"featured_media":8191,"template":"","meta":{"_gspb_post_css":""},"store":[],"product_brand":[],"product_cat":[16],"product_tag":[],"class_list":{"0":"post-8192","1":"product","2":"type-product","3":"status-publish","4":"has-post-thumbnail","6":"product_cat-sin-categorizar","8":"first","9":"instock","10":"sale","11":"shipping-taxable","12":"product-type-external"},"jetpack_sharing_enabled":true,"_links":{"self":[{"href":"https:\/\/ofertacular.com\/index.php\/wp-json\/wp\/v2\/product\/8192","targetHints":{"allow":["GET"]}}],"collection":[{"href":"https:\/\/ofertacular.com\/index.php\/wp-json\/wp\/v2\/product"}],"about":[{"href":"https:\/\/ofertacular.com\/index.php\/wp-json\/wp\/v2\/types\/product"}],"wp:featuredmedia":[{"embeddable":true,"href":"https:\/\/ofertacular.com\/index.php\/wp-json\/wp\/v2\/media\/8191"}],"wp:attachment":[{"href":"https:\/\/ofertacular.com\/index.php\/wp-json\/wp\/v2\/media?parent=8192"}],"wp:term":[{"taxonomy":"store","embeddable":true,"href":"https:\/\/ofertacular.com\/index.php\/wp-json\/wp\/v2\/store?post=8192"},{"taxonomy":"product_brand","embeddable":true,"href":"https:\/\/ofertacular.com\/index.php\/wp-json\/wp\/v2\/product_brand?post=8192"},{"taxonomy":"product_cat","embeddable":true,"href":"https:\/\/ofertacular.com\/index.php\/wp-json\/wp\/v2\/product_cat?post=8192"},{"taxonomy":"product_tag","embeddable":true,"href":"https:\/\/ofertacular.com\/index.php\/wp-json\/wp\/v2\/product_tag?post=8192"}],"curies":[{"name":"wp","href":"https:\/\/api.w.org\/{rel}","templated":true}]}}