{"id":8217,"date":"2025-10-07T07:38:07","date_gmt":"2025-10-07T05:38:07","guid":{"rendered":"https:\/\/ofertacular.com\/index.php\/producto\/xiaomi-tv-6\/"},"modified":"2025-10-07T07:38:07","modified_gmt":"2025-10-07T05:38:07","slug":"xiaomi-tv-6","status":"publish","type":"product","link":"https:\/\/ofertacular.com\/index.php\/producto\/xiaomi-tv-6\/","title":{"rendered":"XIAOMI TV"},"content":{"rendered":"<div class=\"oferta-container\">\ud83d\udfea <b>FUNKO PRECIO<\/b> \ud83d\udfea #Publicidad #Amazon\ud83d\udfe3 <b> Funko POP! Xiaomi Large Smart TV<\/b> \u2705 <b>AHORA 499 \u20ac<\/b> \u2714\ufe0f\ud83d\udfe1\u274c Antes 669.00 \u20ac \u20ac \ud83d\uded2: https:\/\/btz.es\/4YUS0c3\ud83d\udfe2 Ofertacular.com<\/p>\n<p>Descubre el Funko POP! Xiaomi Large Smart TV, un art\u00edculo imprescindible para los fan\u00e1ticos de la tecnolog\u00eda y el entretenimiento moderno. Esta pieza exclusiva representa a la ic\u00f3nica televisi\u00f3n inteligente de Xiaomi, conocida por su calidad de imagen excepcional y funcionalidades avanzadas. Ideal para coleccionistas y amantes de los dispositivos inteligentes, este funko combina estilo y tecnolog\u00eda en un dise\u00f1o compacto y detallado. A\u00f1ade a tu colecci\u00f3n este funko \u00fanico que celebra la innovaci\u00f3n en el mundo del entretenimiento digital. Perfecto para regalar o para exhibir en tu hogar u oficina, el Funko POP! Xiaomi Large Smart TV es el complemento perfecto para los entusiastas del cine y la tecnolog\u00eda.<\/p>\n<\/div>\n","protected":false},"excerpt":{"rendered":"<p>\ud83d\udfea FUNKO PRECIO \ud83d\udfea #Publicidad #Amazon\ud83d\udfe3 Funko POP! Xiaomi Large Smart TV \u2705 AHORA 499 \u20ac \u2714\ufe0f\ud83d\udfe1\u274c Antes 669.00 \u20ac \u20ac \ud83d\uded2: https:\/\/btz.es\/4YUS0c3\ud83d\udfe2 Ofertacular.com Descubre el Funko POP! Xiaomi Large Smart TV, un art\u00edculo imprescindible para los fan\u00e1ticos de la tecnolog\u00eda y el entretenimiento moderno. Esta pieza exclusiva representa a la ic\u00f3nica televisi\u00f3n inteligente de [&hellip;]<\/p>\n","protected":false},"featured_media":8216,"template":"","meta":{"_gspb_post_css":""},"store":[],"product_brand":[],"product_cat":[16],"product_tag":[],"class_list":{"0":"post-8217","1":"product","2":"type-product","3":"status-publish","4":"has-post-thumbnail","6":"product_cat-sin-categorizar","8":"first","9":"instock","10":"sale","11":"shipping-taxable","12":"product-type-external"},"jetpack_sharing_enabled":true,"_links":{"self":[{"href":"https:\/\/ofertacular.com\/index.php\/wp-json\/wp\/v2\/product\/8217","targetHints":{"allow":["GET"]}}],"collection":[{"href":"https:\/\/ofertacular.com\/index.php\/wp-json\/wp\/v2\/product"}],"about":[{"href":"https:\/\/ofertacular.com\/index.php\/wp-json\/wp\/v2\/types\/product"}],"wp:featuredmedia":[{"embeddable":true,"href":"https:\/\/ofertacular.com\/index.php\/wp-json\/wp\/v2\/media\/8216"}],"wp:attachment":[{"href":"https:\/\/ofertacular.com\/index.php\/wp-json\/wp\/v2\/media?parent=8217"}],"wp:term":[{"taxonomy":"store","embeddable":true,"href":"https:\/\/ofertacular.com\/index.php\/wp-json\/wp\/v2\/store?post=8217"},{"taxonomy":"product_brand","embeddable":true,"href":"https:\/\/ofertacular.com\/index.php\/wp-json\/wp\/v2\/product_brand?post=8217"},{"taxonomy":"product_cat","embeddable":true,"href":"https:\/\/ofertacular.com\/index.php\/wp-json\/wp\/v2\/product_cat?post=8217"},{"taxonomy":"product_tag","embeddable":true,"href":"https:\/\/ofertacular.com\/index.php\/wp-json\/wp\/v2\/product_tag?post=8217"}],"curies":[{"name":"wp","href":"https:\/\/api.w.org\/{rel}","templated":true}]}}