{"id":8223,"date":"2025-10-07T09:59:57","date_gmt":"2025-10-07T07:59:57","guid":{"rendered":"https:\/\/ofertacular.com\/index.php\/producto\/levis-jeans-2\/"},"modified":"2025-10-07T09:59:57","modified_gmt":"2025-10-07T07:59:57","slug":"levis-jeans-2","status":"publish","type":"product","link":"https:\/\/ofertacular.com\/index.php\/producto\/levis-jeans-2\/","title":{"rendered":"Levi&#8217;s Jeans"},"content":{"rendered":"<div class=\"oferta-container\">\n<p>\ud83d\udfe5 <b>DESCUENTAZO<\/b> \ud83d\udfe5 #Publicidad #Amazon #16<\/p>\n<p>\ud83d\udd34 <b>Jeans Levi&#8217;s <\/b><\/p>\n<p>\u2705 <b>AHORA 37.94 \u20ac<\/b> \u2714\ufe0f\ud83d\udfe1<\/p>\n<p>\u274c Antes 90.00 \u20ac<\/p>\n<p>\ud83d\uded2: <a href=\"https:\/\/btz.es\/4YV2ejM\" target=\"_blank\" rel=\"nofollow noopener\">https:\/\/btz.es\/4YV2ejM<\/a><\/p>\n<p>Descubre la ic\u00f3nica calidad y estilo de los Jeans Levi&#8217;s, dise\u00f1ados para ofrecer un ajuste perfecto y durabilidad incomparable. Ideales para cualquier ocasi\u00f3n, estos jeans combinan moda y comodidad, realzando tu look con autenticidad y tendencia. \u00a1Renueva tu guardarropa con Levi&#8217;s, la marca l\u00edder en moda denim!<\/p>\n<\/p><\/div>\n","protected":false},"excerpt":{"rendered":"<p>\ud83d\udfe5 DESCUENTAZO \ud83d\udfe5 #Publicidad #Amazon #16 \ud83d\udd34 Jeans Levi&#8217;s \u2705 AHORA 37.94 \u20ac \u2714\ufe0f\ud83d\udfe1 \u274c Antes 90.00 \u20ac \ud83d\uded2: https:\/\/btz.es\/4YV2ejM Descubre la ic\u00f3nica calidad y estilo de los Jeans Levi&#8217;s, dise\u00f1ados para ofrecer un ajuste perfecto y durabilidad incomparable. Ideales para cualquier ocasi\u00f3n, estos jeans combinan moda y comodidad, realzando tu look con autenticidad y [&hellip;]<\/p>\n","protected":false},"featured_media":8222,"template":"","meta":{"_gspb_post_css":""},"store":[],"product_brand":[],"product_cat":[16],"product_tag":[],"class_list":{"0":"post-8223","1":"product","2":"type-product","3":"status-publish","4":"has-post-thumbnail","6":"product_cat-sin-categorizar","8":"first","9":"instock","10":"sale","11":"shipping-taxable","12":"product-type-external"},"jetpack_sharing_enabled":true,"_links":{"self":[{"href":"https:\/\/ofertacular.com\/index.php\/wp-json\/wp\/v2\/product\/8223","targetHints":{"allow":["GET"]}}],"collection":[{"href":"https:\/\/ofertacular.com\/index.php\/wp-json\/wp\/v2\/product"}],"about":[{"href":"https:\/\/ofertacular.com\/index.php\/wp-json\/wp\/v2\/types\/product"}],"wp:featuredmedia":[{"embeddable":true,"href":"https:\/\/ofertacular.com\/index.php\/wp-json\/wp\/v2\/media\/8222"}],"wp:attachment":[{"href":"https:\/\/ofertacular.com\/index.php\/wp-json\/wp\/v2\/media?parent=8223"}],"wp:term":[{"taxonomy":"store","embeddable":true,"href":"https:\/\/ofertacular.com\/index.php\/wp-json\/wp\/v2\/store?post=8223"},{"taxonomy":"product_brand","embeddable":true,"href":"https:\/\/ofertacular.com\/index.php\/wp-json\/wp\/v2\/product_brand?post=8223"},{"taxonomy":"product_cat","embeddable":true,"href":"https:\/\/ofertacular.com\/index.php\/wp-json\/wp\/v2\/product_cat?post=8223"},{"taxonomy":"product_tag","embeddable":true,"href":"https:\/\/ofertacular.com\/index.php\/wp-json\/wp\/v2\/product_tag?post=8223"}],"curies":[{"name":"wp","href":"https:\/\/api.w.org\/{rel}","templated":true}]}}