{"id":8233,"date":"2025-10-07T11:19:22","date_gmt":"2025-10-07T09:19:22","guid":{"rendered":"https:\/\/ofertacular.com\/index.php\/producto\/lenovo-ideapad-2\/"},"modified":"2025-10-07T11:19:22","modified_gmt":"2025-10-07T09:19:22","slug":"lenovo-ideapad-2","status":"publish","type":"product","link":"https:\/\/ofertacular.com\/index.php\/producto\/lenovo-ideapad-2\/","title":{"rendered":"Lenovo IdeaPad"},"content":{"rendered":"<div class=\"oferta-container\">\n<p>\ud83d\udfe5 <b>\u00a1S\u00d3LO HOY!<\/b> \ud83d\udfe5 #Publicidad #Amazon #16<\/p>\n<p>\ud83d\udd34 <b>Port\u00e1til Lenovo <\/b><\/p>\n<p>\u2705 <b>AHORA 249 \u20ac<\/b> \u2714\ufe0f\ud83d\udfe1<\/p>\n<p>\u274c Antes 379.00 \u20ac<\/p>\n<p>\ud83d\uded2: <a href=\"https:\/\/btz.es\/4YVMhy7\" target=\"_blank\" rel=\"nofollow noopener\">https:\/\/btz.es\/4YVMhy7<\/a><\/p>\n<p>Descubre el Lenovo IdeaPad, un port\u00e1til dise\u00f1ado para ofrecer un rendimiento excepcional y una experiencia inform\u00e1tica fluida. Ideal para estudiantes y profesionales, cuenta con tecnolog\u00eda avanzada que garantiza rapidez y eficiencia en cada tarea. Optimizado para uso diario, este equipo combina elegancia y funcionalidad en un dise\u00f1o moderno y resistente. El Lenovo IdeaPad es la elecci\u00f3n perfecta para quienes buscan calidad y versatilidad en un solo dispositivo.<\/p>\n<\/p><\/div>\n","protected":false},"excerpt":{"rendered":"<p>\ud83d\udfe5 \u00a1S\u00d3LO HOY! \ud83d\udfe5 #Publicidad #Amazon #16 \ud83d\udd34 Port\u00e1til Lenovo \u2705 AHORA 249 \u20ac \u2714\ufe0f\ud83d\udfe1 \u274c Antes 379.00 \u20ac \ud83d\uded2: https:\/\/btz.es\/4YVMhy7 Descubre el Lenovo IdeaPad, un port\u00e1til dise\u00f1ado para ofrecer un rendimiento excepcional y una experiencia inform\u00e1tica fluida. Ideal para estudiantes y profesionales, cuenta con tecnolog\u00eda avanzada que garantiza rapidez y eficiencia en cada tarea. [&hellip;]<\/p>\n","protected":false},"featured_media":8232,"template":"","meta":{"_gspb_post_css":""},"store":[],"product_brand":[],"product_cat":[16],"product_tag":[],"class_list":{"0":"post-8233","1":"product","2":"type-product","3":"status-publish","4":"has-post-thumbnail","6":"product_cat-sin-categorizar","8":"first","9":"instock","10":"sale","11":"shipping-taxable","12":"product-type-external"},"jetpack_sharing_enabled":true,"_links":{"self":[{"href":"https:\/\/ofertacular.com\/index.php\/wp-json\/wp\/v2\/product\/8233","targetHints":{"allow":["GET"]}}],"collection":[{"href":"https:\/\/ofertacular.com\/index.php\/wp-json\/wp\/v2\/product"}],"about":[{"href":"https:\/\/ofertacular.com\/index.php\/wp-json\/wp\/v2\/types\/product"}],"wp:featuredmedia":[{"embeddable":true,"href":"https:\/\/ofertacular.com\/index.php\/wp-json\/wp\/v2\/media\/8232"}],"wp:attachment":[{"href":"https:\/\/ofertacular.com\/index.php\/wp-json\/wp\/v2\/media?parent=8233"}],"wp:term":[{"taxonomy":"store","embeddable":true,"href":"https:\/\/ofertacular.com\/index.php\/wp-json\/wp\/v2\/store?post=8233"},{"taxonomy":"product_brand","embeddable":true,"href":"https:\/\/ofertacular.com\/index.php\/wp-json\/wp\/v2\/product_brand?post=8233"},{"taxonomy":"product_cat","embeddable":true,"href":"https:\/\/ofertacular.com\/index.php\/wp-json\/wp\/v2\/product_cat?post=8233"},{"taxonomy":"product_tag","embeddable":true,"href":"https:\/\/ofertacular.com\/index.php\/wp-json\/wp\/v2\/product_tag?post=8233"}],"curies":[{"name":"wp","href":"https:\/\/api.w.org\/{rel}","templated":true}]}}