{"id":8237,"date":"2025-10-07T11:35:34","date_gmt":"2025-10-07T09:35:34","guid":{"rendered":"https:\/\/ofertacular.com\/index.php\/producto\/amstel-radler-2\/"},"modified":"2025-10-07T11:35:34","modified_gmt":"2025-10-07T09:35:34","slug":"amstel-radler-2","status":"publish","type":"product","link":"https:\/\/ofertacular.com\/index.php\/producto\/amstel-radler-2\/","title":{"rendered":"Amstel Radler"},"content":{"rendered":"<div class=\"oferta-container\">\n<p>\ud83d\udfe5 <b>DESCUENTAZO<\/b> \ud83d\udfe5 #Publicidad #Amazon #16<\/p>\n<p>\ud83d\udd34 <b>Radler Amstel <\/b><\/p>\n<p>\u2705 <b>AHORA 5.74 \u20ac<\/b> \u2714\ufe0f\ud83d\udfe1<\/p>\n<p>\u274c Antes 8.99 \u20ac<\/p>\n<p>\ud83d\uded2: <a href=\"https:\/\/btz.es\/4YVQm0O\" target=\"_blank\" rel=\"nofollow noopener\">https:\/\/btz.es\/4YVQm0O<\/a><\/p>\n<p>Descubre el sabor refrescante y suave de Amstel Radler, la perfecta combinaci\u00f3n de cerveza Amstel con un toque natural de lim\u00f3n. Ideal para disfrutar en cualquier ocasi\u00f3n, Amstel Radler ofrece una experiencia \u00fanica que combina la tradici\u00f3n cervecera con un sabor ligero y afrutado. Perfecta para los amantes de bebidas refrescantes y bajas en alcohol, esta bebida se posiciona como la elecci\u00f3n favorita en d\u00edas c\u00e1lidos y momentos de relax.<\/p>\n<\/p><\/div>\n","protected":false},"excerpt":{"rendered":"<p>\ud83d\udfe5 DESCUENTAZO \ud83d\udfe5 #Publicidad #Amazon #16 \ud83d\udd34 Radler Amstel \u2705 AHORA 5.74 \u20ac \u2714\ufe0f\ud83d\udfe1 \u274c Antes 8.99 \u20ac \ud83d\uded2: https:\/\/btz.es\/4YVQm0O Descubre el sabor refrescante y suave de Amstel Radler, la perfecta combinaci\u00f3n de cerveza Amstel con un toque natural de lim\u00f3n. Ideal para disfrutar en cualquier ocasi\u00f3n, Amstel Radler ofrece una experiencia \u00fanica que combina [&hellip;]<\/p>\n","protected":false},"featured_media":8236,"template":"","meta":{"_gspb_post_css":""},"store":[],"product_brand":[],"product_cat":[16],"product_tag":[],"class_list":{"0":"post-8237","1":"product","2":"type-product","3":"status-publish","4":"has-post-thumbnail","6":"product_cat-sin-categorizar","8":"first","9":"instock","10":"sale","11":"shipping-taxable","12":"product-type-external"},"jetpack_sharing_enabled":true,"_links":{"self":[{"href":"https:\/\/ofertacular.com\/index.php\/wp-json\/wp\/v2\/product\/8237","targetHints":{"allow":["GET"]}}],"collection":[{"href":"https:\/\/ofertacular.com\/index.php\/wp-json\/wp\/v2\/product"}],"about":[{"href":"https:\/\/ofertacular.com\/index.php\/wp-json\/wp\/v2\/types\/product"}],"wp:featuredmedia":[{"embeddable":true,"href":"https:\/\/ofertacular.com\/index.php\/wp-json\/wp\/v2\/media\/8236"}],"wp:attachment":[{"href":"https:\/\/ofertacular.com\/index.php\/wp-json\/wp\/v2\/media?parent=8237"}],"wp:term":[{"taxonomy":"store","embeddable":true,"href":"https:\/\/ofertacular.com\/index.php\/wp-json\/wp\/v2\/store?post=8237"},{"taxonomy":"product_brand","embeddable":true,"href":"https:\/\/ofertacular.com\/index.php\/wp-json\/wp\/v2\/product_brand?post=8237"},{"taxonomy":"product_cat","embeddable":true,"href":"https:\/\/ofertacular.com\/index.php\/wp-json\/wp\/v2\/product_cat?post=8237"},{"taxonomy":"product_tag","embeddable":true,"href":"https:\/\/ofertacular.com\/index.php\/wp-json\/wp\/v2\/product_tag?post=8237"}],"curies":[{"name":"wp","href":"https:\/\/api.w.org\/{rel}","templated":true}]}}