{"id":8239,"date":"2025-10-07T11:41:26","date_gmt":"2025-10-07T09:41:26","guid":{"rendered":"https:\/\/ofertacular.com\/index.php\/producto\/smileat-pouches\/"},"modified":"2025-10-07T11:41:26","modified_gmt":"2025-10-07T09:41:26","slug":"smileat-pouches","status":"publish","type":"product","link":"https:\/\/ofertacular.com\/index.php\/producto\/smileat-pouches\/","title":{"rendered":"Smileat Pouches"},"content":{"rendered":"<div class=\"oferta-container\">\n<p>\ud83d\udfe5 <b>\u00a1DESCUENTO \u00daNICO!<\/b> \ud83d\udfe5 #Publicidad #Amazon #16<\/p>\n<p>\ud83d\udd34 <b>Bolsitas Smileat <\/b><\/p>\n<p>\u2705 <b>AHORA 9.54 \u20ac<\/b> \u2714\ufe0f\ud83d\udfe1<\/p>\n<p>\u274c Antes <\/p>\n<p>\ud83d\uded2: <a href=\"https:\/\/btz.es\/4YVRFM3\" target=\"_blank\" rel=\"nofollow noopener\">https:\/\/btz.es\/4YVRFM3<\/a><\/p>\n<p>Descubre las Bolsitas Smileat, la opci\u00f3n perfecta para alimentar a los m\u00e1s peque\u00f1os de forma saludable y pr\u00e1ctica. Smileat ofrece alimentos org\u00e1nicos en formatos c\u00f3modos que facilitan la alimentaci\u00f3n en cualquier lugar. Productos 100% naturales, sin aditivos ni conservantes, ideales para beb\u00e9s y ni\u00f1os peque\u00f1os que necesitan nutrici\u00f3n segura y de calidad. Optimiza la alimentaci\u00f3n infantil con Smileat, una marca l\u00edder en productos saludables y confiables para el cuidado de tus hijos.<\/p>\n<\/p><\/div>\n","protected":false},"excerpt":{"rendered":"<p>\ud83d\udfe5 \u00a1DESCUENTO \u00daNICO! \ud83d\udfe5 #Publicidad #Amazon #16 \ud83d\udd34 Bolsitas Smileat \u2705 AHORA 9.54 \u20ac \u2714\ufe0f\ud83d\udfe1 \u274c Antes \ud83d\uded2: https:\/\/btz.es\/4YVRFM3 Descubre las Bolsitas Smileat, la opci\u00f3n perfecta para alimentar a los m\u00e1s peque\u00f1os de forma saludable y pr\u00e1ctica. Smileat ofrece alimentos org\u00e1nicos en formatos c\u00f3modos que facilitan la alimentaci\u00f3n en cualquier lugar. Productos 100% naturales, sin [&hellip;]<\/p>\n","protected":false},"featured_media":8238,"template":"","meta":{"_gspb_post_css":""},"store":[],"product_brand":[],"product_cat":[16],"product_tag":[],"class_list":{"0":"post-8239","1":"product","2":"type-product","3":"status-publish","4":"has-post-thumbnail","6":"product_cat-sin-categorizar","8":"first","9":"instock","10":"shipping-taxable","11":"product-type-external"},"jetpack_sharing_enabled":true,"_links":{"self":[{"href":"https:\/\/ofertacular.com\/index.php\/wp-json\/wp\/v2\/product\/8239","targetHints":{"allow":["GET"]}}],"collection":[{"href":"https:\/\/ofertacular.com\/index.php\/wp-json\/wp\/v2\/product"}],"about":[{"href":"https:\/\/ofertacular.com\/index.php\/wp-json\/wp\/v2\/types\/product"}],"wp:featuredmedia":[{"embeddable":true,"href":"https:\/\/ofertacular.com\/index.php\/wp-json\/wp\/v2\/media\/8238"}],"wp:attachment":[{"href":"https:\/\/ofertacular.com\/index.php\/wp-json\/wp\/v2\/media?parent=8239"}],"wp:term":[{"taxonomy":"store","embeddable":true,"href":"https:\/\/ofertacular.com\/index.php\/wp-json\/wp\/v2\/store?post=8239"},{"taxonomy":"product_brand","embeddable":true,"href":"https:\/\/ofertacular.com\/index.php\/wp-json\/wp\/v2\/product_brand?post=8239"},{"taxonomy":"product_cat","embeddable":true,"href":"https:\/\/ofertacular.com\/index.php\/wp-json\/wp\/v2\/product_cat?post=8239"},{"taxonomy":"product_tag","embeddable":true,"href":"https:\/\/ofertacular.com\/index.php\/wp-json\/wp\/v2\/product_tag?post=8239"}],"curies":[{"name":"wp","href":"https:\/\/api.w.org\/{rel}","templated":true}]}}