{"id":8241,"date":"2025-10-07T13:06:06","date_gmt":"2025-10-07T11:06:06","guid":{"rendered":"https:\/\/ofertacular.com\/index.php\/producto\/old-spice-7\/"},"modified":"2025-10-07T13:06:06","modified_gmt":"2025-10-07T11:06:06","slug":"old-spice-7","status":"publish","type":"product","link":"https:\/\/ofertacular.com\/index.php\/producto\/old-spice-7\/","title":{"rendered":"Old Spice"},"content":{"rendered":"<div class=\"oferta-container\">\n<p>\ud83d\udfe5 <b>UNA GANGA<\/b> \ud83d\udfe5 #Publicidad #Amazon #16<\/p>\n<p>\ud83d\udd34 <b>Desodorante Old Spice <\/b><\/p>\n<p>\u2705 <b>AHORA 9.49 \u20ac<\/b> \u2714\ufe0f\ud83d\udfe1<\/p>\n<p>\u274c Antes 12.55 \u20ac<\/p>\n<p>\ud83d\uded2: <a href=\"https:\/\/btz.es\/4YWmZgh\" target=\"_blank\" rel=\"nofollow noopener\">https:\/\/btz.es\/4YWmZgh<\/a><\/p>\n<p>Descubre la esencia fresca y duradera del desodorante Old Spice, dise\u00f1ado para hombres que buscan mantenerse protegidos y confiados durante todo el d\u00eda. Su f\u00f3rmula avanzada combate el mal olor y proporciona una fragancia emblem\u00e1tica que combina tradici\u00f3n y modernidad. Ideal para el uso diario, Old Spice es sin\u00f3nimo de calidad y confianza en el cuidado personal masculino.<\/p>\n<\/p><\/div>\n","protected":false},"excerpt":{"rendered":"<p>\ud83d\udfe5 UNA GANGA \ud83d\udfe5 #Publicidad #Amazon #16 \ud83d\udd34 Desodorante Old Spice \u2705 AHORA 9.49 \u20ac \u2714\ufe0f\ud83d\udfe1 \u274c Antes 12.55 \u20ac \ud83d\uded2: https:\/\/btz.es\/4YWmZgh Descubre la esencia fresca y duradera del desodorante Old Spice, dise\u00f1ado para hombres que buscan mantenerse protegidos y confiados durante todo el d\u00eda. Su f\u00f3rmula avanzada combate el mal olor y proporciona una [&hellip;]<\/p>\n","protected":false},"featured_media":8240,"template":"","meta":{"_gspb_post_css":""},"store":[],"product_brand":[],"product_cat":[16],"product_tag":[],"class_list":{"0":"post-8241","1":"product","2":"type-product","3":"status-publish","4":"has-post-thumbnail","6":"product_cat-sin-categorizar","8":"first","9":"instock","10":"sale","11":"shipping-taxable","12":"product-type-external"},"jetpack_sharing_enabled":true,"_links":{"self":[{"href":"https:\/\/ofertacular.com\/index.php\/wp-json\/wp\/v2\/product\/8241","targetHints":{"allow":["GET"]}}],"collection":[{"href":"https:\/\/ofertacular.com\/index.php\/wp-json\/wp\/v2\/product"}],"about":[{"href":"https:\/\/ofertacular.com\/index.php\/wp-json\/wp\/v2\/types\/product"}],"wp:featuredmedia":[{"embeddable":true,"href":"https:\/\/ofertacular.com\/index.php\/wp-json\/wp\/v2\/media\/8240"}],"wp:attachment":[{"href":"https:\/\/ofertacular.com\/index.php\/wp-json\/wp\/v2\/media?parent=8241"}],"wp:term":[{"taxonomy":"store","embeddable":true,"href":"https:\/\/ofertacular.com\/index.php\/wp-json\/wp\/v2\/store?post=8241"},{"taxonomy":"product_brand","embeddable":true,"href":"https:\/\/ofertacular.com\/index.php\/wp-json\/wp\/v2\/product_brand?post=8241"},{"taxonomy":"product_cat","embeddable":true,"href":"https:\/\/ofertacular.com\/index.php\/wp-json\/wp\/v2\/product_cat?post=8241"},{"taxonomy":"product_tag","embeddable":true,"href":"https:\/\/ofertacular.com\/index.php\/wp-json\/wp\/v2\/product_tag?post=8241"}],"curies":[{"name":"wp","href":"https:\/\/api.w.org\/{rel}","templated":true}]}}