{"id":8243,"date":"2025-10-07T13:09:17","date_gmt":"2025-10-07T11:09:17","guid":{"rendered":"https:\/\/ofertacular.com\/index.php\/producto\/galaxy-tab-2\/"},"modified":"2025-10-07T13:09:17","modified_gmt":"2025-10-07T11:09:17","slug":"galaxy-tab-2","status":"publish","type":"product","link":"https:\/\/ofertacular.com\/index.php\/producto\/galaxy-tab-2\/","title":{"rendered":"Galaxy Tab"},"content":{"rendered":"<div class=\"oferta-container\">\n<p>\ud83d\udfe5 <b>ES UN CHOLL\u00d3N<\/b> \ud83d\udfe5 #Publicidad #Amazon #16<\/p>\n<p>\ud83d\udd34 <b>Tablet Samsung <\/b><\/p>\n<p>\u2705 <b>AHORA 169.99 \u20ac<\/b> \u2714\ufe0f\ud83d\udfe1<\/p>\n<p>\u274c Antes 189.00 \u20ac<\/p>\n<p>\ud83d\uded2: <a href=\"https:\/\/btz.es\/4YWnNhZ\" target=\"_blank\" rel=\"nofollow noopener\">https:\/\/btz.es\/4YWnNhZ<\/a><\/p>\n<p>Descubre la potencia y versatilidad de la Galaxy Tab de Samsung, una tablet dise\u00f1ada para ofrecer una experiencia multimedia excepcional, rendimiento r\u00e1pido y una bater\u00eda de larga duraci\u00f3n. Perfecta para trabajar, estudiar o disfrutar de tus aplicaciones favoritas con una pantalla de alta definici\u00f3n y conectividad avanzada. Optimizada para usuarios que buscan calidad y tecnolog\u00eda de vanguardia.<\/p>\n<\/p><\/div>\n","protected":false},"excerpt":{"rendered":"<p>\ud83d\udfe5 ES UN CHOLL\u00d3N \ud83d\udfe5 #Publicidad #Amazon #16 \ud83d\udd34 Tablet Samsung \u2705 AHORA 169.99 \u20ac \u2714\ufe0f\ud83d\udfe1 \u274c Antes 189.00 \u20ac \ud83d\uded2: https:\/\/btz.es\/4YWnNhZ Descubre la potencia y versatilidad de la Galaxy Tab de Samsung, una tablet dise\u00f1ada para ofrecer una experiencia multimedia excepcional, rendimiento r\u00e1pido y una bater\u00eda de larga duraci\u00f3n. Perfecta para trabajar, estudiar o [&hellip;]<\/p>\n","protected":false},"featured_media":8242,"template":"","meta":{"_gspb_post_css":""},"store":[],"product_brand":[],"product_cat":[16],"product_tag":[],"class_list":{"0":"post-8243","1":"product","2":"type-product","3":"status-publish","4":"has-post-thumbnail","6":"product_cat-sin-categorizar","8":"first","9":"instock","10":"sale","11":"shipping-taxable","12":"product-type-external"},"jetpack_sharing_enabled":true,"_links":{"self":[{"href":"https:\/\/ofertacular.com\/index.php\/wp-json\/wp\/v2\/product\/8243","targetHints":{"allow":["GET"]}}],"collection":[{"href":"https:\/\/ofertacular.com\/index.php\/wp-json\/wp\/v2\/product"}],"about":[{"href":"https:\/\/ofertacular.com\/index.php\/wp-json\/wp\/v2\/types\/product"}],"wp:featuredmedia":[{"embeddable":true,"href":"https:\/\/ofertacular.com\/index.php\/wp-json\/wp\/v2\/media\/8242"}],"wp:attachment":[{"href":"https:\/\/ofertacular.com\/index.php\/wp-json\/wp\/v2\/media?parent=8243"}],"wp:term":[{"taxonomy":"store","embeddable":true,"href":"https:\/\/ofertacular.com\/index.php\/wp-json\/wp\/v2\/store?post=8243"},{"taxonomy":"product_brand","embeddable":true,"href":"https:\/\/ofertacular.com\/index.php\/wp-json\/wp\/v2\/product_brand?post=8243"},{"taxonomy":"product_cat","embeddable":true,"href":"https:\/\/ofertacular.com\/index.php\/wp-json\/wp\/v2\/product_cat?post=8243"},{"taxonomy":"product_tag","embeddable":true,"href":"https:\/\/ofertacular.com\/index.php\/wp-json\/wp\/v2\/product_tag?post=8243"}],"curies":[{"name":"wp","href":"https:\/\/api.w.org\/{rel}","templated":true}]}}