{"id":8257,"date":"2025-10-07T17:52:31","date_gmt":"2025-10-07T15:52:31","guid":{"rendered":"https:\/\/ofertacular.com\/index.php\/producto\/cargador-coche\/"},"modified":"2025-10-07T17:52:31","modified_gmt":"2025-10-07T15:52:31","slug":"cargador-coche","status":"publish","type":"product","link":"https:\/\/ofertacular.com\/index.php\/producto\/cargador-coche\/","title":{"rendered":"Cargador Coche"},"content":{"rendered":"<div class=\"oferta-container\">\n<p>\ud83d\udfe5 <b>DESCUENTO<\/b> \ud83d\udfe5 #Publicidad #Amazon #16<\/p>\n<p>\ud83d\udd34 <b>Cargador coche <\/b><\/p>\n<p>\u2705 <b>AHORA 6.7 \u20ac<\/b> \u2714\ufe0f\ud83d\udfe1<\/p>\n<p>\u274c Antes 14.99 \u20ac<\/p>\n<p>\ud83d\uded2: <a href=\"https:\/\/btz.es\/4YXxf2D\" target=\"_blank\" rel=\"nofollow noopener\">https:\/\/btz.es\/4YXxf2D<\/a><\/p>\n<p>Optimiza la carga de tus dispositivos m\u00f3viles mientras conduces con nuestro cargador para coche de alta velocidad. Compatible con todos los modelos de veh\u00edculos, ofrece m\u00faltiples puertos USB para una carga r\u00e1pida y segura. Su dise\u00f1o compacto y duradero asegura una f\u00e1cil instalaci\u00f3n y m\u00e1xima eficiencia en cualquier viaje. Ideal para mantener tus dispositivos siempre listos, ya sea para navegar, escuchar m\u00fasica o comunicarte durante tus desplazamientos.<\/p>\n<\/p><\/div>\n","protected":false},"excerpt":{"rendered":"<p>\ud83d\udfe5 DESCUENTO \ud83d\udfe5 #Publicidad #Amazon #16 \ud83d\udd34 Cargador coche \u2705 AHORA 6.7 \u20ac \u2714\ufe0f\ud83d\udfe1 \u274c Antes 14.99 \u20ac \ud83d\uded2: https:\/\/btz.es\/4YXxf2D Optimiza la carga de tus dispositivos m\u00f3viles mientras conduces con nuestro cargador para coche de alta velocidad. Compatible con todos los modelos de veh\u00edculos, ofrece m\u00faltiples puertos USB para una carga r\u00e1pida y segura. Su [&hellip;]<\/p>\n","protected":false},"featured_media":8256,"template":"","meta":{"_gspb_post_css":""},"store":[],"product_brand":[],"product_cat":[16],"product_tag":[],"class_list":{"0":"post-8257","1":"product","2":"type-product","3":"status-publish","4":"has-post-thumbnail","6":"product_cat-sin-categorizar","8":"first","9":"instock","10":"sale","11":"shipping-taxable","12":"product-type-external"},"jetpack_sharing_enabled":true,"_links":{"self":[{"href":"https:\/\/ofertacular.com\/index.php\/wp-json\/wp\/v2\/product\/8257","targetHints":{"allow":["GET"]}}],"collection":[{"href":"https:\/\/ofertacular.com\/index.php\/wp-json\/wp\/v2\/product"}],"about":[{"href":"https:\/\/ofertacular.com\/index.php\/wp-json\/wp\/v2\/types\/product"}],"wp:featuredmedia":[{"embeddable":true,"href":"https:\/\/ofertacular.com\/index.php\/wp-json\/wp\/v2\/media\/8256"}],"wp:attachment":[{"href":"https:\/\/ofertacular.com\/index.php\/wp-json\/wp\/v2\/media?parent=8257"}],"wp:term":[{"taxonomy":"store","embeddable":true,"href":"https:\/\/ofertacular.com\/index.php\/wp-json\/wp\/v2\/store?post=8257"},{"taxonomy":"product_brand","embeddable":true,"href":"https:\/\/ofertacular.com\/index.php\/wp-json\/wp\/v2\/product_brand?post=8257"},{"taxonomy":"product_cat","embeddable":true,"href":"https:\/\/ofertacular.com\/index.php\/wp-json\/wp\/v2\/product_cat?post=8257"},{"taxonomy":"product_tag","embeddable":true,"href":"https:\/\/ofertacular.com\/index.php\/wp-json\/wp\/v2\/product_tag?post=8257"}],"curies":[{"name":"wp","href":"https:\/\/api.w.org\/{rel}","templated":true}]}}