{"id":8281,"date":"2025-10-08T10:17:54","date_gmt":"2025-10-08T08:17:54","guid":{"rendered":"https:\/\/ofertacular.com\/index.php\/producto\/haier-lavadora-secadora\/"},"modified":"2025-10-08T10:17:54","modified_gmt":"2025-10-08T08:17:54","slug":"haier-lavadora-secadora","status":"publish","type":"product","link":"https:\/\/ofertacular.com\/index.php\/producto\/haier-lavadora-secadora\/","title":{"rendered":"Haier Lavadora Secadora"},"content":{"rendered":"<div class=\"oferta-container\">\n<p>\ud83d\udfe5 <b>\u00a1OFERTA ESPECIAL!<\/b> \ud83d\udfe5 #Publicidad #Amazon #16<\/p>\n<p>\ud83d\udd34 <b>Lavadora Secadora <\/b><\/p>\n<p>\u2705 <b>AHORA 439.72 \u20ac<\/b> \u2714\ufe0f\ud83d\udfe1<\/p>\n<p>\u274c Antes 749.00 \u20ac<\/p>\n<p>\ud83d\uded2: <a href=\"https:\/\/btz.es\/4ZbxkWk\" target=\"_blank\" rel=\"nofollow noopener\">https:\/\/btz.es\/4ZbxkWk<\/a><\/p>\n<p>Descubre la eficiencia y tecnolog\u00eda avanzada de la lavadora secadora Haier, el electrodom\u00e9stico ideal para optimizar tu espacio y tiempo. Con un dise\u00f1o moderno y funciones inteligentes, Haier ofrece un rendimiento superior en lavado y secado, cuidando tus prendas con delicadeza y m\u00e1xima eficacia. Aprovecha la innovaci\u00f3n Haier para mantener tu ropa limpia y seca con la mayor comodidad y ahorro energ\u00e9tico.<\/p>\n<\/p><\/div>\n","protected":false},"excerpt":{"rendered":"<p>\ud83d\udfe5 \u00a1OFERTA ESPECIAL! \ud83d\udfe5 #Publicidad #Amazon #16 \ud83d\udd34 Lavadora Secadora \u2705 AHORA 439.72 \u20ac \u2714\ufe0f\ud83d\udfe1 \u274c Antes 749.00 \u20ac \ud83d\uded2: https:\/\/btz.es\/4ZbxkWk Descubre la eficiencia y tecnolog\u00eda avanzada de la lavadora secadora Haier, el electrodom\u00e9stico ideal para optimizar tu espacio y tiempo. Con un dise\u00f1o moderno y funciones inteligentes, Haier ofrece un rendimiento superior en lavado [&hellip;]<\/p>\n","protected":false},"featured_media":8280,"template":"","meta":{"_gspb_post_css":""},"store":[],"product_brand":[],"product_cat":[16],"product_tag":[],"class_list":{"0":"post-8281","1":"product","2":"type-product","3":"status-publish","4":"has-post-thumbnail","6":"product_cat-sin-categorizar","8":"first","9":"instock","10":"sale","11":"shipping-taxable","12":"product-type-external"},"jetpack_sharing_enabled":true,"_links":{"self":[{"href":"https:\/\/ofertacular.com\/index.php\/wp-json\/wp\/v2\/product\/8281","targetHints":{"allow":["GET"]}}],"collection":[{"href":"https:\/\/ofertacular.com\/index.php\/wp-json\/wp\/v2\/product"}],"about":[{"href":"https:\/\/ofertacular.com\/index.php\/wp-json\/wp\/v2\/types\/product"}],"wp:featuredmedia":[{"embeddable":true,"href":"https:\/\/ofertacular.com\/index.php\/wp-json\/wp\/v2\/media\/8280"}],"wp:attachment":[{"href":"https:\/\/ofertacular.com\/index.php\/wp-json\/wp\/v2\/media?parent=8281"}],"wp:term":[{"taxonomy":"store","embeddable":true,"href":"https:\/\/ofertacular.com\/index.php\/wp-json\/wp\/v2\/store?post=8281"},{"taxonomy":"product_brand","embeddable":true,"href":"https:\/\/ofertacular.com\/index.php\/wp-json\/wp\/v2\/product_brand?post=8281"},{"taxonomy":"product_cat","embeddable":true,"href":"https:\/\/ofertacular.com\/index.php\/wp-json\/wp\/v2\/product_cat?post=8281"},{"taxonomy":"product_tag","embeddable":true,"href":"https:\/\/ofertacular.com\/index.php\/wp-json\/wp\/v2\/product_tag?post=8281"}],"curies":[{"name":"wp","href":"https:\/\/api.w.org\/{rel}","templated":true}]}}