{"id":8289,"date":"2025-10-08T10:44:13","date_gmt":"2025-10-08T08:44:13","guid":{"rendered":"https:\/\/ofertacular.com\/index.php\/producto\/extended-shoulder\/"},"modified":"2025-10-08T10:44:13","modified_gmt":"2025-10-08T08:44:13","slug":"extended-shoulder","status":"publish","type":"product","link":"https:\/\/ofertacular.com\/index.php\/producto\/extended-shoulder\/","title":{"rendered":"Extended Shoulder"},"content":{"rendered":"<div class=\"oferta-container\">\n<p>\ud83d\udfe5 <b>AHORRA AQU\u00cd<\/b> \ud83d\udfe5 #Publicidad #Amazon #16<\/p>\n<p>\ud83d\udd34 <b>Shoulder Support <\/b><\/p>\n<p>\u2705 <b>AHORA 8.49 \u20ac<\/b> \u2714\ufe0f\ud83d\udfe1<\/p>\n<p>\u274c Antes 9.90 \u20ac<\/p>\n<p>\ud83d\uded2: <a href=\"https:\/\/btz.es\/4Zb3N2L\" target=\"_blank\" rel=\"nofollow noopener\">https:\/\/btz.es\/4Zb3N2L<\/a><\/p>\n<p>Descubre la mejor soluci\u00f3n para el soporte de hombros con nuestra ortesis de alta calidad. Dise\u00f1ada para ofrecer comodidad y estabilidad, esta ortesis es perfecta para prevenir lesiones o acelerar la recuperaci\u00f3n. Fabricada con materiales duraderos y ajustables, garantiza un ajuste personalizado para m\u00e1xima eficacia. Ideal para deportistas, pacientes en rehabilitaci\u00f3n y personas con molestias en el hombro. Mejora tu bienestar y movilidad con nuestra ortesis innovadora y confiable, l\u00edder en el mercado.<\/p>\n<\/p><\/div>\n","protected":false},"excerpt":{"rendered":"<p>\ud83d\udfe5 AHORRA AQU\u00cd \ud83d\udfe5 #Publicidad #Amazon #16 \ud83d\udd34 Shoulder Support \u2705 AHORA 8.49 \u20ac \u2714\ufe0f\ud83d\udfe1 \u274c Antes 9.90 \u20ac \ud83d\uded2: https:\/\/btz.es\/4Zb3N2L Descubre la mejor soluci\u00f3n para el soporte de hombros con nuestra ortesis de alta calidad. Dise\u00f1ada para ofrecer comodidad y estabilidad, esta ortesis es perfecta para prevenir lesiones o acelerar la recuperaci\u00f3n. Fabricada con [&hellip;]<\/p>\n","protected":false},"featured_media":8288,"template":"","meta":{"_gspb_post_css":""},"store":[],"product_brand":[],"product_cat":[16],"product_tag":[],"class_list":{"0":"post-8289","1":"product","2":"type-product","3":"status-publish","4":"has-post-thumbnail","6":"product_cat-sin-categorizar","8":"first","9":"instock","10":"sale","11":"shipping-taxable","12":"product-type-external"},"jetpack_sharing_enabled":true,"_links":{"self":[{"href":"https:\/\/ofertacular.com\/index.php\/wp-json\/wp\/v2\/product\/8289","targetHints":{"allow":["GET"]}}],"collection":[{"href":"https:\/\/ofertacular.com\/index.php\/wp-json\/wp\/v2\/product"}],"about":[{"href":"https:\/\/ofertacular.com\/index.php\/wp-json\/wp\/v2\/types\/product"}],"wp:featuredmedia":[{"embeddable":true,"href":"https:\/\/ofertacular.com\/index.php\/wp-json\/wp\/v2\/media\/8288"}],"wp:attachment":[{"href":"https:\/\/ofertacular.com\/index.php\/wp-json\/wp\/v2\/media?parent=8289"}],"wp:term":[{"taxonomy":"store","embeddable":true,"href":"https:\/\/ofertacular.com\/index.php\/wp-json\/wp\/v2\/store?post=8289"},{"taxonomy":"product_brand","embeddable":true,"href":"https:\/\/ofertacular.com\/index.php\/wp-json\/wp\/v2\/product_brand?post=8289"},{"taxonomy":"product_cat","embeddable":true,"href":"https:\/\/ofertacular.com\/index.php\/wp-json\/wp\/v2\/product_cat?post=8289"},{"taxonomy":"product_tag","embeddable":true,"href":"https:\/\/ofertacular.com\/index.php\/wp-json\/wp\/v2\/product_tag?post=8289"}],"curies":[{"name":"wp","href":"https:\/\/api.w.org\/{rel}","templated":true}]}}