{"id":8291,"date":"2025-10-08T10:48:20","date_gmt":"2025-10-08T08:48:20","guid":{"rendered":"https:\/\/ofertacular.com\/index.php\/producto\/gillette-gel\/"},"modified":"2025-10-08T10:48:20","modified_gmt":"2025-10-08T08:48:20","slug":"gillette-gel","status":"publish","type":"product","link":"https:\/\/ofertacular.com\/index.php\/producto\/gillette-gel\/","title":{"rendered":"Gillette Gel"},"content":{"rendered":"<div class=\"oferta-container\">\n<p>\ud83d\udfe5 <b>\u00a1APROVECHA!<\/b> \ud83d\udfe5 #Publicidad #Amazon #16<\/p>\n<p>\ud83d\udd34 <b>Gel Afeitado <\/b><\/p>\n<p>\u2705 <b>AHORA 3.83 \u20ac<\/b> \u2714\ufe0f\ud83d\udfe1<\/p>\n<p>\u274c Antes 5.23 \u20ac<\/p>\n<p>\ud83d\uded2: <a href=\"https:\/\/btz.es\/4Zb4PMh\" target=\"_blank\" rel=\"nofollow noopener\">https:\/\/btz.es\/4Zb4PMh<\/a><\/p>\n<p>Experimenta una afeitada suave y efectiva con el Gel de Afeitar Gillette. Formulado para proteger la piel y facilitar el deslizamiento de la cuchilla, este gel proporciona una fragancia fresca y una protecci\u00f3n duradera contra irritaciones. Ideal para todo tipo de piel, asegura un afeitado apurado y c\u00f3modo, convirti\u00e9ndolo en el complemento perfecto para tu rutina diaria de cuidado personal.<\/p>\n<\/p><\/div>\n","protected":false},"excerpt":{"rendered":"<p>\ud83d\udfe5 \u00a1APROVECHA! \ud83d\udfe5 #Publicidad #Amazon #16 \ud83d\udd34 Gel Afeitado \u2705 AHORA 3.83 \u20ac \u2714\ufe0f\ud83d\udfe1 \u274c Antes 5.23 \u20ac \ud83d\uded2: https:\/\/btz.es\/4Zb4PMh Experimenta una afeitada suave y efectiva con el Gel de Afeitar Gillette. Formulado para proteger la piel y facilitar el deslizamiento de la cuchilla, este gel proporciona una fragancia fresca y una protecci\u00f3n duradera contra [&hellip;]<\/p>\n","protected":false},"featured_media":8290,"template":"","meta":{"_gspb_post_css":""},"store":[],"product_brand":[],"product_cat":[16],"product_tag":[],"class_list":{"0":"post-8291","1":"product","2":"type-product","3":"status-publish","4":"has-post-thumbnail","6":"product_cat-sin-categorizar","8":"first","9":"instock","10":"sale","11":"shipping-taxable","12":"product-type-external"},"jetpack_sharing_enabled":true,"_links":{"self":[{"href":"https:\/\/ofertacular.com\/index.php\/wp-json\/wp\/v2\/product\/8291","targetHints":{"allow":["GET"]}}],"collection":[{"href":"https:\/\/ofertacular.com\/index.php\/wp-json\/wp\/v2\/product"}],"about":[{"href":"https:\/\/ofertacular.com\/index.php\/wp-json\/wp\/v2\/types\/product"}],"wp:featuredmedia":[{"embeddable":true,"href":"https:\/\/ofertacular.com\/index.php\/wp-json\/wp\/v2\/media\/8290"}],"wp:attachment":[{"href":"https:\/\/ofertacular.com\/index.php\/wp-json\/wp\/v2\/media?parent=8291"}],"wp:term":[{"taxonomy":"store","embeddable":true,"href":"https:\/\/ofertacular.com\/index.php\/wp-json\/wp\/v2\/store?post=8291"},{"taxonomy":"product_brand","embeddable":true,"href":"https:\/\/ofertacular.com\/index.php\/wp-json\/wp\/v2\/product_brand?post=8291"},{"taxonomy":"product_cat","embeddable":true,"href":"https:\/\/ofertacular.com\/index.php\/wp-json\/wp\/v2\/product_cat?post=8291"},{"taxonomy":"product_tag","embeddable":true,"href":"https:\/\/ofertacular.com\/index.php\/wp-json\/wp\/v2\/product_tag?post=8291"}],"curies":[{"name":"wp","href":"https:\/\/api.w.org\/{rel}","templated":true}]}}