{"id":8301,"date":"2025-10-08T11:38:11","date_gmt":"2025-10-08T09:38:11","guid":{"rendered":"https:\/\/ofertacular.com\/index.php\/producto\/beats-solo\/"},"modified":"2025-10-08T11:38:11","modified_gmt":"2025-10-08T09:38:11","slug":"beats-solo","status":"publish","type":"product","link":"https:\/\/ofertacular.com\/index.php\/producto\/beats-solo\/","title":{"rendered":"Beats Solo"},"content":{"rendered":"<div class=\"oferta-container\">\n<p>\ud83d\udfe5 <b>\u00a1OFERTA ESPECIAL!<\/b> \ud83d\udfe5 #Publicidad #Amazon #16<\/p>\n<p>\ud83d\udd34 <b>Auriculares Beats <\/b><\/p>\n<p>\u2705 <b>AHORA 122 \u20ac<\/b> \u2714\ufe0f\ud83d\udfe1<\/p>\n<p>\u274c Antes 229.95 \u20ac<\/p>\n<p>\ud83d\uded2: <a href=\"https:\/\/btz.es\/4ZbHxOw\" target=\"_blank\" rel=\"nofollow noopener\">https:\/\/btz.es\/4ZbHxOw<\/a><\/p>\n<p>Descubre la calidad superior de sonido con los Auriculares Beats Solo, dise\u00f1ados para ofrecer una experiencia auditiva envolvente y confortable. Perfectos para m\u00fasica, llamadas y entretenimiento diario, combinan estilo y tecnolog\u00eda avanzada para ajustarse a tu ritmo de vida. Optimiza tu escucha con Beats Solo, los auriculares indispensables para los amantes del audio premium.<\/p>\n<\/p><\/div>\n","protected":false},"excerpt":{"rendered":"<p>\ud83d\udfe5 \u00a1OFERTA ESPECIAL! \ud83d\udfe5 #Publicidad #Amazon #16 \ud83d\udd34 Auriculares Beats \u2705 AHORA 122 \u20ac \u2714\ufe0f\ud83d\udfe1 \u274c Antes 229.95 \u20ac \ud83d\uded2: https:\/\/btz.es\/4ZbHxOw Descubre la calidad superior de sonido con los Auriculares Beats Solo, dise\u00f1ados para ofrecer una experiencia auditiva envolvente y confortable. Perfectos para m\u00fasica, llamadas y entretenimiento diario, combinan estilo y tecnolog\u00eda avanzada para ajustarse [&hellip;]<\/p>\n","protected":false},"featured_media":8300,"template":"","meta":{"_gspb_post_css":""},"store":[],"product_brand":[],"product_cat":[16],"product_tag":[],"class_list":{"0":"post-8301","1":"product","2":"type-product","3":"status-publish","4":"has-post-thumbnail","6":"product_cat-sin-categorizar","8":"first","9":"instock","10":"sale","11":"shipping-taxable","12":"product-type-external"},"jetpack_sharing_enabled":true,"_links":{"self":[{"href":"https:\/\/ofertacular.com\/index.php\/wp-json\/wp\/v2\/product\/8301","targetHints":{"allow":["GET"]}}],"collection":[{"href":"https:\/\/ofertacular.com\/index.php\/wp-json\/wp\/v2\/product"}],"about":[{"href":"https:\/\/ofertacular.com\/index.php\/wp-json\/wp\/v2\/types\/product"}],"wp:featuredmedia":[{"embeddable":true,"href":"https:\/\/ofertacular.com\/index.php\/wp-json\/wp\/v2\/media\/8300"}],"wp:attachment":[{"href":"https:\/\/ofertacular.com\/index.php\/wp-json\/wp\/v2\/media?parent=8301"}],"wp:term":[{"taxonomy":"store","embeddable":true,"href":"https:\/\/ofertacular.com\/index.php\/wp-json\/wp\/v2\/store?post=8301"},{"taxonomy":"product_brand","embeddable":true,"href":"https:\/\/ofertacular.com\/index.php\/wp-json\/wp\/v2\/product_brand?post=8301"},{"taxonomy":"product_cat","embeddable":true,"href":"https:\/\/ofertacular.com\/index.php\/wp-json\/wp\/v2\/product_cat?post=8301"},{"taxonomy":"product_tag","embeddable":true,"href":"https:\/\/ofertacular.com\/index.php\/wp-json\/wp\/v2\/product_tag?post=8301"}],"curies":[{"name":"wp","href":"https:\/\/api.w.org\/{rel}","templated":true}]}}