{"id":8309,"date":"2025-10-08T14:20:14","date_gmt":"2025-10-08T12:20:14","guid":{"rendered":"https:\/\/ofertacular.com\/index.php\/producto\/mahou-clasica-2\/"},"modified":"2025-10-08T14:20:14","modified_gmt":"2025-10-08T12:20:14","slug":"mahou-clasica-2","status":"publish","type":"product","link":"https:\/\/ofertacular.com\/index.php\/producto\/mahou-clasica-2\/","title":{"rendered":"Mahou Cl\u00e1sica"},"content":{"rendered":"<div class=\"oferta-container\">\n<p>\ud83d\udfe5 <b>\u00a1NO TE LA PIERDAS!<\/b> \ud83d\udfe5 #Publicidad #Amazon #16<\/p>\n<p>\ud83d\udd34 <b>Cerveza Mahou <\/b><\/p>\n<p>\u2705 <b>AHORA 9.49 \u20ac<\/b> \u2714\ufe0f\ud83d\udfe1<\/p>\n<p>\u274c Antes 20.44 \u20ac<\/p>\n<p>\ud83d\uded2: <a href=\"https:\/\/btz.es\/4ZcwkI8\" target=\"_blank\" rel=\"nofollow noopener\">https:\/\/btz.es\/4ZcwkI8<\/a><\/p>\n<p>Descubre Mahou Cl\u00e1sica, la cerveza espa\u00f1ola tradicional que combina calidad y sabor aut\u00e9ntico. Perfecta para cualquier ocasi\u00f3n, su receta \u00fanica satisface los paladares m\u00e1s exigentes. Compra Mahou Cl\u00e1sica y disfruta de una experiencia cervecera inigualable con la garant\u00eda de una marca l\u00edder en el mercado.<\/p>\n<\/p><\/div>\n","protected":false},"excerpt":{"rendered":"<p>\ud83d\udfe5 \u00a1NO TE LA PIERDAS! \ud83d\udfe5 #Publicidad #Amazon #16 \ud83d\udd34 Cerveza Mahou \u2705 AHORA 9.49 \u20ac \u2714\ufe0f\ud83d\udfe1 \u274c Antes 20.44 \u20ac \ud83d\uded2: https:\/\/btz.es\/4ZcwkI8 Descubre Mahou Cl\u00e1sica, la cerveza espa\u00f1ola tradicional que combina calidad y sabor aut\u00e9ntico. Perfecta para cualquier ocasi\u00f3n, su receta \u00fanica satisface los paladares m\u00e1s exigentes. Compra Mahou Cl\u00e1sica y disfruta de una [&hellip;]<\/p>\n","protected":false},"featured_media":8308,"template":"","meta":{"_gspb_post_css":""},"store":[],"product_brand":[],"product_cat":[16],"product_tag":[],"class_list":{"0":"post-8309","1":"product","2":"type-product","3":"status-publish","4":"has-post-thumbnail","6":"product_cat-sin-categorizar","8":"first","9":"instock","10":"sale","11":"shipping-taxable","12":"product-type-external"},"jetpack_sharing_enabled":true,"_links":{"self":[{"href":"https:\/\/ofertacular.com\/index.php\/wp-json\/wp\/v2\/product\/8309","targetHints":{"allow":["GET"]}}],"collection":[{"href":"https:\/\/ofertacular.com\/index.php\/wp-json\/wp\/v2\/product"}],"about":[{"href":"https:\/\/ofertacular.com\/index.php\/wp-json\/wp\/v2\/types\/product"}],"wp:featuredmedia":[{"embeddable":true,"href":"https:\/\/ofertacular.com\/index.php\/wp-json\/wp\/v2\/media\/8308"}],"wp:attachment":[{"href":"https:\/\/ofertacular.com\/index.php\/wp-json\/wp\/v2\/media?parent=8309"}],"wp:term":[{"taxonomy":"store","embeddable":true,"href":"https:\/\/ofertacular.com\/index.php\/wp-json\/wp\/v2\/store?post=8309"},{"taxonomy":"product_brand","embeddable":true,"href":"https:\/\/ofertacular.com\/index.php\/wp-json\/wp\/v2\/product_brand?post=8309"},{"taxonomy":"product_cat","embeddable":true,"href":"https:\/\/ofertacular.com\/index.php\/wp-json\/wp\/v2\/product_cat?post=8309"},{"taxonomy":"product_tag","embeddable":true,"href":"https:\/\/ofertacular.com\/index.php\/wp-json\/wp\/v2\/product_tag?post=8309"}],"curies":[{"name":"wp","href":"https:\/\/api.w.org\/{rel}","templated":true}]}}