{"id":8317,"date":"2025-10-09T08:21:16","date_gmt":"2025-10-09T06:21:16","guid":{"rendered":"https:\/\/ofertacular.com\/index.php\/producto\/bolero-bebida\/"},"modified":"2025-10-09T08:21:16","modified_gmt":"2025-10-09T06:21:16","slug":"bolero-bebida","status":"publish","type":"product","link":"https:\/\/ofertacular.com\/index.php\/producto\/bolero-bebida\/","title":{"rendered":"Bolero Bebida"},"content":{"rendered":"<div class=\"oferta-container\">\n<p>\ud83d\udfe5 <b>REBAJA<\/b> \ud83d\udfe5 #Publicidad #Amazon #16<\/p>\n<p>\ud83d\udd34 <b>Bolero Bebida <\/b><\/p>\n<p>\u2705 <b>AHORA 7.48 \u20ac<\/b> \u2714\ufe0f\ud83d\udfe1<\/p>\n<p>\u274c Antes 8.12 \u20ac<\/p>\n<p>\ud83d\uded2: <a href=\"https:\/\/btz.es\/4ZgKuJY\" target=\"_blank\" rel=\"nofollow noopener\">https:\/\/btz.es\/4ZgKuJY<\/a><\/p>\n<p>Descubre Bolero, la bebida instant\u00e1nea que transforma agua en refrescos deliciosos y saludables en segundos. Con una variedad de sabores naturales y sin calor\u00edas, Bolero es ideal para mantenerte hidratado y lleno de energ\u00eda durante todo el d\u00eda. Perfecto para quienes buscan una opci\u00f3n baja en az\u00facar y rica en sabor, Bolero es tu compa\u00f1ero ideal para un estilo de vida activo y saludable.<\/p>\n<\/p><\/div>\n","protected":false},"excerpt":{"rendered":"<p>\ud83d\udfe5 REBAJA \ud83d\udfe5 #Publicidad #Amazon #16 \ud83d\udd34 Bolero Bebida \u2705 AHORA 7.48 \u20ac \u2714\ufe0f\ud83d\udfe1 \u274c Antes 8.12 \u20ac \ud83d\uded2: https:\/\/btz.es\/4ZgKuJY Descubre Bolero, la bebida instant\u00e1nea que transforma agua en refrescos deliciosos y saludables en segundos. Con una variedad de sabores naturales y sin calor\u00edas, Bolero es ideal para mantenerte hidratado y lleno de energ\u00eda durante [&hellip;]<\/p>\n","protected":false},"featured_media":8316,"template":"","meta":{"_gspb_post_css":""},"store":[],"product_brand":[],"product_cat":[16],"product_tag":[],"class_list":{"0":"post-8317","1":"product","2":"type-product","3":"status-publish","4":"has-post-thumbnail","6":"product_cat-sin-categorizar","8":"first","9":"instock","10":"sale","11":"shipping-taxable","12":"product-type-external"},"jetpack_sharing_enabled":true,"_links":{"self":[{"href":"https:\/\/ofertacular.com\/index.php\/wp-json\/wp\/v2\/product\/8317","targetHints":{"allow":["GET"]}}],"collection":[{"href":"https:\/\/ofertacular.com\/index.php\/wp-json\/wp\/v2\/product"}],"about":[{"href":"https:\/\/ofertacular.com\/index.php\/wp-json\/wp\/v2\/types\/product"}],"wp:featuredmedia":[{"embeddable":true,"href":"https:\/\/ofertacular.com\/index.php\/wp-json\/wp\/v2\/media\/8316"}],"wp:attachment":[{"href":"https:\/\/ofertacular.com\/index.php\/wp-json\/wp\/v2\/media?parent=8317"}],"wp:term":[{"taxonomy":"store","embeddable":true,"href":"https:\/\/ofertacular.com\/index.php\/wp-json\/wp\/v2\/store?post=8317"},{"taxonomy":"product_brand","embeddable":true,"href":"https:\/\/ofertacular.com\/index.php\/wp-json\/wp\/v2\/product_brand?post=8317"},{"taxonomy":"product_cat","embeddable":true,"href":"https:\/\/ofertacular.com\/index.php\/wp-json\/wp\/v2\/product_cat?post=8317"},{"taxonomy":"product_tag","embeddable":true,"href":"https:\/\/ofertacular.com\/index.php\/wp-json\/wp\/v2\/product_tag?post=8317"}],"curies":[{"name":"wp","href":"https:\/\/api.w.org\/{rel}","templated":true}]}}