{"id":8319,"date":"2025-10-09T08:30:02","date_gmt":"2025-10-09T06:30:02","guid":{"rendered":"https:\/\/ofertacular.com\/index.php\/producto\/goku-figure-4\/"},"modified":"2025-10-09T08:30:02","modified_gmt":"2025-10-09T06:30:02","slug":"goku-figure-4","status":"publish","type":"product","link":"https:\/\/ofertacular.com\/index.php\/producto\/goku-figure-4\/","title":{"rendered":"Goku Figure"},"content":{"rendered":"<div class=\"oferta-container\">\ud83d\udfea <b>FUNKO TOP<\/b> \ud83d\udfea #Publicidad #Amazon\ud83d\udfe3 <b> Funko POP! Anime Goku<\/b> \u2705 <b>AHORA 12.87 \u20ac<\/b> \u2714\ufe0f\ud83d\udfe1\u274c Antes 16.00 \u20ac \u20ac \ud83d\uded2: https:\/\/btz.es\/4ZgM7v0\ud83d\udfe2 Ofertacular.com<\/p>\n<p>Consigue el Funko POP! Anime: Goku, una figura imprescindible para los fans de Dragon Ball y coleccionistas de figuras de anime. Esta figura destaca por su dise\u00f1o detallado y calidad superior, perfecta para exhibir en tu colecci\u00f3n personal o para regalar a aficionados del universo Dragon Ball. Optimizada para fan\u00e1ticos y coleccionistas, esta figura Goku atrae atenci\u00f3n tanto en tiendas f\u00edsicas como online, asegurando una alta visibilidad y posicionamiento en buscadores gracias a su relevancia en la cultura pop y el mercado de figuras de anime.<\/p>\n<\/div>\n","protected":false},"excerpt":{"rendered":"<p>\ud83d\udfea FUNKO TOP \ud83d\udfea #Publicidad #Amazon\ud83d\udfe3 Funko POP! Anime Goku \u2705 AHORA 12.87 \u20ac \u2714\ufe0f\ud83d\udfe1\u274c Antes 16.00 \u20ac \u20ac \ud83d\uded2: https:\/\/btz.es\/4ZgM7v0\ud83d\udfe2 Ofertacular.com Consigue el Funko POP! Anime: Goku, una figura imprescindible para los fans de Dragon Ball y coleccionistas de figuras de anime. Esta figura destaca por su dise\u00f1o detallado y calidad superior, perfecta para [&hellip;]<\/p>\n","protected":false},"featured_media":8318,"template":"","meta":{"_gspb_post_css":""},"store":[],"product_brand":[],"product_cat":[16],"product_tag":[],"class_list":{"0":"post-8319","1":"product","2":"type-product","3":"status-publish","4":"has-post-thumbnail","6":"product_cat-sin-categorizar","8":"first","9":"instock","10":"sale","11":"shipping-taxable","12":"product-type-external"},"jetpack_sharing_enabled":true,"_links":{"self":[{"href":"https:\/\/ofertacular.com\/index.php\/wp-json\/wp\/v2\/product\/8319","targetHints":{"allow":["GET"]}}],"collection":[{"href":"https:\/\/ofertacular.com\/index.php\/wp-json\/wp\/v2\/product"}],"about":[{"href":"https:\/\/ofertacular.com\/index.php\/wp-json\/wp\/v2\/types\/product"}],"wp:featuredmedia":[{"embeddable":true,"href":"https:\/\/ofertacular.com\/index.php\/wp-json\/wp\/v2\/media\/8318"}],"wp:attachment":[{"href":"https:\/\/ofertacular.com\/index.php\/wp-json\/wp\/v2\/media?parent=8319"}],"wp:term":[{"taxonomy":"store","embeddable":true,"href":"https:\/\/ofertacular.com\/index.php\/wp-json\/wp\/v2\/store?post=8319"},{"taxonomy":"product_brand","embeddable":true,"href":"https:\/\/ofertacular.com\/index.php\/wp-json\/wp\/v2\/product_brand?post=8319"},{"taxonomy":"product_cat","embeddable":true,"href":"https:\/\/ofertacular.com\/index.php\/wp-json\/wp\/v2\/product_cat?post=8319"},{"taxonomy":"product_tag","embeddable":true,"href":"https:\/\/ofertacular.com\/index.php\/wp-json\/wp\/v2\/product_tag?post=8319"}],"curies":[{"name":"wp","href":"https:\/\/api.w.org\/{rel}","templated":true}]}}