{"id":8325,"date":"2025-10-09T08:39:12","date_gmt":"2025-10-09T06:39:12","guid":{"rendered":"https:\/\/ofertacular.com\/index.php\/producto\/oral-b-cepillo-4\/"},"modified":"2025-10-09T08:39:12","modified_gmt":"2025-10-09T06:39:12","slug":"oral-b-cepillo-4","status":"publish","type":"product","link":"https:\/\/ofertacular.com\/index.php\/producto\/oral-b-cepillo-4\/","title":{"rendered":"Oral-B Cepillo"},"content":{"rendered":"<div class=\"oferta-container\">\n<p>\ud83d\udfe5 <b>CHOLLAZO<\/b> \ud83d\udfe5 #Publicidad #Amazon #16<\/p>\n<p>\ud83d\udd34 <b>Cepillo dental <\/b><\/p>\n<p>\u2705 <b>AHORA 49.95 \u20ac<\/b> \u2714\ufe0f\ud83d\udfe1<\/p>\n<p>\u274c Antes 79.74 \u20ac<\/p>\n<p>\ud83d\uded2: <a href=\"https:\/\/btz.es\/4ZgOQAH\" target=\"_blank\" rel=\"nofollow noopener\">https:\/\/btz.es\/4ZgOQAH<\/a><\/p>\n<p>Experimenta una limpieza dental superior con el cepillo Oral-B, dise\u00f1ado para eliminar eficazmente la placa y mantener tu sonrisa saludable. Ideal para uso diario, su tecnolog\u00eda avanzada proporciona una limpieza profunda y protege las enc\u00edas, garantizando frescura y bienestar bucal. Perfecto para quienes buscan calidad y eficacia en cuidado dental profesional.<\/p>\n<\/p><\/div>\n","protected":false},"excerpt":{"rendered":"<p>\ud83d\udfe5 CHOLLAZO \ud83d\udfe5 #Publicidad #Amazon #16 \ud83d\udd34 Cepillo dental \u2705 AHORA 49.95 \u20ac \u2714\ufe0f\ud83d\udfe1 \u274c Antes 79.74 \u20ac \ud83d\uded2: https:\/\/btz.es\/4ZgOQAH Experimenta una limpieza dental superior con el cepillo Oral-B, dise\u00f1ado para eliminar eficazmente la placa y mantener tu sonrisa saludable. Ideal para uso diario, su tecnolog\u00eda avanzada proporciona una limpieza profunda y protege las enc\u00edas, [&hellip;]<\/p>\n","protected":false},"featured_media":8324,"template":"","meta":{"_gspb_post_css":""},"store":[],"product_brand":[],"product_cat":[16],"product_tag":[],"class_list":{"0":"post-8325","1":"product","2":"type-product","3":"status-publish","4":"has-post-thumbnail","6":"product_cat-sin-categorizar","8":"first","9":"instock","10":"sale","11":"shipping-taxable","12":"product-type-external"},"jetpack_sharing_enabled":true,"_links":{"self":[{"href":"https:\/\/ofertacular.com\/index.php\/wp-json\/wp\/v2\/product\/8325","targetHints":{"allow":["GET"]}}],"collection":[{"href":"https:\/\/ofertacular.com\/index.php\/wp-json\/wp\/v2\/product"}],"about":[{"href":"https:\/\/ofertacular.com\/index.php\/wp-json\/wp\/v2\/types\/product"}],"wp:featuredmedia":[{"embeddable":true,"href":"https:\/\/ofertacular.com\/index.php\/wp-json\/wp\/v2\/media\/8324"}],"wp:attachment":[{"href":"https:\/\/ofertacular.com\/index.php\/wp-json\/wp\/v2\/media?parent=8325"}],"wp:term":[{"taxonomy":"store","embeddable":true,"href":"https:\/\/ofertacular.com\/index.php\/wp-json\/wp\/v2\/store?post=8325"},{"taxonomy":"product_brand","embeddable":true,"href":"https:\/\/ofertacular.com\/index.php\/wp-json\/wp\/v2\/product_brand?post=8325"},{"taxonomy":"product_cat","embeddable":true,"href":"https:\/\/ofertacular.com\/index.php\/wp-json\/wp\/v2\/product_cat?post=8325"},{"taxonomy":"product_tag","embeddable":true,"href":"https:\/\/ofertacular.com\/index.php\/wp-json\/wp\/v2\/product_tag?post=8325"}],"curies":[{"name":"wp","href":"https:\/\/api.w.org\/{rel}","templated":true}]}}