{"id":8331,"date":"2025-10-09T10:50:27","date_gmt":"2025-10-09T08:50:27","guid":{"rendered":"https:\/\/ofertacular.com\/index.php\/producto\/msi-monitor-7\/"},"modified":"2025-10-09T10:50:27","modified_gmt":"2025-10-09T08:50:27","slug":"msi-monitor-7","status":"publish","type":"product","link":"https:\/\/ofertacular.com\/index.php\/producto\/msi-monitor-7\/","title":{"rendered":"MSI Monitor"},"content":{"rendered":"<div class=\"oferta-container\">\n<p>\ud83d\udfe5 <b>ES UN CHOLL\u00d3N<\/b> \ud83d\udfe5 #Publicidad #Amazon #16<\/p>\n<p>\ud83d\udd34 <b>Monitor MSI <\/b><\/p>\n<p>\u2705 <b>AHORA 94 \u20ac<\/b> \u2714\ufe0f\ud83d\udfe1<\/p>\n<p>\u274c Antes <\/p>\n<p>\ud83d\uded2: <a href=\"https:\/\/btz.es\/4ZhvTqW\" target=\"_blank\" rel=\"nofollow noopener\">https:\/\/btz.es\/4ZhvTqW<\/a><\/p>\n<p>Descubre el extraordinario Monitor MSI, dise\u00f1ado para ofrecer una experiencia visual superior con im\u00e1genes n\u00edtidas y colores vibrantes. Ideal para profesionales y gamers que exigen calidad y rendimiento. Optimizado para mejorar tu productividad y entretenimiento con tecnolog\u00eda avanzada y dise\u00f1o ergon\u00f3mico. Compra ahora el Monitor MSI y transforma tu espacio de trabajo o juego con la mejor resoluci\u00f3n y velocidad de respuesta del mercado.<\/p>\n<\/p><\/div>\n","protected":false},"excerpt":{"rendered":"<p>\ud83d\udfe5 ES UN CHOLL\u00d3N \ud83d\udfe5 #Publicidad #Amazon #16 \ud83d\udd34 Monitor MSI \u2705 AHORA 94 \u20ac \u2714\ufe0f\ud83d\udfe1 \u274c Antes \ud83d\uded2: https:\/\/btz.es\/4ZhvTqW Descubre el extraordinario Monitor MSI, dise\u00f1ado para ofrecer una experiencia visual superior con im\u00e1genes n\u00edtidas y colores vibrantes. Ideal para profesionales y gamers que exigen calidad y rendimiento. Optimizado para mejorar tu productividad y entretenimiento [&hellip;]<\/p>\n","protected":false},"featured_media":8330,"template":"","meta":{"_gspb_post_css":""},"store":[],"product_brand":[],"product_cat":[16],"product_tag":[],"class_list":{"0":"post-8331","1":"product","2":"type-product","3":"status-publish","4":"has-post-thumbnail","6":"product_cat-sin-categorizar","8":"first","9":"instock","10":"shipping-taxable","11":"product-type-external"},"jetpack_sharing_enabled":true,"_links":{"self":[{"href":"https:\/\/ofertacular.com\/index.php\/wp-json\/wp\/v2\/product\/8331","targetHints":{"allow":["GET"]}}],"collection":[{"href":"https:\/\/ofertacular.com\/index.php\/wp-json\/wp\/v2\/product"}],"about":[{"href":"https:\/\/ofertacular.com\/index.php\/wp-json\/wp\/v2\/types\/product"}],"wp:featuredmedia":[{"embeddable":true,"href":"https:\/\/ofertacular.com\/index.php\/wp-json\/wp\/v2\/media\/8330"}],"wp:attachment":[{"href":"https:\/\/ofertacular.com\/index.php\/wp-json\/wp\/v2\/media?parent=8331"}],"wp:term":[{"taxonomy":"store","embeddable":true,"href":"https:\/\/ofertacular.com\/index.php\/wp-json\/wp\/v2\/store?post=8331"},{"taxonomy":"product_brand","embeddable":true,"href":"https:\/\/ofertacular.com\/index.php\/wp-json\/wp\/v2\/product_brand?post=8331"},{"taxonomy":"product_cat","embeddable":true,"href":"https:\/\/ofertacular.com\/index.php\/wp-json\/wp\/v2\/product_cat?post=8331"},{"taxonomy":"product_tag","embeddable":true,"href":"https:\/\/ofertacular.com\/index.php\/wp-json\/wp\/v2\/product_tag?post=8331"}],"curies":[{"name":"wp","href":"https:\/\/api.w.org\/{rel}","templated":true}]}}