{"id":8333,"date":"2025-10-09T10:57:23","date_gmt":"2025-10-09T08:57:23","guid":{"rendered":"https:\/\/ofertacular.com\/index.php\/producto\/logitech-combo\/"},"modified":"2025-10-09T10:57:23","modified_gmt":"2025-10-09T08:57:23","slug":"logitech-combo","status":"publish","type":"product","link":"https:\/\/ofertacular.com\/index.php\/producto\/logitech-combo\/","title":{"rendered":"Logitech Combo"},"content":{"rendered":"<div class=\"oferta-container\">\n<p>\ud83d\udfe5 <b>UNA GANGA<\/b> \ud83d\udfe5 #Publicidad #Amazon #16<\/p>\n<p>\ud83d\udd34 <b>Combo teclado <\/b><\/p>\n<p>\u2705 <b>AHORA 18.99 \u20ac<\/b> \u2714\ufe0f\ud83d\udfe1<\/p>\n<p>\u274c Antes 29.50 \u20ac<\/p>\n<p>\ud83d\uded2: <a href=\"https:\/\/btz.es\/4ZhxD0M\" target=\"_blank\" rel=\"nofollow noopener\">https:\/\/btz.es\/4ZhxD0M<\/a><\/p>\n<p>Potencia tu productividad con el Combo Teclado Logitech, dise\u00f1ado para ofrecer una experiencia de escritura c\u00f3moda y precisa. Este conjunto vers\u00e1til es ideal para usuarios que buscan eficiencia y durabilidad en un solo producto. Compatible con m\u00faltiples dispositivos, su dise\u00f1o elegante y funcional garantiza una integraci\u00f3n perfecta en tu espacio de trabajo o estudio. Eleva tu rendimiento con la tecnolog\u00eda avanzada y la alta calidad que solo Logitech ofrece.<\/p>\n<\/p><\/div>\n","protected":false},"excerpt":{"rendered":"<p>\ud83d\udfe5 UNA GANGA \ud83d\udfe5 #Publicidad #Amazon #16 \ud83d\udd34 Combo teclado \u2705 AHORA 18.99 \u20ac \u2714\ufe0f\ud83d\udfe1 \u274c Antes 29.50 \u20ac \ud83d\uded2: https:\/\/btz.es\/4ZhxD0M Potencia tu productividad con el Combo Teclado Logitech, dise\u00f1ado para ofrecer una experiencia de escritura c\u00f3moda y precisa. Este conjunto vers\u00e1til es ideal para usuarios que buscan eficiencia y durabilidad en un solo producto. [&hellip;]<\/p>\n","protected":false},"featured_media":8332,"template":"","meta":{"_gspb_post_css":""},"store":[],"product_brand":[],"product_cat":[16],"product_tag":[],"class_list":{"0":"post-8333","1":"product","2":"type-product","3":"status-publish","4":"has-post-thumbnail","6":"product_cat-sin-categorizar","8":"first","9":"instock","10":"sale","11":"shipping-taxable","12":"product-type-external"},"jetpack_sharing_enabled":true,"_links":{"self":[{"href":"https:\/\/ofertacular.com\/index.php\/wp-json\/wp\/v2\/product\/8333","targetHints":{"allow":["GET"]}}],"collection":[{"href":"https:\/\/ofertacular.com\/index.php\/wp-json\/wp\/v2\/product"}],"about":[{"href":"https:\/\/ofertacular.com\/index.php\/wp-json\/wp\/v2\/types\/product"}],"wp:featuredmedia":[{"embeddable":true,"href":"https:\/\/ofertacular.com\/index.php\/wp-json\/wp\/v2\/media\/8332"}],"wp:attachment":[{"href":"https:\/\/ofertacular.com\/index.php\/wp-json\/wp\/v2\/media?parent=8333"}],"wp:term":[{"taxonomy":"store","embeddable":true,"href":"https:\/\/ofertacular.com\/index.php\/wp-json\/wp\/v2\/store?post=8333"},{"taxonomy":"product_brand","embeddable":true,"href":"https:\/\/ofertacular.com\/index.php\/wp-json\/wp\/v2\/product_brand?post=8333"},{"taxonomy":"product_cat","embeddable":true,"href":"https:\/\/ofertacular.com\/index.php\/wp-json\/wp\/v2\/product_cat?post=8333"},{"taxonomy":"product_tag","embeddable":true,"href":"https:\/\/ofertacular.com\/index.php\/wp-json\/wp\/v2\/product_tag?post=8333"}],"curies":[{"name":"wp","href":"https:\/\/api.w.org\/{rel}","templated":true}]}}