{"id":8339,"date":"2025-10-10T10:01:02","date_gmt":"2025-10-10T08:01:02","guid":{"rendered":"https:\/\/ofertacular.com\/index.php\/producto\/encendido-pastillas\/"},"modified":"2025-10-10T10:01:02","modified_gmt":"2025-10-10T08:01:02","slug":"encendido-pastillas","status":"publish","type":"product","link":"https:\/\/ofertacular.com\/index.php\/producto\/encendido-pastillas\/","title":{"rendered":"Encendido Pastillas"},"content":{"rendered":"<div class=\"oferta-container\">\n<p>\ud83d\udfe5 <b>DESCUENTO<\/b> \ud83d\udfe5 #Publicidad #Amazon #16<\/p>\n<p>\ud83d\udd34 <b>Pastillas Encendido <\/b><\/p>\n<p>\u2705 <b>AHORA 0.99 \u20ac<\/b> \u2714\ufe0f\ud83d\udfe1<\/p>\n<p>\u274c Antes <\/p>\n<p>\ud83d\uded2: <a href=\"https:\/\/btz.es\/4ZmZYCp\" target=\"_blank\" rel=\"nofollow noopener\">https:\/\/btz.es\/4ZmZYCp<\/a><\/p>\n<p>Descubre nuestras pastillas de encendido de alta calidad, dise\u00f1adas para ofrecer un rendimiento \u00f3ptimo y una larga durabilidad. Ideales para mantener el sistema de encendido de tu veh\u00edculo en perfecto estado, garantizando arranques r\u00e1pidos y eficiencia en el consumo de combustible. Fabricadas con materiales resistentes que aseguran estabilidad y funcionamiento confiable bajo diversas condiciones. Compra hoy nuestras pastillas de encendido y experimenta la mejor tecnolog\u00eda para el cuidado automotriz, con soporte y garant\u00eda l\u00edder en el mercado.<\/p>\n<\/p><\/div>\n","protected":false},"excerpt":{"rendered":"<p>\ud83d\udfe5 DESCUENTO \ud83d\udfe5 #Publicidad #Amazon #16 \ud83d\udd34 Pastillas Encendido \u2705 AHORA 0.99 \u20ac \u2714\ufe0f\ud83d\udfe1 \u274c Antes \ud83d\uded2: https:\/\/btz.es\/4ZmZYCp Descubre nuestras pastillas de encendido de alta calidad, dise\u00f1adas para ofrecer un rendimiento \u00f3ptimo y una larga durabilidad. Ideales para mantener el sistema de encendido de tu veh\u00edculo en perfecto estado, garantizando arranques r\u00e1pidos y eficiencia en [&hellip;]<\/p>\n","protected":false},"featured_media":8338,"template":"","meta":{"_gspb_post_css":""},"store":[],"product_brand":[],"product_cat":[16],"product_tag":[],"class_list":{"0":"post-8339","1":"product","2":"type-product","3":"status-publish","4":"has-post-thumbnail","6":"product_cat-sin-categorizar","8":"first","9":"instock","10":"shipping-taxable","11":"product-type-external"},"jetpack_sharing_enabled":true,"_links":{"self":[{"href":"https:\/\/ofertacular.com\/index.php\/wp-json\/wp\/v2\/product\/8339","targetHints":{"allow":["GET"]}}],"collection":[{"href":"https:\/\/ofertacular.com\/index.php\/wp-json\/wp\/v2\/product"}],"about":[{"href":"https:\/\/ofertacular.com\/index.php\/wp-json\/wp\/v2\/types\/product"}],"wp:featuredmedia":[{"embeddable":true,"href":"https:\/\/ofertacular.com\/index.php\/wp-json\/wp\/v2\/media\/8338"}],"wp:attachment":[{"href":"https:\/\/ofertacular.com\/index.php\/wp-json\/wp\/v2\/media?parent=8339"}],"wp:term":[{"taxonomy":"store","embeddable":true,"href":"https:\/\/ofertacular.com\/index.php\/wp-json\/wp\/v2\/store?post=8339"},{"taxonomy":"product_brand","embeddable":true,"href":"https:\/\/ofertacular.com\/index.php\/wp-json\/wp\/v2\/product_brand?post=8339"},{"taxonomy":"product_cat","embeddable":true,"href":"https:\/\/ofertacular.com\/index.php\/wp-json\/wp\/v2\/product_cat?post=8339"},{"taxonomy":"product_tag","embeddable":true,"href":"https:\/\/ofertacular.com\/index.php\/wp-json\/wp\/v2\/product_tag?post=8339"}],"curies":[{"name":"wp","href":"https:\/\/api.w.org\/{rel}","templated":true}]}}