{"id":8363,"date":"2025-10-13T08:28:27","date_gmt":"2025-10-13T06:28:27","guid":{"rendered":"https:\/\/ofertacular.com\/index.php\/producto\/adidas-slides-3\/"},"modified":"2025-10-13T08:28:27","modified_gmt":"2025-10-13T06:28:27","slug":"adidas-slides-3","status":"publish","type":"product","link":"https:\/\/ofertacular.com\/index.php\/producto\/adidas-slides-3\/","title":{"rendered":"Adidas Slides"},"content":{"rendered":"<div class=\"oferta-container\">\n<p>\ud83d\udfe5 <b>DATE PRISA<\/b> \ud83d\udfe5 #Publicidad #Amazon #16<\/p>\n<p>\ud83d\udd34 <b>Slides Adidas <\/b><\/p>\n<p>\u2705 <b>AHORA 10 \u20ac<\/b> \u2714\ufe0f\ud83d\udfe1<\/p>\n<p>\u274c Antes 20.00 \u20ac<\/p>\n<p>\ud83d\uded2: <a href=\"https:\/\/btz.es\/4Z4kptt\" target=\"_blank\" rel=\"nofollow noopener\">https:\/\/btz.es\/4Z4kptt<\/a><\/p>\n<p>Descubre la comodidad y estilo con las Slides Adidas, perfectas para uso diario y actividad deportiva. Estas chanclas est\u00e1n dise\u00f1adas con materiales de alta calidad para ofrecer durabilidad y un ajuste \u00f3ptimo. Ideales para mantener tus pies frescos y c\u00f3modos, cuentan con una suela antideslizante que proporciona seguridad en cada paso. Optimiza tu look casual con un calzado que combina funcionalidad y tendencia, respaldado por la calidad reconocida de Adidas.<\/p>\n<\/p><\/div>\n","protected":false},"excerpt":{"rendered":"<p>\ud83d\udfe5 DATE PRISA \ud83d\udfe5 #Publicidad #Amazon #16 \ud83d\udd34 Slides Adidas \u2705 AHORA 10 \u20ac \u2714\ufe0f\ud83d\udfe1 \u274c Antes 20.00 \u20ac \ud83d\uded2: https:\/\/btz.es\/4Z4kptt Descubre la comodidad y estilo con las Slides Adidas, perfectas para uso diario y actividad deportiva. Estas chanclas est\u00e1n dise\u00f1adas con materiales de alta calidad para ofrecer durabilidad y un ajuste \u00f3ptimo. Ideales para [&hellip;]<\/p>\n","protected":false},"featured_media":8362,"template":"","meta":{"_gspb_post_css":""},"store":[],"product_brand":[],"product_cat":[16],"product_tag":[],"class_list":{"0":"post-8363","1":"product","2":"type-product","3":"status-publish","4":"has-post-thumbnail","6":"product_cat-sin-categorizar","8":"first","9":"instock","10":"sale","11":"shipping-taxable","12":"product-type-external"},"jetpack_sharing_enabled":true,"_links":{"self":[{"href":"https:\/\/ofertacular.com\/index.php\/wp-json\/wp\/v2\/product\/8363","targetHints":{"allow":["GET"]}}],"collection":[{"href":"https:\/\/ofertacular.com\/index.php\/wp-json\/wp\/v2\/product"}],"about":[{"href":"https:\/\/ofertacular.com\/index.php\/wp-json\/wp\/v2\/types\/product"}],"wp:featuredmedia":[{"embeddable":true,"href":"https:\/\/ofertacular.com\/index.php\/wp-json\/wp\/v2\/media\/8362"}],"wp:attachment":[{"href":"https:\/\/ofertacular.com\/index.php\/wp-json\/wp\/v2\/media?parent=8363"}],"wp:term":[{"taxonomy":"store","embeddable":true,"href":"https:\/\/ofertacular.com\/index.php\/wp-json\/wp\/v2\/store?post=8363"},{"taxonomy":"product_brand","embeddable":true,"href":"https:\/\/ofertacular.com\/index.php\/wp-json\/wp\/v2\/product_brand?post=8363"},{"taxonomy":"product_cat","embeddable":true,"href":"https:\/\/ofertacular.com\/index.php\/wp-json\/wp\/v2\/product_cat?post=8363"},{"taxonomy":"product_tag","embeddable":true,"href":"https:\/\/ofertacular.com\/index.php\/wp-json\/wp\/v2\/product_tag?post=8363"}],"curies":[{"name":"wp","href":"https:\/\/api.w.org\/{rel}","templated":true}]}}