{"id":8387,"date":"2025-10-14T08:11:06","date_gmt":"2025-10-14T06:11:06","guid":{"rendered":"https:\/\/ofertacular.com\/index.php\/producto\/echo-spot-2\/"},"modified":"2025-10-14T08:11:06","modified_gmt":"2025-10-14T06:11:06","slug":"echo-spot-2","status":"publish","type":"product","link":"https:\/\/ofertacular.com\/index.php\/producto\/echo-spot-2\/","title":{"rendered":"Echo Spot"},"content":{"rendered":"<div class=\"oferta-container\">\n<p>\ud83d\udfe5 <b>\u00a1DESCUENTO \u00daNICO!<\/b> \ud83d\udfe5 #Publicidad #Amazon #16<\/p>\n<p>\ud83d\udd34 <b>Reloj inteligente <\/b><\/p>\n<p>\u2705 <b>AHORA 49.58 \u20ac<\/b> \u2714\ufe0f\ud83d\udfe1<\/p>\n<p>\u274c Antes 94.99 \u20ac<\/p>\n<p>\ud83d\uded2: <a href=\"https:\/\/btz.es\/4Z9WziS\" target=\"_blank\" rel=\"nofollow noopener\">https:\/\/btz.es\/4Z9WziS<\/a><\/p>\n<p>Descubre el Echo Spot, un reloj inteligente multifuncional dise\u00f1ado para brindarte comodidad y eficiencia en tu d\u00eda a d\u00eda. Con su pantalla t\u00e1ctil compacta y controles de voz Alexa integrados, puedes gestionar tus tareas, controlar dispositivos inteligentes y disfrutar de tus contenidos favoritos sin complicaciones. Ideal para hogares modernos que buscan funcionalidad y estilo en un solo dispositivo.<\/p>\n<\/p><\/div>\n","protected":false},"excerpt":{"rendered":"<p>\ud83d\udfe5 \u00a1DESCUENTO \u00daNICO! \ud83d\udfe5 #Publicidad #Amazon #16 \ud83d\udd34 Reloj inteligente \u2705 AHORA 49.58 \u20ac \u2714\ufe0f\ud83d\udfe1 \u274c Antes 94.99 \u20ac \ud83d\uded2: https:\/\/btz.es\/4Z9WziS Descubre el Echo Spot, un reloj inteligente multifuncional dise\u00f1ado para brindarte comodidad y eficiencia en tu d\u00eda a d\u00eda. Con su pantalla t\u00e1ctil compacta y controles de voz Alexa integrados, puedes gestionar tus tareas, [&hellip;]<\/p>\n","protected":false},"featured_media":8386,"template":"","meta":{"_gspb_post_css":""},"store":[],"product_brand":[],"product_cat":[16],"product_tag":[],"class_list":{"0":"post-8387","1":"product","2":"type-product","3":"status-publish","4":"has-post-thumbnail","6":"product_cat-sin-categorizar","8":"first","9":"instock","10":"sale","11":"shipping-taxable","12":"product-type-external"},"jetpack_sharing_enabled":true,"_links":{"self":[{"href":"https:\/\/ofertacular.com\/index.php\/wp-json\/wp\/v2\/product\/8387","targetHints":{"allow":["GET"]}}],"collection":[{"href":"https:\/\/ofertacular.com\/index.php\/wp-json\/wp\/v2\/product"}],"about":[{"href":"https:\/\/ofertacular.com\/index.php\/wp-json\/wp\/v2\/types\/product"}],"wp:featuredmedia":[{"embeddable":true,"href":"https:\/\/ofertacular.com\/index.php\/wp-json\/wp\/v2\/media\/8386"}],"wp:attachment":[{"href":"https:\/\/ofertacular.com\/index.php\/wp-json\/wp\/v2\/media?parent=8387"}],"wp:term":[{"taxonomy":"store","embeddable":true,"href":"https:\/\/ofertacular.com\/index.php\/wp-json\/wp\/v2\/store?post=8387"},{"taxonomy":"product_brand","embeddable":true,"href":"https:\/\/ofertacular.com\/index.php\/wp-json\/wp\/v2\/product_brand?post=8387"},{"taxonomy":"product_cat","embeddable":true,"href":"https:\/\/ofertacular.com\/index.php\/wp-json\/wp\/v2\/product_cat?post=8387"},{"taxonomy":"product_tag","embeddable":true,"href":"https:\/\/ofertacular.com\/index.php\/wp-json\/wp\/v2\/product_tag?post=8387"}],"curies":[{"name":"wp","href":"https:\/\/api.w.org\/{rel}","templated":true}]}}