{"id":8400,"date":"2025-10-15T11:06:24","date_gmt":"2025-10-15T09:06:24","guid":{"rendered":"https:\/\/ofertacular.com\/index.php\/producto\/cafe-vainilla\/"},"modified":"2025-10-15T11:06:24","modified_gmt":"2025-10-15T09:06:24","slug":"cafe-vainilla","status":"publish","type":"product","link":"https:\/\/ofertacular.com\/index.php\/producto\/cafe-vainilla\/","title":{"rendered":"Caf\u00e9 Vainilla"},"content":{"rendered":"<div class=\"oferta-container\">\n<p>\ud83d\udfe5 <b>REBAJA<\/b> \ud83d\udfe5 #Publicidad #Amazon #16<\/p>\n<p>\ud83d\udd34 <b>Caf\u00e9 Vainilla <\/b><\/p>\n<p>\u2705 <b>AHORA 3.54 \u20ac<\/b> \u2714\ufe0f\ud83d\udfe1<\/p>\n<p>\u274c Antes 4.08 \u20ac<\/p>\n<p>\ud83d\uded2: <a href=\"https:\/\/btz.es\/4ZG5dR4\" target=\"_blank\" rel=\"nofollow noopener\">https:\/\/btz.es\/4ZG5dR4<\/a><\/p>\n<p>Disfruta del sabor exquisito y arom\u00e1tico del Caf\u00e9 Vainilla, una mezcla perfecta que combina la intensidad del caf\u00e9 con el delicado toque de vainilla, ideal para los amantes de bebidas suaves y con car\u00e1cter. Perfecto para cualquier momento del d\u00eda, este caf\u00e9 ofrece una experiencia \u00fanica que cautiva los sentidos y mejora tu rutina diaria.<\/p>\n<\/p><\/div>\n","protected":false},"excerpt":{"rendered":"<p>\ud83d\udfe5 REBAJA \ud83d\udfe5 #Publicidad #Amazon #16 \ud83d\udd34 Caf\u00e9 Vainilla \u2705 AHORA 3.54 \u20ac \u2714\ufe0f\ud83d\udfe1 \u274c Antes 4.08 \u20ac \ud83d\uded2: https:\/\/btz.es\/4ZG5dR4 Disfruta del sabor exquisito y arom\u00e1tico del Caf\u00e9 Vainilla, una mezcla perfecta que combina la intensidad del caf\u00e9 con el delicado toque de vainilla, ideal para los amantes de bebidas suaves y con car\u00e1cter. Perfecto [&hellip;]<\/p>\n","protected":false},"featured_media":8399,"template":"","meta":{"_gspb_post_css":""},"store":[],"product_brand":[],"product_cat":[16],"product_tag":[],"class_list":{"0":"post-8400","1":"product","2":"type-product","3":"status-publish","4":"has-post-thumbnail","6":"product_cat-sin-categorizar","8":"first","9":"instock","10":"sale","11":"shipping-taxable","12":"product-type-external"},"jetpack_sharing_enabled":true,"_links":{"self":[{"href":"https:\/\/ofertacular.com\/index.php\/wp-json\/wp\/v2\/product\/8400","targetHints":{"allow":["GET"]}}],"collection":[{"href":"https:\/\/ofertacular.com\/index.php\/wp-json\/wp\/v2\/product"}],"about":[{"href":"https:\/\/ofertacular.com\/index.php\/wp-json\/wp\/v2\/types\/product"}],"wp:featuredmedia":[{"embeddable":true,"href":"https:\/\/ofertacular.com\/index.php\/wp-json\/wp\/v2\/media\/8399"}],"wp:attachment":[{"href":"https:\/\/ofertacular.com\/index.php\/wp-json\/wp\/v2\/media?parent=8400"}],"wp:term":[{"taxonomy":"store","embeddable":true,"href":"https:\/\/ofertacular.com\/index.php\/wp-json\/wp\/v2\/store?post=8400"},{"taxonomy":"product_brand","embeddable":true,"href":"https:\/\/ofertacular.com\/index.php\/wp-json\/wp\/v2\/product_brand?post=8400"},{"taxonomy":"product_cat","embeddable":true,"href":"https:\/\/ofertacular.com\/index.php\/wp-json\/wp\/v2\/product_cat?post=8400"},{"taxonomy":"product_tag","embeddable":true,"href":"https:\/\/ofertacular.com\/index.php\/wp-json\/wp\/v2\/product_tag?post=8400"}],"curies":[{"name":"wp","href":"https:\/\/api.w.org\/{rel}","templated":true}]}}