{"id":8410,"date":"2025-10-15T13:30:20","date_gmt":"2025-10-15T11:30:20","guid":{"rendered":"https:\/\/ofertacular.com\/index.php\/producto\/foco-proyector-2\/"},"modified":"2025-10-15T13:30:20","modified_gmt":"2025-10-15T11:30:20","slug":"foco-proyector-2","status":"publish","type":"product","link":"https:\/\/ofertacular.com\/index.php\/producto\/foco-proyector-2\/","title":{"rendered":"Foco Proyector"},"content":{"rendered":"<div class=\"oferta-container\">\n<p>\ud83d\udfe5 <b>\u00a1S\u00d3LO HOY!<\/b> \ud83d\udfe5 #Publicidad #Amazon #16<\/p>\n<p>\ud83d\udd34 <b>Foco Proyector <\/b><\/p>\n<p>\u2705 <b>AHORA 5.5 \u20ac<\/b> \u2714\ufe0f\ud83d\udfe1<\/p>\n<p>\u274c Antes <\/p>\n<p>\ud83d\uded2: <a href=\"https:\/\/btz.es\/4ZHfs5h\" target=\"_blank\" rel=\"nofollow noopener\">https:\/\/btz.es\/4ZHfs5h<\/a><\/p>\n<p>Descubre el potente Foco Proyector dise\u00f1ado para ofrecer iluminaci\u00f3n de alto rendimiento en cualquier espacio. Ideal para uso exterior e interior, con una instalaci\u00f3n sencilla y eficiente que garantiza un ambiente seguro y bien iluminado. Perfecto para destacar detalles arquitect\u00f3nicos, jardines, fachadas o eventos. Su dise\u00f1o robusto y duradero asegura una larga vida \u00fatil, mientras que su tecnolog\u00eda LED proporciona un consumo energ\u00e9tico optimizado y una luz brillante de alta calidad. Maximiza la visibilidad y realza tus espacios con este foco proyector indispensable.<\/p>\n<\/p><\/div>\n","protected":false},"excerpt":{"rendered":"<p>\ud83d\udfe5 \u00a1S\u00d3LO HOY! \ud83d\udfe5 #Publicidad #Amazon #16 \ud83d\udd34 Foco Proyector \u2705 AHORA 5.5 \u20ac \u2714\ufe0f\ud83d\udfe1 \u274c Antes \ud83d\uded2: https:\/\/btz.es\/4ZHfs5h Descubre el potente Foco Proyector dise\u00f1ado para ofrecer iluminaci\u00f3n de alto rendimiento en cualquier espacio. Ideal para uso exterior e interior, con una instalaci\u00f3n sencilla y eficiente que garantiza un ambiente seguro y bien iluminado. Perfecto [&hellip;]<\/p>\n","protected":false},"featured_media":8409,"template":"","meta":{"_gspb_post_css":""},"store":[],"product_brand":[],"product_cat":[16],"product_tag":[],"class_list":{"0":"post-8410","1":"product","2":"type-product","3":"status-publish","4":"has-post-thumbnail","6":"product_cat-sin-categorizar","8":"first","9":"instock","10":"shipping-taxable","11":"product-type-external"},"jetpack_sharing_enabled":true,"_links":{"self":[{"href":"https:\/\/ofertacular.com\/index.php\/wp-json\/wp\/v2\/product\/8410","targetHints":{"allow":["GET"]}}],"collection":[{"href":"https:\/\/ofertacular.com\/index.php\/wp-json\/wp\/v2\/product"}],"about":[{"href":"https:\/\/ofertacular.com\/index.php\/wp-json\/wp\/v2\/types\/product"}],"wp:featuredmedia":[{"embeddable":true,"href":"https:\/\/ofertacular.com\/index.php\/wp-json\/wp\/v2\/media\/8409"}],"wp:attachment":[{"href":"https:\/\/ofertacular.com\/index.php\/wp-json\/wp\/v2\/media?parent=8410"}],"wp:term":[{"taxonomy":"store","embeddable":true,"href":"https:\/\/ofertacular.com\/index.php\/wp-json\/wp\/v2\/store?post=8410"},{"taxonomy":"product_brand","embeddable":true,"href":"https:\/\/ofertacular.com\/index.php\/wp-json\/wp\/v2\/product_brand?post=8410"},{"taxonomy":"product_cat","embeddable":true,"href":"https:\/\/ofertacular.com\/index.php\/wp-json\/wp\/v2\/product_cat?post=8410"},{"taxonomy":"product_tag","embeddable":true,"href":"https:\/\/ofertacular.com\/index.php\/wp-json\/wp\/v2\/product_tag?post=8410"}],"curies":[{"name":"wp","href":"https:\/\/api.w.org\/{rel}","templated":true}]}}