{"id":8430,"date":"2025-10-17T08:19:41","date_gmt":"2025-10-17T06:19:41","guid":{"rendered":"https:\/\/ofertacular.com\/index.php\/producto\/adidas-runner\/"},"modified":"2025-10-17T08:19:41","modified_gmt":"2025-10-17T06:19:41","slug":"adidas-runner","status":"publish","type":"product","link":"https:\/\/ofertacular.com\/index.php\/producto\/adidas-runner\/","title":{"rendered":"adidas Runner"},"content":{"rendered":"<div class=\"oferta-container\">\n<p>\ud83d\udfe5 <b>SUPER OFERTA<\/b> \ud83d\udfe5 #Publicidad #Amazon #16<\/p>\n<p>\ud83d\udd34 <b>Zapatillas Running <\/b><\/p>\n<p>\u2705 <b>AHORA 29.99 \u20ac<\/b> \u2714\ufe0f\ud83d\udfe1<\/p>\n<p>\u274c Antes 50.00 \u20ac<\/p>\n<p>\ud83d\uded2: <a href=\"https:\/\/btz.es\/4ZR6iKi\" target=\"_blank\" rel=\"nofollow noopener\">https:\/\/btz.es\/4ZR6iKi<\/a><\/p>\n<p>Descubre las Zapatillas Running Adidas, dise\u00f1adas para ofrecer el m\u00e1ximo rendimiento y comodidad en cada paso. Con tecnolog\u00eda avanzada y un dise\u00f1o moderno, estas zapatillas son ideales para atletas y corredores que buscan calidad y estilo. Perfectas para entrenamientos intensos y uso diario, combinan durabilidad y ligereza para mejorar tu experiencia deportiva. Optimiza tu rendimiento con las zapatillas de running Adidas, una elecci\u00f3n l\u00edder en calzado deportivo.<\/p>\n<\/p><\/div>\n","protected":false},"excerpt":{"rendered":"<p>\ud83d\udfe5 SUPER OFERTA \ud83d\udfe5 #Publicidad #Amazon #16 \ud83d\udd34 Zapatillas Running \u2705 AHORA 29.99 \u20ac \u2714\ufe0f\ud83d\udfe1 \u274c Antes 50.00 \u20ac \ud83d\uded2: https:\/\/btz.es\/4ZR6iKi Descubre las Zapatillas Running Adidas, dise\u00f1adas para ofrecer el m\u00e1ximo rendimiento y comodidad en cada paso. Con tecnolog\u00eda avanzada y un dise\u00f1o moderno, estas zapatillas son ideales para atletas y corredores que buscan calidad [&hellip;]<\/p>\n","protected":false},"featured_media":8429,"template":"","meta":{"_gspb_post_css":""},"store":[],"product_brand":[],"product_cat":[16],"product_tag":[],"class_list":{"0":"post-8430","1":"product","2":"type-product","3":"status-publish","4":"has-post-thumbnail","6":"product_cat-sin-categorizar","8":"first","9":"instock","10":"sale","11":"shipping-taxable","12":"product-type-external"},"jetpack_sharing_enabled":true,"_links":{"self":[{"href":"https:\/\/ofertacular.com\/index.php\/wp-json\/wp\/v2\/product\/8430","targetHints":{"allow":["GET"]}}],"collection":[{"href":"https:\/\/ofertacular.com\/index.php\/wp-json\/wp\/v2\/product"}],"about":[{"href":"https:\/\/ofertacular.com\/index.php\/wp-json\/wp\/v2\/types\/product"}],"wp:featuredmedia":[{"embeddable":true,"href":"https:\/\/ofertacular.com\/index.php\/wp-json\/wp\/v2\/media\/8429"}],"wp:attachment":[{"href":"https:\/\/ofertacular.com\/index.php\/wp-json\/wp\/v2\/media?parent=8430"}],"wp:term":[{"taxonomy":"store","embeddable":true,"href":"https:\/\/ofertacular.com\/index.php\/wp-json\/wp\/v2\/store?post=8430"},{"taxonomy":"product_brand","embeddable":true,"href":"https:\/\/ofertacular.com\/index.php\/wp-json\/wp\/v2\/product_brand?post=8430"},{"taxonomy":"product_cat","embeddable":true,"href":"https:\/\/ofertacular.com\/index.php\/wp-json\/wp\/v2\/product_cat?post=8430"},{"taxonomy":"product_tag","embeddable":true,"href":"https:\/\/ofertacular.com\/index.php\/wp-json\/wp\/v2\/product_tag?post=8430"}],"curies":[{"name":"wp","href":"https:\/\/api.w.org\/{rel}","templated":true}]}}