{"id":8434,"date":"2025-10-17T10:40:28","date_gmt":"2025-10-17T08:40:28","guid":{"rendered":"https:\/\/ofertacular.com\/index.php\/producto\/cinta-caminadora\/"},"modified":"2025-10-17T10:40:28","modified_gmt":"2025-10-17T08:40:28","slug":"cinta-caminadora","status":"publish","type":"product","link":"https:\/\/ofertacular.com\/index.php\/producto\/cinta-caminadora\/","title":{"rendered":"Cinta Caminadora"},"content":{"rendered":"<div class=\"oferta-container\">\n<p>\ud83d\udfe5 <b>\u00a1OFERT\u00d3N!<\/b> \ud83d\udfe5 #Publicidad #Amazon #16<\/p>\n<p>\ud83d\udd34 <b>Cinta Caminadora <\/b><\/p>\n<p>\u2705 <b>AHORA 66.49 \u20ac<\/b> \u2714\ufe0f\ud83d\udfe1<\/p>\n<p>\u274c Antes 499.99 \u20ac<\/p>\n<p>\ud83d\uded2: <a href=\"https:\/\/btz.es\/4ZSfArA\" target=\"_blank\" rel=\"nofollow noopener\">https:\/\/btz.es\/4ZSfArA<\/a><\/p>\n<p>Descubre la mejor cinta caminadora dise\u00f1ada para optimizar tus entrenamientos en casa o en el gimnasio. Equipado con tecnolog\u00eda avanzada para monitoreo de velocidad y resistencia, este equipo fitness es ideal para quienes buscan mejorar su salud cardiovascular y tonificar sus m\u00fasculos. Su dise\u00f1o robusto y compacto permite un uso eficiente y c\u00f3modo, adapt\u00e1ndose a cualquier espacio. Invierte en tu bienestar con esta cinta caminadora que combina calidad y rendimiento superior.<\/p>\n<\/p><\/div>\n","protected":false},"excerpt":{"rendered":"<p>\ud83d\udfe5 \u00a1OFERT\u00d3N! \ud83d\udfe5 #Publicidad #Amazon #16 \ud83d\udd34 Cinta Caminadora \u2705 AHORA 66.49 \u20ac \u2714\ufe0f\ud83d\udfe1 \u274c Antes 499.99 \u20ac \ud83d\uded2: https:\/\/btz.es\/4ZSfArA Descubre la mejor cinta caminadora dise\u00f1ada para optimizar tus entrenamientos en casa o en el gimnasio. Equipado con tecnolog\u00eda avanzada para monitoreo de velocidad y resistencia, este equipo fitness es ideal para quienes buscan mejorar [&hellip;]<\/p>\n","protected":false},"featured_media":8433,"template":"","meta":{"_gspb_post_css":""},"store":[],"product_brand":[],"product_cat":[16],"product_tag":[],"class_list":{"0":"post-8434","1":"product","2":"type-product","3":"status-publish","4":"has-post-thumbnail","6":"product_cat-sin-categorizar","8":"first","9":"instock","10":"sale","11":"shipping-taxable","12":"product-type-external"},"jetpack_sharing_enabled":true,"_links":{"self":[{"href":"https:\/\/ofertacular.com\/index.php\/wp-json\/wp\/v2\/product\/8434","targetHints":{"allow":["GET"]}}],"collection":[{"href":"https:\/\/ofertacular.com\/index.php\/wp-json\/wp\/v2\/product"}],"about":[{"href":"https:\/\/ofertacular.com\/index.php\/wp-json\/wp\/v2\/types\/product"}],"wp:featuredmedia":[{"embeddable":true,"href":"https:\/\/ofertacular.com\/index.php\/wp-json\/wp\/v2\/media\/8433"}],"wp:attachment":[{"href":"https:\/\/ofertacular.com\/index.php\/wp-json\/wp\/v2\/media?parent=8434"}],"wp:term":[{"taxonomy":"store","embeddable":true,"href":"https:\/\/ofertacular.com\/index.php\/wp-json\/wp\/v2\/store?post=8434"},{"taxonomy":"product_brand","embeddable":true,"href":"https:\/\/ofertacular.com\/index.php\/wp-json\/wp\/v2\/product_brand?post=8434"},{"taxonomy":"product_cat","embeddable":true,"href":"https:\/\/ofertacular.com\/index.php\/wp-json\/wp\/v2\/product_cat?post=8434"},{"taxonomy":"product_tag","embeddable":true,"href":"https:\/\/ofertacular.com\/index.php\/wp-json\/wp\/v2\/product_tag?post=8434"}],"curies":[{"name":"wp","href":"https:\/\/api.w.org\/{rel}","templated":true}]}}