{"id":8444,"date":"2025-10-17T14:03:51","date_gmt":"2025-10-17T12:03:51","guid":{"rendered":"https:\/\/ofertacular.com\/index.php\/producto\/pepe-jeans-17\/"},"modified":"2025-10-17T14:03:51","modified_gmt":"2025-10-17T12:03:51","slug":"pepe-jeans-17","status":"publish","type":"product","link":"https:\/\/ofertacular.com\/index.php\/producto\/pepe-jeans-17\/","title":{"rendered":"Pepe Jeans"},"content":{"rendered":"<div class=\"oferta-container\">\n<p>\ud83d\udfe5 <b>\u00a1GANGAZO!<\/b> \ud83d\udfe5 #Publicidad #Amazon #16<\/p>\n<p>\ud83d\udd34 <b>Jeans Hombre <\/b><\/p>\n<p>\u2705 <b>AHORA 18.99 \u20ac<\/b> \u2714\ufe0f\ud83d\udfe1<\/p>\n<p>\u274c Antes 49.90 \u20ac<\/p>\n<p>\ud83d\uded2: <a href=\"https:\/\/btz.es\/4ZSUMOw\" target=\"_blank\" rel=\"nofollow noopener\">https:\/\/btz.es\/4ZSUMOw<\/a><\/p>\n<p>Descubre la calidad y estilo \u00fanico de los Jeans para hombre de Pepe Jeans. Dise\u00f1ados para ofrecer un ajuste perfecto y comodidad durante todo el d\u00eda, estos jeans son ideales para cualquier ocasi\u00f3n, desde eventos casuales hasta salidas con amigos. Confeccionados con materiales duraderos y acabados modernos, garantizan una apariencia elegante y contempor\u00e1nea. Optimiza tu guardarropa con la autenticidad y el dise\u00f1o distintivo que solo Pepe Jeans puede ofrecer, asegurando que siempre est\u00e9s a la vanguardia de la moda masculina.<\/p>\n<\/p><\/div>\n","protected":false},"excerpt":{"rendered":"<p>\ud83d\udfe5 \u00a1GANGAZO! \ud83d\udfe5 #Publicidad #Amazon #16 \ud83d\udd34 Jeans Hombre \u2705 AHORA 18.99 \u20ac \u2714\ufe0f\ud83d\udfe1 \u274c Antes 49.90 \u20ac \ud83d\uded2: https:\/\/btz.es\/4ZSUMOw Descubre la calidad y estilo \u00fanico de los Jeans para hombre de Pepe Jeans. Dise\u00f1ados para ofrecer un ajuste perfecto y comodidad durante todo el d\u00eda, estos jeans son ideales para cualquier ocasi\u00f3n, desde eventos [&hellip;]<\/p>\n","protected":false},"featured_media":8443,"template":"","meta":{"_gspb_post_css":""},"store":[],"product_brand":[],"product_cat":[16],"product_tag":[],"class_list":{"0":"post-8444","1":"product","2":"type-product","3":"status-publish","4":"has-post-thumbnail","6":"product_cat-sin-categorizar","8":"first","9":"instock","10":"sale","11":"shipping-taxable","12":"product-type-external"},"jetpack_sharing_enabled":true,"_links":{"self":[{"href":"https:\/\/ofertacular.com\/index.php\/wp-json\/wp\/v2\/product\/8444","targetHints":{"allow":["GET"]}}],"collection":[{"href":"https:\/\/ofertacular.com\/index.php\/wp-json\/wp\/v2\/product"}],"about":[{"href":"https:\/\/ofertacular.com\/index.php\/wp-json\/wp\/v2\/types\/product"}],"wp:featuredmedia":[{"embeddable":true,"href":"https:\/\/ofertacular.com\/index.php\/wp-json\/wp\/v2\/media\/8443"}],"wp:attachment":[{"href":"https:\/\/ofertacular.com\/index.php\/wp-json\/wp\/v2\/media?parent=8444"}],"wp:term":[{"taxonomy":"store","embeddable":true,"href":"https:\/\/ofertacular.com\/index.php\/wp-json\/wp\/v2\/store?post=8444"},{"taxonomy":"product_brand","embeddable":true,"href":"https:\/\/ofertacular.com\/index.php\/wp-json\/wp\/v2\/product_brand?post=8444"},{"taxonomy":"product_cat","embeddable":true,"href":"https:\/\/ofertacular.com\/index.php\/wp-json\/wp\/v2\/product_cat?post=8444"},{"taxonomy":"product_tag","embeddable":true,"href":"https:\/\/ofertacular.com\/index.php\/wp-json\/wp\/v2\/product_tag?post=8444"}],"curies":[{"name":"wp","href":"https:\/\/api.w.org\/{rel}","templated":true}]}}