{"id":8468,"date":"2025-10-20T06:58:20","date_gmt":"2025-10-20T04:58:20","guid":{"rendered":"https:\/\/ofertacular.com\/index.php\/producto\/levis-jeans-4\/"},"modified":"2025-10-20T06:58:20","modified_gmt":"2025-10-20T04:58:20","slug":"levis-jeans-4","status":"publish","type":"product","link":"https:\/\/ofertacular.com\/index.php\/producto\/levis-jeans-4\/","title":{"rendered":"Levi&#8217;s Jeans"},"content":{"rendered":"<div class=\"oferta-container\">\n<p>\ud83d\udfe5 <b>\u00a1S\u00d3LO HOY!<\/b> \ud83d\udfe5 #Publicidad #Amazon #16<\/p>\n<p>\ud83d\udd34 <b>Jeans Levi&#8217;s <\/b><\/p>\n<p>\u2705 <b>AHORA 49.95 \u20ac<\/b> \u2714\ufe0f\ud83d\udfe1<\/p>\n<p>\u274c Antes <\/p>\n<p>\ud83d\uded2: <a href=\"https:\/\/btz.es\/5aiJoNn\" target=\"_blank\" rel=\"nofollow noopener\">https:\/\/btz.es\/5aiJoNn<\/a><\/p>\n<p>Descubre la aut\u00e9ntica calidad y estilo con los Jeans Levi&#8217;s, la marca emblem\u00e1tica que combina comodidad y durabilidad. Perfectos para cualquier ocasi\u00f3n, estos jeans est\u00e1n dise\u00f1ados para ofrecer un ajuste impecable y un look moderno que nunca pasa de moda. Optimiza tu armario con Levi&#8217;s, una elecci\u00f3n confiable y trendy que garantiza destacar entre la multitud.<\/p>\n<\/p><\/div>\n","protected":false},"excerpt":{"rendered":"<p>\ud83d\udfe5 \u00a1S\u00d3LO HOY! \ud83d\udfe5 #Publicidad #Amazon #16 \ud83d\udd34 Jeans Levi&#8217;s \u2705 AHORA 49.95 \u20ac \u2714\ufe0f\ud83d\udfe1 \u274c Antes \ud83d\uded2: https:\/\/btz.es\/5aiJoNn Descubre la aut\u00e9ntica calidad y estilo con los Jeans Levi&#8217;s, la marca emblem\u00e1tica que combina comodidad y durabilidad. Perfectos para cualquier ocasi\u00f3n, estos jeans est\u00e1n dise\u00f1ados para ofrecer un ajuste impecable y un look moderno que [&hellip;]<\/p>\n","protected":false},"featured_media":8467,"template":"","meta":{"_gspb_post_css":""},"store":[],"product_brand":[],"product_cat":[16],"product_tag":[],"class_list":{"0":"post-8468","1":"product","2":"type-product","3":"status-publish","4":"has-post-thumbnail","6":"product_cat-sin-categorizar","8":"first","9":"instock","10":"shipping-taxable","11":"product-type-external"},"jetpack_sharing_enabled":true,"_links":{"self":[{"href":"https:\/\/ofertacular.com\/index.php\/wp-json\/wp\/v2\/product\/8468","targetHints":{"allow":["GET"]}}],"collection":[{"href":"https:\/\/ofertacular.com\/index.php\/wp-json\/wp\/v2\/product"}],"about":[{"href":"https:\/\/ofertacular.com\/index.php\/wp-json\/wp\/v2\/types\/product"}],"wp:featuredmedia":[{"embeddable":true,"href":"https:\/\/ofertacular.com\/index.php\/wp-json\/wp\/v2\/media\/8467"}],"wp:attachment":[{"href":"https:\/\/ofertacular.com\/index.php\/wp-json\/wp\/v2\/media?parent=8468"}],"wp:term":[{"taxonomy":"store","embeddable":true,"href":"https:\/\/ofertacular.com\/index.php\/wp-json\/wp\/v2\/store?post=8468"},{"taxonomy":"product_brand","embeddable":true,"href":"https:\/\/ofertacular.com\/index.php\/wp-json\/wp\/v2\/product_brand?post=8468"},{"taxonomy":"product_cat","embeddable":true,"href":"https:\/\/ofertacular.com\/index.php\/wp-json\/wp\/v2\/product_cat?post=8468"},{"taxonomy":"product_tag","embeddable":true,"href":"https:\/\/ofertacular.com\/index.php\/wp-json\/wp\/v2\/product_tag?post=8468"}],"curies":[{"name":"wp","href":"https:\/\/api.w.org\/{rel}","templated":true}]}}