{"id":8518,"date":"2025-10-21T07:35:16","date_gmt":"2025-10-21T05:35:16","guid":{"rendered":"https:\/\/ofertacular.com\/index.php\/producto\/boligrafo-rojo\/"},"modified":"2025-10-21T07:35:16","modified_gmt":"2025-10-21T05:35:16","slug":"boligrafo-rojo","status":"publish","type":"product","link":"https:\/\/ofertacular.com\/index.php\/producto\/boligrafo-rojo\/","title":{"rendered":"Bol\u00edgrafo Rojo"},"content":{"rendered":"<div class=\"oferta-container\">\n<p>\ud83d\udfe5 <b>\u00a1APROVECHA!<\/b> \ud83d\udfe5 #Publicidad #Amazon #16<\/p>\n<p>\ud83d\udd34 <b>Bol\u00edgrafo Rojo <\/b><\/p>\n<p>\u2705 <b>AHORA 7.59 \u20ac<\/b> \u2714\ufe0f\ud83d\udfe1<\/p>\n<p>\u274c Antes 9.99 \u20ac<\/p>\n<p>\ud83d\uded2: <a href=\"https:\/\/btz.es\/5aoJdzr\" target=\"_blank\" rel=\"nofollow noopener\">https:\/\/btz.es\/5aoJdzr<\/a><\/p>\n<p>Descubre la calidad y comodidad de nuestro bol\u00edgrafo rojo, ideal para una escritura suave y precisa. Perfecto para uso profesional y escolar, este bol\u00edgrafo combina estilo con funcionalidad, garantizando una experiencia de escritura inigualable. Optimizado para destacar en b\u00fasquedas relacionadas con papeler\u00eda y art\u00edculos de escritura de alta calidad.<\/p>\n<\/p><\/div>\n","protected":false},"excerpt":{"rendered":"<p>\ud83d\udfe5 \u00a1APROVECHA! \ud83d\udfe5 #Publicidad #Amazon #16 \ud83d\udd34 Bol\u00edgrafo Rojo \u2705 AHORA 7.59 \u20ac \u2714\ufe0f\ud83d\udfe1 \u274c Antes 9.99 \u20ac \ud83d\uded2: https:\/\/btz.es\/5aoJdzr Descubre la calidad y comodidad de nuestro bol\u00edgrafo rojo, ideal para una escritura suave y precisa. Perfecto para uso profesional y escolar, este bol\u00edgrafo combina estilo con funcionalidad, garantizando una experiencia de escritura inigualable. Optimizado [&hellip;]<\/p>\n","protected":false},"featured_media":8517,"template":"","meta":{"_gspb_post_css":""},"store":[],"product_brand":[],"product_cat":[16],"product_tag":[],"class_list":{"0":"post-8518","1":"product","2":"type-product","3":"status-publish","4":"has-post-thumbnail","6":"product_cat-sin-categorizar","8":"first","9":"instock","10":"sale","11":"shipping-taxable","12":"product-type-external"},"jetpack_sharing_enabled":true,"_links":{"self":[{"href":"https:\/\/ofertacular.com\/index.php\/wp-json\/wp\/v2\/product\/8518","targetHints":{"allow":["GET"]}}],"collection":[{"href":"https:\/\/ofertacular.com\/index.php\/wp-json\/wp\/v2\/product"}],"about":[{"href":"https:\/\/ofertacular.com\/index.php\/wp-json\/wp\/v2\/types\/product"}],"wp:featuredmedia":[{"embeddable":true,"href":"https:\/\/ofertacular.com\/index.php\/wp-json\/wp\/v2\/media\/8517"}],"wp:attachment":[{"href":"https:\/\/ofertacular.com\/index.php\/wp-json\/wp\/v2\/media?parent=8518"}],"wp:term":[{"taxonomy":"store","embeddable":true,"href":"https:\/\/ofertacular.com\/index.php\/wp-json\/wp\/v2\/store?post=8518"},{"taxonomy":"product_brand","embeddable":true,"href":"https:\/\/ofertacular.com\/index.php\/wp-json\/wp\/v2\/product_brand?post=8518"},{"taxonomy":"product_cat","embeddable":true,"href":"https:\/\/ofertacular.com\/index.php\/wp-json\/wp\/v2\/product_cat?post=8518"},{"taxonomy":"product_tag","embeddable":true,"href":"https:\/\/ofertacular.com\/index.php\/wp-json\/wp\/v2\/product_tag?post=8518"}],"curies":[{"name":"wp","href":"https:\/\/api.w.org\/{rel}","templated":true}]}}