{"id":8532,"date":"2025-10-21T08:22:24","date_gmt":"2025-10-21T06:22:24","guid":{"rendered":"https:\/\/ofertacular.com\/index.php\/producto\/karaoke-microfonos\/"},"modified":"2025-10-21T08:22:24","modified_gmt":"2025-10-21T06:22:24","slug":"karaoke-microfonos","status":"publish","type":"product","link":"https:\/\/ofertacular.com\/index.php\/producto\/karaoke-microfonos\/","title":{"rendered":"Karaoke Micr\u00f3fonos"},"content":{"rendered":"<div class=\"oferta-container\">\n<p>\ud83d\udfe5 <b>AHORRA AQU\u00cd<\/b> \ud83d\udfe5 #Publicidad #Amazon #16<\/p>\n<p>\ud83d\udd34 <b>Micr\u00f3fono Karaoke <\/b><\/p>\n<p>\u2705 <b>AHORA 18.86 \u20ac<\/b> \u2714\ufe0f\ud83d\udfe1<\/p>\n<p>\u274c Antes 21.99 \u20ac<\/p>\n<p>\ud83d\uded2: <a href=\"https:\/\/btz.es\/5aoUVyi\" target=\"_blank\" rel=\"nofollow noopener\">https:\/\/btz.es\/5aoUVyi<\/a><\/p>\n<p>Disfruta de la mejor experiencia musical con nuestro Micr\u00f3fono Karaoke de alta calidad. Ideal para fiestas, eventos y para tus momentos de entretenimiento en casa. Dise\u00f1o ergon\u00f3mico y sonido claro que realza tu voz. Perfecto para cantar y compartir con amigos y familiares. Optimizado para garantizar un rendimiento superior y compatibilidad con m\u00faltiples dispositivos.<\/p>\n<\/p><\/div>\n","protected":false},"excerpt":{"rendered":"<p>\ud83d\udfe5 AHORRA AQU\u00cd \ud83d\udfe5 #Publicidad #Amazon #16 \ud83d\udd34 Micr\u00f3fono Karaoke \u2705 AHORA 18.86 \u20ac \u2714\ufe0f\ud83d\udfe1 \u274c Antes 21.99 \u20ac \ud83d\uded2: https:\/\/btz.es\/5aoUVyi Disfruta de la mejor experiencia musical con nuestro Micr\u00f3fono Karaoke de alta calidad. Ideal para fiestas, eventos y para tus momentos de entretenimiento en casa. Dise\u00f1o ergon\u00f3mico y sonido claro que realza tu voz. [&hellip;]<\/p>\n","protected":false},"featured_media":8531,"template":"","meta":{"_gspb_post_css":""},"store":[],"product_brand":[],"product_cat":[16],"product_tag":[],"class_list":{"0":"post-8532","1":"product","2":"type-product","3":"status-publish","4":"has-post-thumbnail","6":"product_cat-sin-categorizar","8":"first","9":"instock","10":"sale","11":"shipping-taxable","12":"product-type-external"},"jetpack_sharing_enabled":true,"_links":{"self":[{"href":"https:\/\/ofertacular.com\/index.php\/wp-json\/wp\/v2\/product\/8532","targetHints":{"allow":["GET"]}}],"collection":[{"href":"https:\/\/ofertacular.com\/index.php\/wp-json\/wp\/v2\/product"}],"about":[{"href":"https:\/\/ofertacular.com\/index.php\/wp-json\/wp\/v2\/types\/product"}],"wp:featuredmedia":[{"embeddable":true,"href":"https:\/\/ofertacular.com\/index.php\/wp-json\/wp\/v2\/media\/8531"}],"wp:attachment":[{"href":"https:\/\/ofertacular.com\/index.php\/wp-json\/wp\/v2\/media?parent=8532"}],"wp:term":[{"taxonomy":"store","embeddable":true,"href":"https:\/\/ofertacular.com\/index.php\/wp-json\/wp\/v2\/store?post=8532"},{"taxonomy":"product_brand","embeddable":true,"href":"https:\/\/ofertacular.com\/index.php\/wp-json\/wp\/v2\/product_brand?post=8532"},{"taxonomy":"product_cat","embeddable":true,"href":"https:\/\/ofertacular.com\/index.php\/wp-json\/wp\/v2\/product_cat?post=8532"},{"taxonomy":"product_tag","embeddable":true,"href":"https:\/\/ofertacular.com\/index.php\/wp-json\/wp\/v2\/product_tag?post=8532"}],"curies":[{"name":"wp","href":"https:\/\/api.w.org\/{rel}","templated":true}]}}