{"id":8536,"date":"2025-10-21T08:26:07","date_gmt":"2025-10-21T06:26:07","guid":{"rendered":"https:\/\/ofertacular.com\/index.php\/producto\/guantes-portero\/"},"modified":"2025-10-21T08:26:07","modified_gmt":"2025-10-21T06:26:07","slug":"guantes-portero","status":"publish","type":"product","link":"https:\/\/ofertacular.com\/index.php\/producto\/guantes-portero\/","title":{"rendered":"Guantes Portero"},"content":{"rendered":"<div class=\"oferta-container\">\n<p>\ud83d\udfe5 <b>DESCUENTAZO<\/b> \ud83d\udfe5 #Publicidad #Amazon #16<\/p>\n<p>\ud83d\udd34 <b>Guantes Portero <\/b><\/p>\n<p>\u2705 <b>AHORA 5.62 \u20ac<\/b> \u2714\ufe0f\ud83d\udfe1<\/p>\n<p>\u274c Antes 6.23 \u20ac<\/p>\n<p>\ud83d\uded2: <a href=\"https:\/\/btz.es\/5aoVRy3\" target=\"_blank\" rel=\"nofollow noopener\">https:\/\/btz.es\/5aoVRy3<\/a><\/p>\n<p>Descubre los mejores guantes de portero dise\u00f1ados para ofrecer un agarre excepcional y m\u00e1xima comodidad durante el juego. Fabricados con materiales de alta calidad, estos guantes proporcionan protecci\u00f3n y durabilidad, ideales tanto para entrenamientos como para partidos profesionales. Mejora tu rendimiento en el campo con guantes que combinan tecnolog\u00eda avanzada y estilo premium, asegurando una experiencia \u00fanica para guardametas exigentes.<\/p>\n<\/p><\/div>\n","protected":false},"excerpt":{"rendered":"<p>\ud83d\udfe5 DESCUENTAZO \ud83d\udfe5 #Publicidad #Amazon #16 \ud83d\udd34 Guantes Portero \u2705 AHORA 5.62 \u20ac \u2714\ufe0f\ud83d\udfe1 \u274c Antes 6.23 \u20ac \ud83d\uded2: https:\/\/btz.es\/5aoVRy3 Descubre los mejores guantes de portero dise\u00f1ados para ofrecer un agarre excepcional y m\u00e1xima comodidad durante el juego. Fabricados con materiales de alta calidad, estos guantes proporcionan protecci\u00f3n y durabilidad, ideales tanto para entrenamientos como [&hellip;]<\/p>\n","protected":false},"featured_media":8535,"template":"","meta":{"_gspb_post_css":""},"store":[],"product_brand":[],"product_cat":[16],"product_tag":[],"class_list":{"0":"post-8536","1":"product","2":"type-product","3":"status-publish","4":"has-post-thumbnail","6":"product_cat-sin-categorizar","8":"first","9":"instock","10":"sale","11":"shipping-taxable","12":"product-type-external"},"jetpack_sharing_enabled":true,"_links":{"self":[{"href":"https:\/\/ofertacular.com\/index.php\/wp-json\/wp\/v2\/product\/8536","targetHints":{"allow":["GET"]}}],"collection":[{"href":"https:\/\/ofertacular.com\/index.php\/wp-json\/wp\/v2\/product"}],"about":[{"href":"https:\/\/ofertacular.com\/index.php\/wp-json\/wp\/v2\/types\/product"}],"wp:featuredmedia":[{"embeddable":true,"href":"https:\/\/ofertacular.com\/index.php\/wp-json\/wp\/v2\/media\/8535"}],"wp:attachment":[{"href":"https:\/\/ofertacular.com\/index.php\/wp-json\/wp\/v2\/media?parent=8536"}],"wp:term":[{"taxonomy":"store","embeddable":true,"href":"https:\/\/ofertacular.com\/index.php\/wp-json\/wp\/v2\/store?post=8536"},{"taxonomy":"product_brand","embeddable":true,"href":"https:\/\/ofertacular.com\/index.php\/wp-json\/wp\/v2\/product_brand?post=8536"},{"taxonomy":"product_cat","embeddable":true,"href":"https:\/\/ofertacular.com\/index.php\/wp-json\/wp\/v2\/product_cat?post=8536"},{"taxonomy":"product_tag","embeddable":true,"href":"https:\/\/ofertacular.com\/index.php\/wp-json\/wp\/v2\/product_tag?post=8536"}],"curies":[{"name":"wp","href":"https:\/\/api.w.org\/{rel}","templated":true}]}}