{"id":8538,"date":"2025-10-21T08:35:59","date_gmt":"2025-10-21T06:35:59","guid":{"rendered":"https:\/\/ofertacular.com\/index.php\/producto\/packable-jacket\/"},"modified":"2025-10-21T08:35:59","modified_gmt":"2025-10-21T06:35:59","slug":"packable-jacket","status":"publish","type":"product","link":"https:\/\/ofertacular.com\/index.php\/producto\/packable-jacket\/","title":{"rendered":"Packable Jacket"},"content":{"rendered":"<div class=\"oferta-container\">\n<p>\ud83d\udfe5 <b>ES UN CHOLL\u00d3N<\/b> \ud83d\udfe5 #Publicidad #Amazon #16<\/p>\n<p>\ud83d\udd34 <b>Chaqueta Packable <\/b><\/p>\n<p>\u2705 <b>AHORA 25 \u20ac<\/b> \u2714\ufe0f\ud83d\udfe1<\/p>\n<p>\u274c Antes 59.99 \u20ac<\/p>\n<p>\ud83d\uded2: <a href=\"https:\/\/btz.es\/5aoYvFT\" target=\"_blank\" rel=\"nofollow noopener\">https:\/\/btz.es\/5aoYvFT<\/a><\/p>\n<p>Descubre la comodidad y versatilidad con nuestra Chaqueta Packable, dise\u00f1ada para ofrecer una protecci\u00f3n ligera y f\u00e1cil de llevar. Ideal para cualquier aventura o uso diario, esta chaqueta es perfecta para adaptarse a cambios clim\u00e1ticos r\u00e1pidos sin sacrificar estilo o funcionalidad.<\/p>\n<\/p><\/div>\n","protected":false},"excerpt":{"rendered":"<p>\ud83d\udfe5 ES UN CHOLL\u00d3N \ud83d\udfe5 #Publicidad #Amazon #16 \ud83d\udd34 Chaqueta Packable \u2705 AHORA 25 \u20ac \u2714\ufe0f\ud83d\udfe1 \u274c Antes 59.99 \u20ac \ud83d\uded2: https:\/\/btz.es\/5aoYvFT Descubre la comodidad y versatilidad con nuestra Chaqueta Packable, dise\u00f1ada para ofrecer una protecci\u00f3n ligera y f\u00e1cil de llevar. Ideal para cualquier aventura o uso diario, esta chaqueta es perfecta para adaptarse a [&hellip;]<\/p>\n","protected":false},"featured_media":8537,"template":"","meta":{"_gspb_post_css":""},"store":[],"product_brand":[],"product_cat":[16],"product_tag":[],"class_list":{"0":"post-8538","1":"product","2":"type-product","3":"status-publish","4":"has-post-thumbnail","6":"product_cat-sin-categorizar","8":"first","9":"instock","10":"sale","11":"shipping-taxable","12":"product-type-external"},"jetpack_sharing_enabled":true,"_links":{"self":[{"href":"https:\/\/ofertacular.com\/index.php\/wp-json\/wp\/v2\/product\/8538","targetHints":{"allow":["GET"]}}],"collection":[{"href":"https:\/\/ofertacular.com\/index.php\/wp-json\/wp\/v2\/product"}],"about":[{"href":"https:\/\/ofertacular.com\/index.php\/wp-json\/wp\/v2\/types\/product"}],"wp:featuredmedia":[{"embeddable":true,"href":"https:\/\/ofertacular.com\/index.php\/wp-json\/wp\/v2\/media\/8537"}],"wp:attachment":[{"href":"https:\/\/ofertacular.com\/index.php\/wp-json\/wp\/v2\/media?parent=8538"}],"wp:term":[{"taxonomy":"store","embeddable":true,"href":"https:\/\/ofertacular.com\/index.php\/wp-json\/wp\/v2\/store?post=8538"},{"taxonomy":"product_brand","embeddable":true,"href":"https:\/\/ofertacular.com\/index.php\/wp-json\/wp\/v2\/product_brand?post=8538"},{"taxonomy":"product_cat","embeddable":true,"href":"https:\/\/ofertacular.com\/index.php\/wp-json\/wp\/v2\/product_cat?post=8538"},{"taxonomy":"product_tag","embeddable":true,"href":"https:\/\/ofertacular.com\/index.php\/wp-json\/wp\/v2\/product_tag?post=8538"}],"curies":[{"name":"wp","href":"https:\/\/api.w.org\/{rel}","templated":true}]}}