{"id":8546,"date":"2025-10-21T10:08:45","date_gmt":"2025-10-21T08:08:45","guid":{"rendered":"https:\/\/ofertacular.com\/index.php\/producto\/nooie-camera\/"},"modified":"2025-10-21T10:08:45","modified_gmt":"2025-10-21T08:08:45","slug":"nooie-camera","status":"publish","type":"product","link":"https:\/\/ofertacular.com\/index.php\/producto\/nooie-camera\/","title":{"rendered":"Nooie Camera"},"content":{"rendered":"<div class=\"oferta-container\">\n<p>\ud83d\udfe5 <b>DATE PRISA<\/b> \ud83d\udfe5 #Publicidad #Amazon #16<\/p>\n<p>\ud83d\udd34 <b>C\u00e1mara Seguridad <\/b><\/p>\n<p>\u2705 <b>AHORA 19 \u20ac<\/b> \u2714\ufe0f\ud83d\udfe1<\/p>\n<p>\u274c Antes 44.00 \u20ac<\/p>\n<p>\ud83d\uded2: <a href=\"https:\/\/btz.es\/5apvHOD\" target=\"_blank\" rel=\"nofollow noopener\">https:\/\/btz.es\/5apvHOD<\/a><\/p>\n<p>La c\u00e1mara de seguridad Nooie ofrece una vigilancia inteligente y avanzada para proteger su hogar o negocio. Con tecnolog\u00eda de \u00faltima generaci\u00f3n, f\u00e1cil instalaci\u00f3n y conexi\u00f3n, esta c\u00e1mara proporciona video en alta definici\u00f3n, visi\u00f3n nocturna y detecci\u00f3n de movimiento precisa. Ideal para quienes buscan una soluci\u00f3n confiable y eficiente para monitorear sus espacios las 24 horas del d\u00eda. Optimizada para SEO con palabras clave como c\u00e1mara de seguridad, vigilancia inteligente y Nooie.<\/p>\n<\/p><\/div>\n","protected":false},"excerpt":{"rendered":"<p>\ud83d\udfe5 DATE PRISA \ud83d\udfe5 #Publicidad #Amazon #16 \ud83d\udd34 C\u00e1mara Seguridad \u2705 AHORA 19 \u20ac \u2714\ufe0f\ud83d\udfe1 \u274c Antes 44.00 \u20ac \ud83d\uded2: https:\/\/btz.es\/5apvHOD La c\u00e1mara de seguridad Nooie ofrece una vigilancia inteligente y avanzada para proteger su hogar o negocio. Con tecnolog\u00eda de \u00faltima generaci\u00f3n, f\u00e1cil instalaci\u00f3n y conexi\u00f3n, esta c\u00e1mara proporciona video en alta definici\u00f3n, visi\u00f3n [&hellip;]<\/p>\n","protected":false},"featured_media":8545,"template":"","meta":{"_gspb_post_css":""},"store":[],"product_brand":[],"product_cat":[16],"product_tag":[],"class_list":{"0":"post-8546","1":"product","2":"type-product","3":"status-publish","4":"has-post-thumbnail","6":"product_cat-sin-categorizar","8":"first","9":"instock","10":"sale","11":"shipping-taxable","12":"product-type-external"},"jetpack_sharing_enabled":true,"_links":{"self":[{"href":"https:\/\/ofertacular.com\/index.php\/wp-json\/wp\/v2\/product\/8546","targetHints":{"allow":["GET"]}}],"collection":[{"href":"https:\/\/ofertacular.com\/index.php\/wp-json\/wp\/v2\/product"}],"about":[{"href":"https:\/\/ofertacular.com\/index.php\/wp-json\/wp\/v2\/types\/product"}],"wp:featuredmedia":[{"embeddable":true,"href":"https:\/\/ofertacular.com\/index.php\/wp-json\/wp\/v2\/media\/8545"}],"wp:attachment":[{"href":"https:\/\/ofertacular.com\/index.php\/wp-json\/wp\/v2\/media?parent=8546"}],"wp:term":[{"taxonomy":"store","embeddable":true,"href":"https:\/\/ofertacular.com\/index.php\/wp-json\/wp\/v2\/store?post=8546"},{"taxonomy":"product_brand","embeddable":true,"href":"https:\/\/ofertacular.com\/index.php\/wp-json\/wp\/v2\/product_brand?post=8546"},{"taxonomy":"product_cat","embeddable":true,"href":"https:\/\/ofertacular.com\/index.php\/wp-json\/wp\/v2\/product_cat?post=8546"},{"taxonomy":"product_tag","embeddable":true,"href":"https:\/\/ofertacular.com\/index.php\/wp-json\/wp\/v2\/product_tag?post=8546"}],"curies":[{"name":"wp","href":"https:\/\/api.w.org\/{rel}","templated":true}]}}