{"id":8554,"date":"2025-10-21T10:20:19","date_gmt":"2025-10-21T08:20:19","guid":{"rendered":"https:\/\/ofertacular.com\/index.php\/producto\/fusionhome-colchon\/"},"modified":"2025-10-21T10:20:19","modified_gmt":"2025-10-21T08:20:19","slug":"fusionhome-colchon","status":"publish","type":"product","link":"https:\/\/ofertacular.com\/index.php\/producto\/fusionhome-colchon\/","title":{"rendered":"FUSIONHOME Colch\u00f3n"},"content":{"rendered":"<div class=\"oferta-container\">\n<p>\ud83d\udfe5 <b>\u00a1NO TE LA PIERDAS!<\/b> \ud83d\udfe5 #Publicidad #Amazon #16<\/p>\n<p>\ud83d\udd34 <b>Colch\u00f3n FusionHome <\/b><\/p>\n<p>\u2705 <b>AHORA 67.92 \u20ac<\/b> \u2714\ufe0f\ud83d\udfe1<\/p>\n<p>\u274c Antes 79.90 \u20ac<\/p>\n<p>\ud83d\uded2: <a href=\"https:\/\/btz.es\/5apyCaL\" target=\"_blank\" rel=\"nofollow noopener\">https:\/\/btz.es\/5apyCaL<\/a><\/p>\n<p>Descubre el comodidad suprema con el colch\u00f3n FusionHome, dise\u00f1ado para ofrecer soporte ergon\u00f3mico y descanso reparador. Fabricado con materiales de alta calidad que garantizan durabilidad y confort, este colch\u00f3n es ideal para quienes buscan mejorar la calidad del sue\u00f1o. Optimizado para parejas y personas con diferentes posiciones al dormir, FusionHome combina tecnolog\u00eda avanzada con un dise\u00f1o elegante que se adapta a cualquier estilo de dormitorio. Consigue el mejor descanso nocturno y despierta renovado cada d\u00eda con FusionHome.<\/p>\n<\/p><\/div>\n","protected":false},"excerpt":{"rendered":"<p>\ud83d\udfe5 \u00a1NO TE LA PIERDAS! \ud83d\udfe5 #Publicidad #Amazon #16 \ud83d\udd34 Colch\u00f3n FusionHome \u2705 AHORA 67.92 \u20ac \u2714\ufe0f\ud83d\udfe1 \u274c Antes 79.90 \u20ac \ud83d\uded2: https:\/\/btz.es\/5apyCaL Descubre el comodidad suprema con el colch\u00f3n FusionHome, dise\u00f1ado para ofrecer soporte ergon\u00f3mico y descanso reparador. Fabricado con materiales de alta calidad que garantizan durabilidad y confort, este colch\u00f3n es ideal para [&hellip;]<\/p>\n","protected":false},"featured_media":8553,"template":"","meta":{"_gspb_post_css":""},"store":[],"product_brand":[],"product_cat":[16],"product_tag":[],"class_list":{"0":"post-8554","1":"product","2":"type-product","3":"status-publish","4":"has-post-thumbnail","6":"product_cat-sin-categorizar","8":"first","9":"instock","10":"sale","11":"shipping-taxable","12":"product-type-external"},"jetpack_sharing_enabled":true,"_links":{"self":[{"href":"https:\/\/ofertacular.com\/index.php\/wp-json\/wp\/v2\/product\/8554","targetHints":{"allow":["GET"]}}],"collection":[{"href":"https:\/\/ofertacular.com\/index.php\/wp-json\/wp\/v2\/product"}],"about":[{"href":"https:\/\/ofertacular.com\/index.php\/wp-json\/wp\/v2\/types\/product"}],"wp:featuredmedia":[{"embeddable":true,"href":"https:\/\/ofertacular.com\/index.php\/wp-json\/wp\/v2\/media\/8553"}],"wp:attachment":[{"href":"https:\/\/ofertacular.com\/index.php\/wp-json\/wp\/v2\/media?parent=8554"}],"wp:term":[{"taxonomy":"store","embeddable":true,"href":"https:\/\/ofertacular.com\/index.php\/wp-json\/wp\/v2\/store?post=8554"},{"taxonomy":"product_brand","embeddable":true,"href":"https:\/\/ofertacular.com\/index.php\/wp-json\/wp\/v2\/product_brand?post=8554"},{"taxonomy":"product_cat","embeddable":true,"href":"https:\/\/ofertacular.com\/index.php\/wp-json\/wp\/v2\/product_cat?post=8554"},{"taxonomy":"product_tag","embeddable":true,"href":"https:\/\/ofertacular.com\/index.php\/wp-json\/wp\/v2\/product_tag?post=8554"}],"curies":[{"name":"wp","href":"https:\/\/api.w.org\/{rel}","templated":true}]}}