{"id":8556,"date":"2025-10-21T10:39:01","date_gmt":"2025-10-21T08:39:01","guid":{"rendered":"https:\/\/ofertacular.com\/index.php\/producto\/halloween-makeup\/"},"modified":"2025-10-21T10:39:01","modified_gmt":"2025-10-21T08:39:01","slug":"halloween-makeup","status":"publish","type":"product","link":"https:\/\/ofertacular.com\/index.php\/producto\/halloween-makeup\/","title":{"rendered":"Halloween Makeup"},"content":{"rendered":"<div class=\"oferta-container\">\n<p>\ud83d\udfe5 <b>DESCUENTAZO<\/b> \ud83d\udfe5 #Publicidad #Amazon #16<\/p>\n<p>\ud83d\udd34 <b>Maquillaje Halloween <\/b><\/p>\n<p>\u2705 <b>AHORA 6.99 \u20ac<\/b> \u2714\ufe0f\ud83d\udfe1<\/p>\n<p>\u274c Antes 8.99 \u20ac<\/p>\n<p>\ud83d\uded2: <a href=\"https:\/\/btz.es\/5ap3tGj\" target=\"_blank\" rel=\"nofollow noopener\">https:\/\/btz.es\/5ap3tGj<\/a><\/p>\n<p>Descubre nuestro maquillaje profesional para Halloween, dise\u00f1ado para ofrecer un acabado espectacular y duradero. Ideal para crear looks terror\u00edficos y originales que destacar\u00e1n en cualquier fiesta o evento. Productos de alta calidad que garantizan un maquillaje seguro y f\u00e1cil de aplicar, perfecto para todos los niveles de experiencia. Optimiza tu disfraz con nuestro maquillaje exclusivo y convi\u00e9rtete en el centro de atenci\u00f3n esta temporada de Halloween.<\/p>\n<\/p><\/div>\n","protected":false},"excerpt":{"rendered":"<p>\ud83d\udfe5 DESCUENTAZO \ud83d\udfe5 #Publicidad #Amazon #16 \ud83d\udd34 Maquillaje Halloween \u2705 AHORA 6.99 \u20ac \u2714\ufe0f\ud83d\udfe1 \u274c Antes 8.99 \u20ac \ud83d\uded2: https:\/\/btz.es\/5ap3tGj Descubre nuestro maquillaje profesional para Halloween, dise\u00f1ado para ofrecer un acabado espectacular y duradero. Ideal para crear looks terror\u00edficos y originales que destacar\u00e1n en cualquier fiesta o evento. Productos de alta calidad que garantizan un [&hellip;]<\/p>\n","protected":false},"featured_media":8555,"template":"","meta":{"_gspb_post_css":""},"store":[],"product_brand":[],"product_cat":[16],"product_tag":[],"class_list":{"0":"post-8556","1":"product","2":"type-product","3":"status-publish","4":"has-post-thumbnail","6":"product_cat-sin-categorizar","8":"first","9":"instock","10":"sale","11":"shipping-taxable","12":"product-type-external"},"jetpack_sharing_enabled":true,"_links":{"self":[{"href":"https:\/\/ofertacular.com\/index.php\/wp-json\/wp\/v2\/product\/8556","targetHints":{"allow":["GET"]}}],"collection":[{"href":"https:\/\/ofertacular.com\/index.php\/wp-json\/wp\/v2\/product"}],"about":[{"href":"https:\/\/ofertacular.com\/index.php\/wp-json\/wp\/v2\/types\/product"}],"wp:featuredmedia":[{"embeddable":true,"href":"https:\/\/ofertacular.com\/index.php\/wp-json\/wp\/v2\/media\/8555"}],"wp:attachment":[{"href":"https:\/\/ofertacular.com\/index.php\/wp-json\/wp\/v2\/media?parent=8556"}],"wp:term":[{"taxonomy":"store","embeddable":true,"href":"https:\/\/ofertacular.com\/index.php\/wp-json\/wp\/v2\/store?post=8556"},{"taxonomy":"product_brand","embeddable":true,"href":"https:\/\/ofertacular.com\/index.php\/wp-json\/wp\/v2\/product_brand?post=8556"},{"taxonomy":"product_cat","embeddable":true,"href":"https:\/\/ofertacular.com\/index.php\/wp-json\/wp\/v2\/product_cat?post=8556"},{"taxonomy":"product_tag","embeddable":true,"href":"https:\/\/ofertacular.com\/index.php\/wp-json\/wp\/v2\/product_tag?post=8556"}],"curies":[{"name":"wp","href":"https:\/\/api.w.org\/{rel}","templated":true}]}}