{"id":8558,"date":"2025-10-21T10:42:10","date_gmt":"2025-10-21T08:42:10","guid":{"rendered":"https:\/\/ofertacular.com\/index.php\/producto\/pavo-verduras\/"},"modified":"2025-10-21T10:42:10","modified_gmt":"2025-10-21T08:42:10","slug":"pavo-verduras","status":"publish","type":"product","link":"https:\/\/ofertacular.com\/index.php\/producto\/pavo-verduras\/","title":{"rendered":"Pavo Verduras"},"content":{"rendered":"<div class=\"oferta-container\">\n<p>\ud83d\udfe5 <b>ES UN CHOLL\u00d3N<\/b> \ud83d\udfe5 #Publicidad #Amazon #16<\/p>\n<p>\ud83d\udd34 <b>Pavo Verduras <\/b><\/p>\n<p>\u2705 <b>AHORA 1.82 \u20ac<\/b> \u2714\ufe0f\ud83d\udfe1<\/p>\n<p>\u274c Antes 2.25 \u20ac<\/p>\n<p>\ud83d\uded2: <a href=\"https:\/\/btz.es\/5ap4hqg\" target=\"_blank\" rel=\"nofollow noopener\">https:\/\/btz.es\/5ap4hqg<\/a><\/p>\n<p>Delicioso pavo acompa\u00f1ado de una selecci\u00f3n fresca y saludable de verduras. Ideal para una comida equilibrada y sabrosa que combina prote\u00ednas magras con nutrientes esenciales. Perfecto para quienes buscan una alimentaci\u00f3n saludable sin sacrificar sabor.<\/p>\n<\/p><\/div>\n","protected":false},"excerpt":{"rendered":"<p>\ud83d\udfe5 ES UN CHOLL\u00d3N \ud83d\udfe5 #Publicidad #Amazon #16 \ud83d\udd34 Pavo Verduras \u2705 AHORA 1.82 \u20ac \u2714\ufe0f\ud83d\udfe1 \u274c Antes 2.25 \u20ac \ud83d\uded2: https:\/\/btz.es\/5ap4hqg Delicioso pavo acompa\u00f1ado de una selecci\u00f3n fresca y saludable de verduras. Ideal para una comida equilibrada y sabrosa que combina prote\u00ednas magras con nutrientes esenciales. Perfecto para quienes buscan una alimentaci\u00f3n saludable sin [&hellip;]<\/p>\n","protected":false},"featured_media":8557,"template":"","meta":{"_gspb_post_css":""},"store":[],"product_brand":[],"product_cat":[16],"product_tag":[],"class_list":{"0":"post-8558","1":"product","2":"type-product","3":"status-publish","4":"has-post-thumbnail","6":"product_cat-sin-categorizar","8":"first","9":"instock","10":"sale","11":"shipping-taxable","12":"product-type-external"},"jetpack_sharing_enabled":true,"_links":{"self":[{"href":"https:\/\/ofertacular.com\/index.php\/wp-json\/wp\/v2\/product\/8558","targetHints":{"allow":["GET"]}}],"collection":[{"href":"https:\/\/ofertacular.com\/index.php\/wp-json\/wp\/v2\/product"}],"about":[{"href":"https:\/\/ofertacular.com\/index.php\/wp-json\/wp\/v2\/types\/product"}],"wp:featuredmedia":[{"embeddable":true,"href":"https:\/\/ofertacular.com\/index.php\/wp-json\/wp\/v2\/media\/8557"}],"wp:attachment":[{"href":"https:\/\/ofertacular.com\/index.php\/wp-json\/wp\/v2\/media?parent=8558"}],"wp:term":[{"taxonomy":"store","embeddable":true,"href":"https:\/\/ofertacular.com\/index.php\/wp-json\/wp\/v2\/store?post=8558"},{"taxonomy":"product_brand","embeddable":true,"href":"https:\/\/ofertacular.com\/index.php\/wp-json\/wp\/v2\/product_brand?post=8558"},{"taxonomy":"product_cat","embeddable":true,"href":"https:\/\/ofertacular.com\/index.php\/wp-json\/wp\/v2\/product_cat?post=8558"},{"taxonomy":"product_tag","embeddable":true,"href":"https:\/\/ofertacular.com\/index.php\/wp-json\/wp\/v2\/product_tag?post=8558"}],"curies":[{"name":"wp","href":"https:\/\/api.w.org\/{rel}","templated":true}]}}