{"id":8570,"date":"2025-10-22T08:16:26","date_gmt":"2025-10-22T06:16:26","guid":{"rendered":"https:\/\/ofertacular.com\/index.php\/producto\/mindfulness-puzzle\/"},"modified":"2025-10-22T08:16:26","modified_gmt":"2025-10-22T06:16:26","slug":"mindfulness-puzzle","status":"publish","type":"product","link":"https:\/\/ofertacular.com\/index.php\/producto\/mindfulness-puzzle\/","title":{"rendered":"Mindfulness Puzzle"},"content":{"rendered":"<div class=\"oferta-container\">\n<p>\ud83d\udfe5 <b>SUPER OFERTA<\/b> \ud83d\udfe5 #Publicidad #Amazon #16<\/p>\n<p>\ud83d\udd34 <b>Puzzle Mindfulness <\/b><\/p>\n<p>\u2705 <b>AHORA 7.99 \u20ac<\/b> \u2714\ufe0f\ud83d\udfe1<\/p>\n<p>\u274c Antes 11.99 \u20ac<\/p>\n<p>\ud83d\uded2: <a href=\"https:\/\/btz.es\/5auJXkC\" target=\"_blank\" rel=\"nofollow noopener\">https:\/\/btz.es\/5auJXkC<\/a><\/p>\n<p>Descubre nuestro Puzzle Mindfulness, un juego dise\u00f1ado para fomentar la atenci\u00f3n plena y el bienestar mental. Este puzzle te ofrece una experiencia relajante y estimulante que ayuda a reducir el estr\u00e9s y mejorar la concentraci\u00f3n. Ideal para todas las edades, combina diversi\u00f3n y meditaci\u00f3n en una sola actividad. Perfecto para momentos de calma y desconexi\u00f3n en tu d\u00eda a d\u00eda.<\/p>\n<\/p><\/div>\n","protected":false},"excerpt":{"rendered":"<p>\ud83d\udfe5 SUPER OFERTA \ud83d\udfe5 #Publicidad #Amazon #16 \ud83d\udd34 Puzzle Mindfulness \u2705 AHORA 7.99 \u20ac \u2714\ufe0f\ud83d\udfe1 \u274c Antes 11.99 \u20ac \ud83d\uded2: https:\/\/btz.es\/5auJXkC Descubre nuestro Puzzle Mindfulness, un juego dise\u00f1ado para fomentar la atenci\u00f3n plena y el bienestar mental. Este puzzle te ofrece una experiencia relajante y estimulante que ayuda a reducir el estr\u00e9s y mejorar la [&hellip;]<\/p>\n","protected":false},"featured_media":8569,"template":"","meta":{"_gspb_post_css":""},"store":[],"product_brand":[],"product_cat":[16],"product_tag":[],"class_list":{"0":"post-8570","1":"product","2":"type-product","3":"status-publish","4":"has-post-thumbnail","6":"product_cat-sin-categorizar","8":"first","9":"instock","10":"sale","11":"shipping-taxable","12":"product-type-external"},"jetpack_sharing_enabled":true,"_links":{"self":[{"href":"https:\/\/ofertacular.com\/index.php\/wp-json\/wp\/v2\/product\/8570","targetHints":{"allow":["GET"]}}],"collection":[{"href":"https:\/\/ofertacular.com\/index.php\/wp-json\/wp\/v2\/product"}],"about":[{"href":"https:\/\/ofertacular.com\/index.php\/wp-json\/wp\/v2\/types\/product"}],"wp:featuredmedia":[{"embeddable":true,"href":"https:\/\/ofertacular.com\/index.php\/wp-json\/wp\/v2\/media\/8569"}],"wp:attachment":[{"href":"https:\/\/ofertacular.com\/index.php\/wp-json\/wp\/v2\/media?parent=8570"}],"wp:term":[{"taxonomy":"store","embeddable":true,"href":"https:\/\/ofertacular.com\/index.php\/wp-json\/wp\/v2\/store?post=8570"},{"taxonomy":"product_brand","embeddable":true,"href":"https:\/\/ofertacular.com\/index.php\/wp-json\/wp\/v2\/product_brand?post=8570"},{"taxonomy":"product_cat","embeddable":true,"href":"https:\/\/ofertacular.com\/index.php\/wp-json\/wp\/v2\/product_cat?post=8570"},{"taxonomy":"product_tag","embeddable":true,"href":"https:\/\/ofertacular.com\/index.php\/wp-json\/wp\/v2\/product_tag?post=8570"}],"curies":[{"name":"wp","href":"https:\/\/api.w.org\/{rel}","templated":true}]}}