{"id":8574,"date":"2025-10-22T11:08:48","date_gmt":"2025-10-22T09:08:48","guid":{"rendered":"https:\/\/ofertacular.com\/index.php\/producto\/botella-termica\/"},"modified":"2025-10-22T11:08:48","modified_gmt":"2025-10-22T09:08:48","slug":"botella-termica","status":"publish","type":"product","link":"https:\/\/ofertacular.com\/index.php\/producto\/botella-termica\/","title":{"rendered":"Botella T\u00e9rmica"},"content":{"rendered":"<div class=\"oferta-container\">\n<p>\ud83d\udfe5 <b>DESCUENTO<\/b> \ud83d\udfe5 #Publicidad #Amazon #16<\/p>\n<p>\ud83d\udd34 <b>Botella T\u00e9rmica <\/b><\/p>\n<p>\u2705 <b>AHORA 9.14 \u20ac<\/b> \u2714\ufe0f\ud83d\udfe1<\/p>\n<p>\u274c Antes 16.99 \u20ac<\/p>\n<p>\ud83d\uded2: <a href=\"https:\/\/btz.es\/5av1v4P\" target=\"_blank\" rel=\"nofollow noopener\">https:\/\/btz.es\/5av1v4P<\/a><\/p>\n<p>Descubre la Botella T\u00e9rmica, dise\u00f1ada para mantener tus bebidas a la temperatura ideal por m\u00e1s tiempo. Perfecta para actividades al aire libre, deportes o tu d\u00eda a d\u00eda, combina funcionalidad con estilo. Su tecnolog\u00eda avanzada garantiza la conservaci\u00f3n del fr\u00edo y calor, mientras que su dise\u00f1o ergon\u00f3mico asegura un manejo c\u00f3modo y seguro. Ideal para quienes buscan calidad y durabilidad en una botella reutilizable, respetuosa con el medio ambiente y pr\u00e1ctica para su rutina diaria.<\/p>\n<\/p><\/div>\n","protected":false},"excerpt":{"rendered":"<p>\ud83d\udfe5 DESCUENTO \ud83d\udfe5 #Publicidad #Amazon #16 \ud83d\udd34 Botella T\u00e9rmica \u2705 AHORA 9.14 \u20ac \u2714\ufe0f\ud83d\udfe1 \u274c Antes 16.99 \u20ac \ud83d\uded2: https:\/\/btz.es\/5av1v4P Descubre la Botella T\u00e9rmica, dise\u00f1ada para mantener tus bebidas a la temperatura ideal por m\u00e1s tiempo. Perfecta para actividades al aire libre, deportes o tu d\u00eda a d\u00eda, combina funcionalidad con estilo. Su tecnolog\u00eda avanzada [&hellip;]<\/p>\n","protected":false},"featured_media":8573,"template":"","meta":{"_gspb_post_css":""},"store":[],"product_brand":[],"product_cat":[16],"product_tag":[],"class_list":{"0":"post-8574","1":"product","2":"type-product","3":"status-publish","4":"has-post-thumbnail","6":"product_cat-sin-categorizar","8":"first","9":"instock","10":"sale","11":"shipping-taxable","12":"product-type-external"},"jetpack_sharing_enabled":true,"_links":{"self":[{"href":"https:\/\/ofertacular.com\/index.php\/wp-json\/wp\/v2\/product\/8574","targetHints":{"allow":["GET"]}}],"collection":[{"href":"https:\/\/ofertacular.com\/index.php\/wp-json\/wp\/v2\/product"}],"about":[{"href":"https:\/\/ofertacular.com\/index.php\/wp-json\/wp\/v2\/types\/product"}],"wp:featuredmedia":[{"embeddable":true,"href":"https:\/\/ofertacular.com\/index.php\/wp-json\/wp\/v2\/media\/8573"}],"wp:attachment":[{"href":"https:\/\/ofertacular.com\/index.php\/wp-json\/wp\/v2\/media?parent=8574"}],"wp:term":[{"taxonomy":"store","embeddable":true,"href":"https:\/\/ofertacular.com\/index.php\/wp-json\/wp\/v2\/store?post=8574"},{"taxonomy":"product_brand","embeddable":true,"href":"https:\/\/ofertacular.com\/index.php\/wp-json\/wp\/v2\/product_brand?post=8574"},{"taxonomy":"product_cat","embeddable":true,"href":"https:\/\/ofertacular.com\/index.php\/wp-json\/wp\/v2\/product_cat?post=8574"},{"taxonomy":"product_tag","embeddable":true,"href":"https:\/\/ofertacular.com\/index.php\/wp-json\/wp\/v2\/product_tag?post=8574"}],"curies":[{"name":"wp","href":"https:\/\/api.w.org\/{rel}","templated":true}]}}