{"id":8580,"date":"2025-10-22T11:41:57","date_gmt":"2025-10-22T09:41:57","guid":{"rendered":"https:\/\/ofertacular.com\/index.php\/producto\/bokman-ev-2\/"},"modified":"2025-10-22T11:41:57","modified_gmt":"2025-10-22T09:41:57","slug":"bokman-ev-2","status":"publish","type":"product","link":"https:\/\/ofertacular.com\/index.php\/producto\/bokman-ev-2\/","title":{"rendered":"Bokman EV"},"content":{"rendered":"<div class=\"oferta-container\">\n<p>\ud83d\udfe5 <b>UNA GANGA<\/b> \ud83d\udfe5 #Publicidad #Amazon #16<\/p>\n<p>\ud83d\udd34 <b>Bicicleta el\u00e9ctrica <\/b><\/p>\n<p>\u2705 <b>AHORA 85.73 \u20ac<\/b> \u2714\ufe0f\ud83d\udfe1<\/p>\n<p>\u274c Antes 95.99 \u20ac<\/p>\n<p>\ud83d\uded2: <a href=\"https:\/\/btz.es\/5av9GR4\" target=\"_blank\" rel=\"nofollow noopener\">https:\/\/btz.es\/5av9GR4<\/a><\/p>\n<p>Descubre la potencia y eficiencia de la bicicleta el\u00e9ctrica Bokman EV, dise\u00f1ada para ofrecer una experiencia de conducci\u00f3n suave y ecol\u00f3gica. Perfecta para desplazamientos urbanos y aventuras al aire libre, combina tecnolog\u00eda avanzada con un dise\u00f1o moderno y funcional. Optimizada para comodidad y duraci\u00f3n, la Bokman EV es la elecci\u00f3n ideal para quienes buscan movilidad sostenible y rendimiento superior.<\/p>\n<\/p><\/div>\n","protected":false},"excerpt":{"rendered":"<p>\ud83d\udfe5 UNA GANGA \ud83d\udfe5 #Publicidad #Amazon #16 \ud83d\udd34 Bicicleta el\u00e9ctrica \u2705 AHORA 85.73 \u20ac \u2714\ufe0f\ud83d\udfe1 \u274c Antes 95.99 \u20ac \ud83d\uded2: https:\/\/btz.es\/5av9GR4 Descubre la potencia y eficiencia de la bicicleta el\u00e9ctrica Bokman EV, dise\u00f1ada para ofrecer una experiencia de conducci\u00f3n suave y ecol\u00f3gica. Perfecta para desplazamientos urbanos y aventuras al aire libre, combina tecnolog\u00eda avanzada con [&hellip;]<\/p>\n","protected":false},"featured_media":8579,"template":"","meta":{"_gspb_post_css":""},"store":[],"product_brand":[],"product_cat":[16],"product_tag":[],"class_list":{"0":"post-8580","1":"product","2":"type-product","3":"status-publish","4":"has-post-thumbnail","6":"product_cat-sin-categorizar","8":"first","9":"instock","10":"sale","11":"shipping-taxable","12":"product-type-external"},"jetpack_sharing_enabled":true,"_links":{"self":[{"href":"https:\/\/ofertacular.com\/index.php\/wp-json\/wp\/v2\/product\/8580","targetHints":{"allow":["GET"]}}],"collection":[{"href":"https:\/\/ofertacular.com\/index.php\/wp-json\/wp\/v2\/product"}],"about":[{"href":"https:\/\/ofertacular.com\/index.php\/wp-json\/wp\/v2\/types\/product"}],"wp:featuredmedia":[{"embeddable":true,"href":"https:\/\/ofertacular.com\/index.php\/wp-json\/wp\/v2\/media\/8579"}],"wp:attachment":[{"href":"https:\/\/ofertacular.com\/index.php\/wp-json\/wp\/v2\/media?parent=8580"}],"wp:term":[{"taxonomy":"store","embeddable":true,"href":"https:\/\/ofertacular.com\/index.php\/wp-json\/wp\/v2\/store?post=8580"},{"taxonomy":"product_brand","embeddable":true,"href":"https:\/\/ofertacular.com\/index.php\/wp-json\/wp\/v2\/product_brand?post=8580"},{"taxonomy":"product_cat","embeddable":true,"href":"https:\/\/ofertacular.com\/index.php\/wp-json\/wp\/v2\/product_cat?post=8580"},{"taxonomy":"product_tag","embeddable":true,"href":"https:\/\/ofertacular.com\/index.php\/wp-json\/wp\/v2\/product_tag?post=8580"}],"curies":[{"name":"wp","href":"https:\/\/api.w.org\/{rel}","templated":true}]}}