{"id":8584,"date":"2025-10-23T08:36:45","date_gmt":"2025-10-23T06:36:45","guid":{"rendered":"https:\/\/ofertacular.com\/index.php\/producto\/fairy-capsulas-limon\/"},"modified":"2025-10-23T08:36:45","modified_gmt":"2025-10-23T06:36:45","slug":"fairy-capsulas-limon","status":"publish","type":"product","link":"https:\/\/ofertacular.com\/index.php\/producto\/fairy-capsulas-limon\/","title":{"rendered":"Fairy C\u00e1psulas Lim\u00f3n"},"content":{"rendered":"<div class=\"oferta-container\">\n<p>\ud83d\udfe5 <b>\u00a1NO TE LA PIERDAS!<\/b> \ud83d\udfe5 #Publicidad #Amazon #16<\/p>\n<p>\ud83d\udd34 <b>C\u00e1psulas Lavavajillas <\/b><\/p>\n<p>\u2705 <b>AHORA 15.99 \u20ac<\/b> \u2714\ufe0f\ud83d\udfe1<\/p>\n<p>\u274c Antes 30.98 \u20ac<\/p>\n<p>\ud83d\uded2: <a href=\"https:\/\/btz.es\/5a0FAU9\" target=\"_blank\" rel=\"nofollow noopener\">https:\/\/btz.es\/5a0FAU9<\/a><\/p>\n<p>Descubre la eficacia superior de las Fairy C\u00e1psulas Lim\u00f3n, especialmente formuladas para un lavado impecable. Estas c\u00e1psulas combinan un potente poder desengrasante con la frescura del lim\u00f3n, dejando tus platos relucientes y con un aroma revitalizante. Perfectas para eliminar residuos dif\u00edciles y mantener tu vajilla impecable con cada lavado. Optimiza tu experiencia en limpieza con Fairy, la marca l\u00edder en cuidado del hogar.<\/p>\n<\/p><\/div>\n","protected":false},"excerpt":{"rendered":"<p>\ud83d\udfe5 \u00a1NO TE LA PIERDAS! \ud83d\udfe5 #Publicidad #Amazon #16 \ud83d\udd34 C\u00e1psulas Lavavajillas \u2705 AHORA 15.99 \u20ac \u2714\ufe0f\ud83d\udfe1 \u274c Antes 30.98 \u20ac \ud83d\uded2: https:\/\/btz.es\/5a0FAU9 Descubre la eficacia superior de las Fairy C\u00e1psulas Lim\u00f3n, especialmente formuladas para un lavado impecable. Estas c\u00e1psulas combinan un potente poder desengrasante con la frescura del lim\u00f3n, dejando tus platos relucientes y [&hellip;]<\/p>\n","protected":false},"featured_media":8583,"template":"","meta":{"_gspb_post_css":""},"store":[],"product_brand":[],"product_cat":[16],"product_tag":[],"class_list":{"0":"post-8584","1":"product","2":"type-product","3":"status-publish","4":"has-post-thumbnail","6":"product_cat-sin-categorizar","8":"first","9":"instock","10":"sale","11":"shipping-taxable","12":"product-type-external"},"jetpack_sharing_enabled":true,"_links":{"self":[{"href":"https:\/\/ofertacular.com\/index.php\/wp-json\/wp\/v2\/product\/8584","targetHints":{"allow":["GET"]}}],"collection":[{"href":"https:\/\/ofertacular.com\/index.php\/wp-json\/wp\/v2\/product"}],"about":[{"href":"https:\/\/ofertacular.com\/index.php\/wp-json\/wp\/v2\/types\/product"}],"wp:featuredmedia":[{"embeddable":true,"href":"https:\/\/ofertacular.com\/index.php\/wp-json\/wp\/v2\/media\/8583"}],"wp:attachment":[{"href":"https:\/\/ofertacular.com\/index.php\/wp-json\/wp\/v2\/media?parent=8584"}],"wp:term":[{"taxonomy":"store","embeddable":true,"href":"https:\/\/ofertacular.com\/index.php\/wp-json\/wp\/v2\/store?post=8584"},{"taxonomy":"product_brand","embeddable":true,"href":"https:\/\/ofertacular.com\/index.php\/wp-json\/wp\/v2\/product_brand?post=8584"},{"taxonomy":"product_cat","embeddable":true,"href":"https:\/\/ofertacular.com\/index.php\/wp-json\/wp\/v2\/product_cat?post=8584"},{"taxonomy":"product_tag","embeddable":true,"href":"https:\/\/ofertacular.com\/index.php\/wp-json\/wp\/v2\/product_tag?post=8584"}],"curies":[{"name":"wp","href":"https:\/\/api.w.org\/{rel}","templated":true}]}}