{"id":8592,"date":"2025-10-23T13:30:23","date_gmt":"2025-10-23T11:30:23","guid":{"rendered":"https:\/\/ofertacular.com\/index.php\/producto\/adidas-leggings-5\/"},"modified":"2025-10-23T13:30:23","modified_gmt":"2025-10-23T11:30:23","slug":"adidas-leggings-5","status":"publish","type":"product","link":"https:\/\/ofertacular.com\/index.php\/producto\/adidas-leggings-5\/","title":{"rendered":"adidas Leggings"},"content":{"rendered":"<div class=\"oferta-container\">\n<p>\ud83d\udfe5 <b>SUPER OFERTA<\/b> \ud83d\udfe5 #Publicidad #Amazon #16<\/p>\n<p>\ud83d\udd34 <b>Leggings adidas <\/b><\/p>\n<p>\u2705 <b>AHORA 18.25 \u20ac<\/b> \u2714\ufe0f\ud83d\udfe1<\/p>\n<p>\u274c Antes <\/p>\n<p>\ud83d\uded2: <a href=\"https:\/\/btz.es\/5a1R5V6\" target=\"_blank\" rel=\"nofollow noopener\">https:\/\/btz.es\/5a1R5V6<\/a><\/p>\n<p>Descubre los leggings adidas, dise\u00f1ados para ofrecer comodidad y estilo en cada movimiento. Confeccionados con materiales de alta calidad, estos leggings proporcionan un ajuste perfecto y soporte ideal para actividades deportivas y uso diario. Su dise\u00f1o innovador garantiza durabilidad y transpirabilidad, permiti\u00e9ndote destacar con confianza y rendimiento en cualquier ocasi\u00f3n. No pierdas la oportunidad de incorporar a tu armario estas piezas clave de adidas, reconocidas mundialmente por su excelencia en ropa deportiva.<\/p>\n<\/p><\/div>\n","protected":false},"excerpt":{"rendered":"<p>\ud83d\udfe5 SUPER OFERTA \ud83d\udfe5 #Publicidad #Amazon #16 \ud83d\udd34 Leggings adidas \u2705 AHORA 18.25 \u20ac \u2714\ufe0f\ud83d\udfe1 \u274c Antes \ud83d\uded2: https:\/\/btz.es\/5a1R5V6 Descubre los leggings adidas, dise\u00f1ados para ofrecer comodidad y estilo en cada movimiento. Confeccionados con materiales de alta calidad, estos leggings proporcionan un ajuste perfecto y soporte ideal para actividades deportivas y uso diario. Su dise\u00f1o [&hellip;]<\/p>\n","protected":false},"featured_media":8591,"template":"","meta":{"_gspb_post_css":""},"store":[],"product_brand":[],"product_cat":[16],"product_tag":[],"class_list":{"0":"post-8592","1":"product","2":"type-product","3":"status-publish","4":"has-post-thumbnail","6":"product_cat-sin-categorizar","8":"first","9":"instock","10":"shipping-taxable","11":"product-type-external"},"jetpack_sharing_enabled":true,"_links":{"self":[{"href":"https:\/\/ofertacular.com\/index.php\/wp-json\/wp\/v2\/product\/8592","targetHints":{"allow":["GET"]}}],"collection":[{"href":"https:\/\/ofertacular.com\/index.php\/wp-json\/wp\/v2\/product"}],"about":[{"href":"https:\/\/ofertacular.com\/index.php\/wp-json\/wp\/v2\/types\/product"}],"wp:featuredmedia":[{"embeddable":true,"href":"https:\/\/ofertacular.com\/index.php\/wp-json\/wp\/v2\/media\/8591"}],"wp:attachment":[{"href":"https:\/\/ofertacular.com\/index.php\/wp-json\/wp\/v2\/media?parent=8592"}],"wp:term":[{"taxonomy":"store","embeddable":true,"href":"https:\/\/ofertacular.com\/index.php\/wp-json\/wp\/v2\/store?post=8592"},{"taxonomy":"product_brand","embeddable":true,"href":"https:\/\/ofertacular.com\/index.php\/wp-json\/wp\/v2\/product_brand?post=8592"},{"taxonomy":"product_cat","embeddable":true,"href":"https:\/\/ofertacular.com\/index.php\/wp-json\/wp\/v2\/product_cat?post=8592"},{"taxonomy":"product_tag","embeddable":true,"href":"https:\/\/ofertacular.com\/index.php\/wp-json\/wp\/v2\/product_tag?post=8592"}],"curies":[{"name":"wp","href":"https:\/\/api.w.org\/{rel}","templated":true}]}}