{"id":8598,"date":"2025-10-24T08:10:34","date_gmt":"2025-10-24T06:10:34","guid":{"rendered":"https:\/\/ofertacular.com\/index.php\/producto\/acer-monitor-3\/"},"modified":"2025-10-24T08:10:34","modified_gmt":"2025-10-24T06:10:34","slug":"acer-monitor-3","status":"publish","type":"product","link":"https:\/\/ofertacular.com\/index.php\/producto\/acer-monitor-3\/","title":{"rendered":"Acer Monitor"},"content":{"rendered":"<div class=\"oferta-container\">\n<p>\ud83d\udfe5 <b>UNA GANGA<\/b> \ud83d\udfe5 #Publicidad #Amazon #16<\/p>\n<p>\ud83d\udd34 <b>Monitor Acer <\/b><\/p>\n<p>\u2705 <b>AHORA 87.74 \u20ac<\/b> \u2714\ufe0f\ud83d\udfe1<\/p>\n<p>\u274c Antes 119.90 \u20ac<\/p>\n<p>\ud83d\uded2: <a href=\"https:\/\/btz.es\/5a6z69B\" target=\"_blank\" rel=\"nofollow noopener\">https:\/\/btz.es\/5a6z69B<\/a><\/p>\n<p>Descubre el Monitor Acer, dise\u00f1ado para ofrecer una experiencia visual superior con im\u00e1genes n\u00edtidas y colores vibrantes. Equipado con tecnolog\u00eda avanzada, este monitor es ideal tanto para profesionales como para gamers, garantizando rendimiento \u00f3ptimo y confort visual durante largas horas de uso. Optimiza tu espacio de trabajo o tu setup de juego con este monitor de alta calidad de la reconocida marca Acer, sin\u00f3nimo de innovaci\u00f3n y confiabilidad.<\/p>\n<\/p><\/div>\n","protected":false},"excerpt":{"rendered":"<p>\ud83d\udfe5 UNA GANGA \ud83d\udfe5 #Publicidad #Amazon #16 \ud83d\udd34 Monitor Acer \u2705 AHORA 87.74 \u20ac \u2714\ufe0f\ud83d\udfe1 \u274c Antes 119.90 \u20ac \ud83d\uded2: https:\/\/btz.es\/5a6z69B Descubre el Monitor Acer, dise\u00f1ado para ofrecer una experiencia visual superior con im\u00e1genes n\u00edtidas y colores vibrantes. Equipado con tecnolog\u00eda avanzada, este monitor es ideal tanto para profesionales como para gamers, garantizando rendimiento \u00f3ptimo [&hellip;]<\/p>\n","protected":false},"featured_media":8597,"template":"","meta":{"_gspb_post_css":""},"store":[],"product_brand":[],"product_cat":[16],"product_tag":[],"class_list":{"0":"post-8598","1":"product","2":"type-product","3":"status-publish","4":"has-post-thumbnail","6":"product_cat-sin-categorizar","8":"first","9":"instock","10":"sale","11":"shipping-taxable","12":"product-type-external"},"jetpack_sharing_enabled":true,"_links":{"self":[{"href":"https:\/\/ofertacular.com\/index.php\/wp-json\/wp\/v2\/product\/8598","targetHints":{"allow":["GET"]}}],"collection":[{"href":"https:\/\/ofertacular.com\/index.php\/wp-json\/wp\/v2\/product"}],"about":[{"href":"https:\/\/ofertacular.com\/index.php\/wp-json\/wp\/v2\/types\/product"}],"wp:featuredmedia":[{"embeddable":true,"href":"https:\/\/ofertacular.com\/index.php\/wp-json\/wp\/v2\/media\/8597"}],"wp:attachment":[{"href":"https:\/\/ofertacular.com\/index.php\/wp-json\/wp\/v2\/media?parent=8598"}],"wp:term":[{"taxonomy":"store","embeddable":true,"href":"https:\/\/ofertacular.com\/index.php\/wp-json\/wp\/v2\/store?post=8598"},{"taxonomy":"product_brand","embeddable":true,"href":"https:\/\/ofertacular.com\/index.php\/wp-json\/wp\/v2\/product_brand?post=8598"},{"taxonomy":"product_cat","embeddable":true,"href":"https:\/\/ofertacular.com\/index.php\/wp-json\/wp\/v2\/product_cat?post=8598"},{"taxonomy":"product_tag","embeddable":true,"href":"https:\/\/ofertacular.com\/index.php\/wp-json\/wp\/v2\/product_tag?post=8598"}],"curies":[{"name":"wp","href":"https:\/\/api.w.org\/{rel}","templated":true}]}}