{"id":8602,"date":"2025-10-24T08:26:12","date_gmt":"2025-10-24T06:26:12","guid":{"rendered":"https:\/\/ofertacular.com\/index.php\/producto\/caffe-borbone-kit\/"},"modified":"2025-10-24T08:26:12","modified_gmt":"2025-10-24T06:26:12","slug":"caffe-borbone-kit","status":"publish","type":"product","link":"https:\/\/ofertacular.com\/index.php\/producto\/caffe-borbone-kit\/","title":{"rendered":"Caff\u00e8 Borbone Kit"},"content":{"rendered":"<div class=\"oferta-container\">\n<p>\ud83d\udfe5 <b>DATE PRISA<\/b> \ud83d\udfe5 #Publicidad #Amazon #16<\/p>\n<p>\ud83d\udd34 <b>Caf\u00e9 Kit <\/b><\/p>\n<p>\u2705 <b>AHORA 15.81 \u20ac<\/b> \u2714\ufe0f\ud83d\udfe1<\/p>\n<p>\u274c Antes 22.90 \u20ac<\/p>\n<p>\ud83d\uded2: <a href=\"https:\/\/btz.es\/5a63234\" target=\"_blank\" rel=\"nofollow noopener\">https:\/\/btz.es\/5a63234<\/a><\/p>\n<p>Descubre el aut\u00e9ntico sabor italiano con el Caff\u00e8 Borbone Kit, especialmente dise\u00f1ado para los amantes del buen caf\u00e9. Este kit incluye variedades selectas que garantizan una experiencia \u00fanica y deliciosa en cada taza. Perfecto para uso dom\u00e9stico o profesional, el Caff\u00e8 Borbone Kit combina calidad y tradici\u00f3n para ofrecer un caf\u00e9 intenso, arom\u00e1tico y lleno de sabor. Optimizado para ofrecer el m\u00e1ximo rendimiento en cafeteras compatibles, este kit es la elecci\u00f3n ideal para quienes buscan renovar su rutina diaria de caf\u00e9 con un toque de excelencia italiana.<\/p>\n<\/p><\/div>\n","protected":false},"excerpt":{"rendered":"<p>\ud83d\udfe5 DATE PRISA \ud83d\udfe5 #Publicidad #Amazon #16 \ud83d\udd34 Caf\u00e9 Kit \u2705 AHORA 15.81 \u20ac \u2714\ufe0f\ud83d\udfe1 \u274c Antes 22.90 \u20ac \ud83d\uded2: https:\/\/btz.es\/5a63234 Descubre el aut\u00e9ntico sabor italiano con el Caff\u00e8 Borbone Kit, especialmente dise\u00f1ado para los amantes del buen caf\u00e9. Este kit incluye variedades selectas que garantizan una experiencia \u00fanica y deliciosa en cada taza. Perfecto [&hellip;]<\/p>\n","protected":false},"featured_media":8601,"template":"","meta":{"_gspb_post_css":""},"store":[],"product_brand":[],"product_cat":[16],"product_tag":[],"class_list":{"0":"post-8602","1":"product","2":"type-product","3":"status-publish","4":"has-post-thumbnail","6":"product_cat-sin-categorizar","8":"first","9":"instock","10":"sale","11":"shipping-taxable","12":"product-type-external"},"jetpack_sharing_enabled":true,"_links":{"self":[{"href":"https:\/\/ofertacular.com\/index.php\/wp-json\/wp\/v2\/product\/8602","targetHints":{"allow":["GET"]}}],"collection":[{"href":"https:\/\/ofertacular.com\/index.php\/wp-json\/wp\/v2\/product"}],"about":[{"href":"https:\/\/ofertacular.com\/index.php\/wp-json\/wp\/v2\/types\/product"}],"wp:featuredmedia":[{"embeddable":true,"href":"https:\/\/ofertacular.com\/index.php\/wp-json\/wp\/v2\/media\/8601"}],"wp:attachment":[{"href":"https:\/\/ofertacular.com\/index.php\/wp-json\/wp\/v2\/media?parent=8602"}],"wp:term":[{"taxonomy":"store","embeddable":true,"href":"https:\/\/ofertacular.com\/index.php\/wp-json\/wp\/v2\/store?post=8602"},{"taxonomy":"product_brand","embeddable":true,"href":"https:\/\/ofertacular.com\/index.php\/wp-json\/wp\/v2\/product_brand?post=8602"},{"taxonomy":"product_cat","embeddable":true,"href":"https:\/\/ofertacular.com\/index.php\/wp-json\/wp\/v2\/product_cat?post=8602"},{"taxonomy":"product_tag","embeddable":true,"href":"https:\/\/ofertacular.com\/index.php\/wp-json\/wp\/v2\/product_tag?post=8602"}],"curies":[{"name":"wp","href":"https:\/\/api.w.org\/{rel}","templated":true}]}}