{"id":8606,"date":"2025-10-24T10:15:24","date_gmt":"2025-10-24T08:15:24","guid":{"rendered":"https:\/\/ofertacular.com\/index.php\/producto\/pepe-jeans-18\/"},"modified":"2025-10-24T10:15:24","modified_gmt":"2025-10-24T08:15:24","slug":"pepe-jeans-18","status":"publish","type":"product","link":"https:\/\/ofertacular.com\/index.php\/producto\/pepe-jeans-18\/","title":{"rendered":"Pepe Jeans"},"content":{"rendered":"<div class=\"oferta-container\">\n<p>\ud83d\udfe5 <b>\u00a1OFERT\u00d3N!<\/b> \ud83d\udfe5 #Publicidad #Amazon #16<\/p>\n<p>\ud83d\udd34 <b>Jeans Pepe <\/b><\/p>\n<p>\u2705 <b>AHORA 18.49 \u20ac<\/b> \u2714\ufe0f\ud83d\udfe1<\/p>\n<p>\u274c Antes 55.00 \u20ac<\/p>\n<p>\ud83d\uded2: <a href=\"https:\/\/btz.es\/5a6UWXZ\" target=\"_blank\" rel=\"nofollow noopener\">https:\/\/btz.es\/5a6UWXZ<\/a><\/p>\n<p>Descubre la calidad y estilo inconfundible de Pepe Jeans, la marca l\u00edder en moda denim para todos los gustos. Nuestros jeans combinan comodidad, dise\u00f1o innovador y durabilidad, perfectos para cualquier ocasi\u00f3n. Ampl\u00eda tu armario con Pepe Jeans y disfruta de una prenda que potencia tu estilo personal y te acompa\u00f1a en cada paso.<\/p>\n<\/p><\/div>\n","protected":false},"excerpt":{"rendered":"<p>\ud83d\udfe5 \u00a1OFERT\u00d3N! \ud83d\udfe5 #Publicidad #Amazon #16 \ud83d\udd34 Jeans Pepe \u2705 AHORA 18.49 \u20ac \u2714\ufe0f\ud83d\udfe1 \u274c Antes 55.00 \u20ac \ud83d\uded2: https:\/\/btz.es\/5a6UWXZ Descubre la calidad y estilo inconfundible de Pepe Jeans, la marca l\u00edder en moda denim para todos los gustos. Nuestros jeans combinan comodidad, dise\u00f1o innovador y durabilidad, perfectos para cualquier ocasi\u00f3n. Ampl\u00eda tu armario con [&hellip;]<\/p>\n","protected":false},"featured_media":8605,"template":"","meta":{"_gspb_post_css":""},"store":[],"product_brand":[],"product_cat":[16],"product_tag":[],"class_list":{"0":"post-8606","1":"product","2":"type-product","3":"status-publish","4":"has-post-thumbnail","6":"product_cat-sin-categorizar","8":"first","9":"instock","10":"sale","11":"shipping-taxable","12":"product-type-external"},"jetpack_sharing_enabled":true,"_links":{"self":[{"href":"https:\/\/ofertacular.com\/index.php\/wp-json\/wp\/v2\/product\/8606","targetHints":{"allow":["GET"]}}],"collection":[{"href":"https:\/\/ofertacular.com\/index.php\/wp-json\/wp\/v2\/product"}],"about":[{"href":"https:\/\/ofertacular.com\/index.php\/wp-json\/wp\/v2\/types\/product"}],"wp:featuredmedia":[{"embeddable":true,"href":"https:\/\/ofertacular.com\/index.php\/wp-json\/wp\/v2\/media\/8605"}],"wp:attachment":[{"href":"https:\/\/ofertacular.com\/index.php\/wp-json\/wp\/v2\/media?parent=8606"}],"wp:term":[{"taxonomy":"store","embeddable":true,"href":"https:\/\/ofertacular.com\/index.php\/wp-json\/wp\/v2\/store?post=8606"},{"taxonomy":"product_brand","embeddable":true,"href":"https:\/\/ofertacular.com\/index.php\/wp-json\/wp\/v2\/product_brand?post=8606"},{"taxonomy":"product_cat","embeddable":true,"href":"https:\/\/ofertacular.com\/index.php\/wp-json\/wp\/v2\/product_cat?post=8606"},{"taxonomy":"product_tag","embeddable":true,"href":"https:\/\/ofertacular.com\/index.php\/wp-json\/wp\/v2\/product_tag?post=8606"}],"curies":[{"name":"wp","href":"https:\/\/api.w.org\/{rel}","templated":true}]}}