{"id":8645,"date":"2025-10-26T08:17:51","date_gmt":"2025-10-26T07:17:51","guid":{"rendered":"https:\/\/ofertacular.com\/index.php\/producto\/charged-surge-8\/"},"modified":"2025-10-26T08:17:51","modified_gmt":"2025-10-26T07:17:51","slug":"charged-surge-8","status":"publish","type":"product","link":"https:\/\/ofertacular.com\/index.php\/producto\/charged-surge-8\/","title":{"rendered":"Charged Surge"},"content":{"rendered":"<div class=\"oferta-container\">\n<p>\ud83d\udfe5 <b>EXCLUSIVO<\/b> \ud83d\udfe5 #Publicidad #Amazon #16<\/p>\n<p>\ud83d\udd34 <b>Gel Energ\u00e9tico <\/b><\/p>\n<p>\u2705 <b>AHORA 34.95 \u20ac<\/b> \u2714\ufe0f\ud83d\udfe1<\/p>\n<p>\u274c Antes 42.49 \u20ac<\/p>\n<p>\ud83d\uded2: <a href=\"https:\/\/btz.es\/5aIx6tO\" target=\"_blank\" rel=\"nofollow noopener\">https:\/\/btz.es\/5aIx6tO<\/a><\/p>\n<p>Gel energ\u00e9tico Charged Surge dise\u00f1ado para deportistas que buscan un impulso r\u00e1pido y efectivo. Este gel proporciona energ\u00eda inmediata y sostenida gracias a su f\u00f3rmula avanzada, perfecta para mejorar el rendimiento en deportes de alta intensidad. F\u00e1cil de consumir y con un sabor agradable, Charged Surge es la elecci\u00f3n ideal para mantener altos niveles de energ\u00eda durante entrenamientos y competiciones. Optimizado para deportistas de resistencia y rendimiento, este gel garantiza absorci\u00f3n r\u00e1pida y potencia m\u00e1xima en cada dosis.<\/p>\n<\/p><\/div>\n","protected":false},"excerpt":{"rendered":"<p>\ud83d\udfe5 EXCLUSIVO \ud83d\udfe5 #Publicidad #Amazon #16 \ud83d\udd34 Gel Energ\u00e9tico \u2705 AHORA 34.95 \u20ac \u2714\ufe0f\ud83d\udfe1 \u274c Antes 42.49 \u20ac \ud83d\uded2: https:\/\/btz.es\/5aIx6tO Gel energ\u00e9tico Charged Surge dise\u00f1ado para deportistas que buscan un impulso r\u00e1pido y efectivo. Este gel proporciona energ\u00eda inmediata y sostenida gracias a su f\u00f3rmula avanzada, perfecta para mejorar el rendimiento en deportes de alta [&hellip;]<\/p>\n","protected":false},"featured_media":8644,"template":"","meta":{"_gspb_post_css":""},"store":[],"product_brand":[],"product_cat":[16],"product_tag":[],"class_list":{"0":"post-8645","1":"product","2":"type-product","3":"status-publish","4":"has-post-thumbnail","6":"product_cat-sin-categorizar","8":"first","9":"instock","10":"sale","11":"shipping-taxable","12":"product-type-external"},"jetpack_sharing_enabled":true,"_links":{"self":[{"href":"https:\/\/ofertacular.com\/index.php\/wp-json\/wp\/v2\/product\/8645","targetHints":{"allow":["GET"]}}],"collection":[{"href":"https:\/\/ofertacular.com\/index.php\/wp-json\/wp\/v2\/product"}],"about":[{"href":"https:\/\/ofertacular.com\/index.php\/wp-json\/wp\/v2\/types\/product"}],"wp:featuredmedia":[{"embeddable":true,"href":"https:\/\/ofertacular.com\/index.php\/wp-json\/wp\/v2\/media\/8644"}],"wp:attachment":[{"href":"https:\/\/ofertacular.com\/index.php\/wp-json\/wp\/v2\/media?parent=8645"}],"wp:term":[{"taxonomy":"store","embeddable":true,"href":"https:\/\/ofertacular.com\/index.php\/wp-json\/wp\/v2\/store?post=8645"},{"taxonomy":"product_brand","embeddable":true,"href":"https:\/\/ofertacular.com\/index.php\/wp-json\/wp\/v2\/product_brand?post=8645"},{"taxonomy":"product_cat","embeddable":true,"href":"https:\/\/ofertacular.com\/index.php\/wp-json\/wp\/v2\/product_cat?post=8645"},{"taxonomy":"product_tag","embeddable":true,"href":"https:\/\/ofertacular.com\/index.php\/wp-json\/wp\/v2\/product_tag?post=8645"}],"curies":[{"name":"wp","href":"https:\/\/api.w.org\/{rel}","templated":true}]}}