{"id":8649,"date":"2025-10-27T08:15:50","date_gmt":"2025-10-27T07:15:50","guid":{"rendered":"https:\/\/ofertacular.com\/index.php\/producto\/nestle-nesquik-cacao\/"},"modified":"2025-10-27T08:15:50","modified_gmt":"2025-10-27T07:15:50","slug":"nestle-nesquik-cacao","status":"publish","type":"product","link":"https:\/\/ofertacular.com\/index.php\/producto\/nestle-nesquik-cacao\/","title":{"rendered":"NESTL\u00c9 NESQUIK Cacao"},"content":{"rendered":"<div class=\"oferta-container\">\n<p>\ud83d\udfe5 <b>ES UN CHOLL\u00d3N<\/b> \ud83d\udfe5 #Publicidad #Amazon #16<\/p>\n<p>\ud83d\udd34 <b>Cacao Nesquik <\/b><\/p>\n<p>\u2705 <b>AHORA 0.79 \u20ac<\/b> \u2714\ufe0f\ud83d\udfe1<\/p>\n<p>\u274c Antes 1.59 \u20ac<\/p>\n<p>\ud83d\uded2: <a href=\"https:\/\/btz.es\/5aOn6Ul\" target=\"_blank\" rel=\"nofollow noopener\">https:\/\/btz.es\/5aOn6Ul<\/a><\/p>\n<p>Disfruta del aut\u00e9ntico sabor del cacao con Nesquik de Nestl\u00e9, la bebida favorita para todas las edades que ofrece un delicioso y nutritivo complemento para tus desayunos y meriendas. Su f\u00f3rmula \u00fanica garantiza un sabor intenso y una disoluci\u00f3n r\u00e1pida, ideal para preparar una bebida caliente o fr\u00eda y llena de energ\u00eda. Optimizado para quienes buscan calidad y sabor en un producto confiable y reconocido mundialmente.<\/p>\n<\/p><\/div>\n","protected":false},"excerpt":{"rendered":"<p>\ud83d\udfe5 ES UN CHOLL\u00d3N \ud83d\udfe5 #Publicidad #Amazon #16 \ud83d\udd34 Cacao Nesquik \u2705 AHORA 0.79 \u20ac \u2714\ufe0f\ud83d\udfe1 \u274c Antes 1.59 \u20ac \ud83d\uded2: https:\/\/btz.es\/5aOn6Ul Disfruta del aut\u00e9ntico sabor del cacao con Nesquik de Nestl\u00e9, la bebida favorita para todas las edades que ofrece un delicioso y nutritivo complemento para tus desayunos y meriendas. Su f\u00f3rmula \u00fanica garantiza [&hellip;]<\/p>\n","protected":false},"featured_media":8648,"template":"","meta":{"_gspb_post_css":""},"store":[],"product_brand":[],"product_cat":[16],"product_tag":[],"class_list":{"0":"post-8649","1":"product","2":"type-product","3":"status-publish","4":"has-post-thumbnail","6":"product_cat-sin-categorizar","8":"first","9":"instock","10":"sale","11":"shipping-taxable","12":"product-type-external"},"jetpack_sharing_enabled":true,"_links":{"self":[{"href":"https:\/\/ofertacular.com\/index.php\/wp-json\/wp\/v2\/product\/8649","targetHints":{"allow":["GET"]}}],"collection":[{"href":"https:\/\/ofertacular.com\/index.php\/wp-json\/wp\/v2\/product"}],"about":[{"href":"https:\/\/ofertacular.com\/index.php\/wp-json\/wp\/v2\/types\/product"}],"wp:featuredmedia":[{"embeddable":true,"href":"https:\/\/ofertacular.com\/index.php\/wp-json\/wp\/v2\/media\/8648"}],"wp:attachment":[{"href":"https:\/\/ofertacular.com\/index.php\/wp-json\/wp\/v2\/media?parent=8649"}],"wp:term":[{"taxonomy":"store","embeddable":true,"href":"https:\/\/ofertacular.com\/index.php\/wp-json\/wp\/v2\/store?post=8649"},{"taxonomy":"product_brand","embeddable":true,"href":"https:\/\/ofertacular.com\/index.php\/wp-json\/wp\/v2\/product_brand?post=8649"},{"taxonomy":"product_cat","embeddable":true,"href":"https:\/\/ofertacular.com\/index.php\/wp-json\/wp\/v2\/product_cat?post=8649"},{"taxonomy":"product_tag","embeddable":true,"href":"https:\/\/ofertacular.com\/index.php\/wp-json\/wp\/v2\/product_tag?post=8649"}],"curies":[{"name":"wp","href":"https:\/\/api.w.org\/{rel}","templated":true}]}}